{"id":12583,"date":"2026-02-27T00:14:36","date_gmt":"2026-02-27T00:14:36","guid":{"rendered":"https:\/\/nordicmart.andreevmaster.com\/product\/songmics-kosmetikkoffer-for-resor\/"},"modified":"2026-02-27T08:08:35","modified_gmt":"2026-02-27T08:08:35","slug":"songmics-kosmetikkoffer-for-resor","status":"publish","type":"product","link":"https:\/\/nordicmart.andreevmaster.com\/sv\/produkt\/songmics-kosmetikkoffer-for-resor\/","title":{"rendered":"SONGMICS Kosmetikkoffer f\u00f6r resor"},"content":{"rendered":"<p>Utm\u00e4rker sig genom l\u00e5ng livsl\u00e4ngd Slitstarka MDF-skivor, robust ABS-plastyta och stabila aluminiumlister \u2013 denna kosmetiska resv\u00e4ska lovar l\u00e5ng livsl\u00e4ngd. Rymmer mycket I f\u00f6rvaringsutrymmet, som \u00e4r f\u00f6rsett med flexibla skiljev\u00e4ggar, kan du f\u00f6rvara din smink eller andra accessoarer p\u00e5 ett ordnat s\u00e4tt. Dessutom har v\u00e4skan tv\u00e5 l\u00e5s s\u00e5 att du enkelt kan l\u00e5sa den f\u00f6r att skydda dina v\u00e4rdesaker fr\u00e5n obeh\u00f6riga. Produktdetaljer: &#8211; F\u00e4rg: svart &#8211; Material: MDF (medeldensitetsfiberplatta), aluminium, ABS-plast &#8211; Storlek: 30 x 24 x 19 cm (L x B x H) &#8211; Vikt: 1,7 kg Leveransomfattning:- 1 x kosmetikv\u00e4ska &#8211; 2 x nycklar SONGMICS Anvisningar: &#8211; Uts\u00e4tt inte produkten f\u00f6r direkt solljus. &#8211; Undvik att produkten kommer i kontakt med vassa eller spetsiga f\u00f6rem\u00e5l f\u00f6r att undvika skador. &#8211; Nycklarna \u00e4r mycket sm\u00e5. F\u00f6rvara dem d\u00e4rf\u00f6r utom r\u00e4ckh\u00e5ll f\u00f6r barn p\u00e5 en s\u00e4ker plats f\u00f6r att undvika h\u00e4lsorisker genom inandning eller f\u00f6rt\u00e4ring av nycklarna.<\/p>\n","protected":false},"excerpt":{"rendered":"<p>SONGMICS kosmetikv\u00e4ska, sminkv\u00e4ska f\u00f6r resor, sminkv\u00e4skor, sminkf\u00f6rvaring, f\u00f6r fris\u00f6rer och makeupartister, med uttagbar bricka, med l\u00e5s, svart JBC328B01<\/p>\n","protected":false},"featured_media":40811,"comment_status":"open","ping_status":"closed","template":"","meta":[],"product_brand":[],"product_cat":[33],"product_tag":[],"class_list":{"0":"post-12583","1":"product","2":"type-product","3":"status-publish","4":"has-post-thumbnail","6":"product_cat-okategoriserad","8":"first","9":"instock","10":"shipping-taxable","11":"purchasable","12":"product-type-simple"},"_links":{"self":[{"href":"https:\/\/nordicmart.andreevmaster.com\/sv\/wp-json\/wp\/v2\/product\/12583","targetHints":{"allow":["GET"]}}],"collection":[{"href":"https:\/\/nordicmart.andreevmaster.com\/sv\/wp-json\/wp\/v2\/product"}],"about":[{"href":"https:\/\/nordicmart.andreevmaster.com\/sv\/wp-json\/wp\/v2\/types\/product"}],"replies":[{"embeddable":true,"href":"https:\/\/nordicmart.andreevmaster.com\/sv\/wp-json\/wp\/v2\/comments?post=12583"}],"wp:featuredmedia":[{"embeddable":true,"href":"https:\/\/nordicmart.andreevmaster.com\/sv\/wp-json\/wp\/v2\/media\/40811"}],"wp:attachment":[{"href":"https:\/\/nordicmart.andreevmaster.com\/sv\/wp-json\/wp\/v2\/media?parent=12583"}],"wp:term":[{"taxonomy":"product_brand","embeddable":true,"href":"https:\/\/nordicmart.andreevmaster.com\/sv\/wp-json\/wp\/v2\/product_brand?post=12583"},{"taxonomy":"product_cat","embeddable":true,"href":"https:\/\/nordicmart.andreevmaster.com\/sv\/wp-json\/wp\/v2\/product_cat?post=12583"},{"taxonomy":"product_tag","embeddable":true,"href":"https:\/\/nordicmart.andreevmaster.com\/sv\/wp-json\/wp\/v2\/product_tag?post=12583"}],"curies":[{"name":"wp","href":"https:\/\/api.w.org\/{rel}","templated":true}]}}