{"id":12581,"date":"2026-02-27T00:14:35","date_gmt":"2026-02-27T00:14:35","guid":{"rendered":"https:\/\/nordicmart.andreevmaster.com\/product\/songmics-kosmetikvaska-for-resan\/"},"modified":"2026-02-27T08:08:35","modified_gmt":"2026-02-27T08:08:35","slug":"songmics-kosmetikvaska-for-resan","status":"publish","type":"product","link":"https:\/\/nordicmart.andreevmaster.com\/sv\/produkt\/songmics-kosmetikvaska-for-resan\/","title":{"rendered":"SONGMICS Kosmetikv\u00e4ska f\u00f6r resan"},"content":{"rendered":"<p>Nu beh\u00f6ver du inte l\u00e4ngre rota i din sminkbordsl\u00e5da f\u00f6r att hitta rouge eller eyeliner under en h\u00f6g med smink. Med gott om f\u00f6rvaringsutrymme \u00e4r denna kosmetiska v\u00e4ska \u00e4ven l\u00e4mplig f\u00f6r professionella makeupartister. Kosmetik\u00e4lskare kan f\u00f6rv\u00e4nta sig f\u00f6ljande f\u00f6rdelar: &#8211; Unikt solnedg\u00e5ngsm\u00f6nster som magiskt drar blickarna till sig. &#8211; Rymlig l\u00e5da med perfekt layout. &#8211; Tillverkad av h\u00f6gkvalitativa material; aluminiumkl\u00e4dda kanter, f\u00f6rst\u00e4rkta metallh\u00f6rn; s\u00e4rskilt slitstark. &#8211; Ett &#8221;klick&#8221; h\u00f6rs n\u00e4r du \u00f6ppnar och st\u00e4nger l\u00e5dan. &#8211; Inklusive axelrem f\u00f6r enkel transport. Produktdetaljer:- F\u00e4rg: Indigo-r\u00f6d &#8211; Material: MDF (medeldensitetsfiberplatta), PVC, PE, aluminium &#8211; Storlek: 30 x 19 x 24 cm (L x B x H) &#8211; Vikt: 2,2 kg Leveransomfattning: &#8211; 1 x kosmetika-v\u00e4ska &#8211; 1 x b\u00e4rrem &#8211; 2 x nycklar SONGMICS Anm\u00e4rkningar:- Uts\u00e4tt inte produkten f\u00f6r direkt solljus. &#8211; Undvik att produkten kommer i kontakt med vassa eller spetsiga f\u00f6rem\u00e5l f\u00f6r att undvika skador. &#8211; Nycklarna \u00e4r mycket sm\u00e5. F\u00f6rvara dem d\u00e4rf\u00f6r utom r\u00e4ckh\u00e5ll f\u00f6r barn p\u00e5 en s\u00e4ker plats f\u00f6r att undvika h\u00e4lsorisker genom inandning eller f\u00f6rt\u00e4ring av nycklarna.<\/p>\n","protected":false},"excerpt":{"rendered":"<p>SONGMICS Kosmetikv\u00e4ska, sminkv\u00e4ska, sminkf\u00f6rvaring, organiserare f\u00f6r resan, f\u00f6r fris\u00f6rer och makeupartister, s\u00f6mnadsutrustning, l\u00e5sbar l\u00e5da med b\u00e4rrem, indigor\u00f6d JBC322QR<\/p>\n","protected":false},"featured_media":40809,"comment_status":"open","ping_status":"closed","template":"","meta":[],"product_brand":[],"product_cat":[33],"product_tag":[],"class_list":{"0":"post-12581","1":"product","2":"type-product","3":"status-publish","4":"has-post-thumbnail","6":"product_cat-okategoriserad","8":"first","9":"instock","10":"shipping-taxable","11":"purchasable","12":"product-type-simple"},"_links":{"self":[{"href":"https:\/\/nordicmart.andreevmaster.com\/sv\/wp-json\/wp\/v2\/product\/12581","targetHints":{"allow":["GET"]}}],"collection":[{"href":"https:\/\/nordicmart.andreevmaster.com\/sv\/wp-json\/wp\/v2\/product"}],"about":[{"href":"https:\/\/nordicmart.andreevmaster.com\/sv\/wp-json\/wp\/v2\/types\/product"}],"replies":[{"embeddable":true,"href":"https:\/\/nordicmart.andreevmaster.com\/sv\/wp-json\/wp\/v2\/comments?post=12581"}],"wp:featuredmedia":[{"embeddable":true,"href":"https:\/\/nordicmart.andreevmaster.com\/sv\/wp-json\/wp\/v2\/media\/40809"}],"wp:attachment":[{"href":"https:\/\/nordicmart.andreevmaster.com\/sv\/wp-json\/wp\/v2\/media?parent=12581"}],"wp:term":[{"taxonomy":"product_brand","embeddable":true,"href":"https:\/\/nordicmart.andreevmaster.com\/sv\/wp-json\/wp\/v2\/product_brand?post=12581"},{"taxonomy":"product_cat","embeddable":true,"href":"https:\/\/nordicmart.andreevmaster.com\/sv\/wp-json\/wp\/v2\/product_cat?post=12581"},{"taxonomy":"product_tag","embeddable":true,"href":"https:\/\/nordicmart.andreevmaster.com\/sv\/wp-json\/wp\/v2\/product_tag?post=12581"}],"curies":[{"name":"wp","href":"https:\/\/api.w.org\/{rel}","templated":true}]}}