{"id":12580,"date":"2026-02-27T00:14:35","date_gmt":"2026-02-27T00:14:35","guid":{"rendered":"https:\/\/nordicmart.andreevmaster.com\/product\/songmics-professionell-kosmetika-vaska-svart\/"},"modified":"2026-02-27T08:08:35","modified_gmt":"2026-02-27T08:08:35","slug":"songmics-professionell-kosmetika-vaska-svart","status":"publish","type":"product","link":"https:\/\/nordicmart.andreevmaster.com\/sv\/produkt\/songmics-professionell-kosmetika-vaska-svart\/","title":{"rendered":"SONGMICS Professionell kosmetika-v\u00e4ska Svart"},"content":{"rendered":"<p>Nu beh\u00f6ver du inte l\u00e4ngre rota i l\u00e5dorna i ditt sminkbord f\u00f6r att hitta rouge eller eyeliner. Det sparar tid och framf\u00f6r allt nerver, s\u00e4rskilt p\u00e5 morgonen. F\u00f6rvara dina kosmetika p\u00e5 ett ordnat s\u00e4tt: Ordna l\u00e4ppstift, penslar, puder, mascara, nagellack, eyeliner och liknande p\u00e5 de tv\u00e5 \u00f6vre, dragspelsliknande niv\u00e5erna i sminkv\u00e4skan. Det nedre facket \u00e4r perfekt f\u00f6r st\u00f6rre f\u00f6rem\u00e5l som UV-lampor eller h\u00e5rtorkar. Med denna sminkv\u00e4ska kan smink\u00e4lskare inte g\u00e5 fel. Passar \u00e4ven f\u00f6r sytillbeh\u00f6r: En borttappad n\u00e5l kan skada m\u00e4nniskor, till och med allvarligt, om till exempel ett barn kryper omkring p\u00e5 golvet. F\u00f6rvara d\u00e4rf\u00f6r dina sytillbeh\u00f6r i denna v\u00e4ska och gl\u00f6m inte att l\u00e5sa den.\u00c4r du proffs?\uff1a\u00c4ven f\u00f6r professionella kosmetologer \u00e4r denna sminkv\u00e4ska ett fantastiskt val. Den praktiska axelremmen g\u00f6r att du kan transportera ditt smink fr\u00e5n A till B utan att anv\u00e4nda h\u00e4nderna. Om dina kosmetika tillsammans v\u00e4ger mycket rekommenderar vi dock att du ocks\u00e5 tittar p\u00e5 v\u00e5ra sminkvagnar.Produktdetaljer: F\u00e4rg: Svart Material: MDF (medeldensitetsfiberplatta), ABS-plast, aluminium Storlek: 36 x 22 x 25 cm (L x B x H) Vikt: 2,6 kg Leveransomfattning: 1 x kosmetisk v\u00e4ska 2 x nycklar 1 x axelrem SONGMICS Anm\u00e4rkningar: Uts\u00e4tt inte produkten f\u00f6r direkt solljus.Nycklarna \u00e4r mycket sm\u00e5. F\u00f6rvara dem d\u00e4rf\u00f6r utom r\u00e4ckh\u00e5ll f\u00f6r barn f\u00f6r att undvika h\u00e4lsorisker, till exempel genom att barnen sv\u00e4ljer nycklarna.<\/p>\n","protected":false},"excerpt":{"rendered":"<p>SONGMICS kosmetikaff\u00e4r, sminkl\u00e5da, sk\u00f6nhetsv\u00e4ska f\u00f6r fris\u00f6rer, kosmetologer, makeupartister och maskeringstekniker, f\u00f6r sytillbeh\u00f6r, l\u00e5sbar kosmetikaff\u00e4r med axelrem, svart JBC321BKV1<\/p>\n","protected":false},"featured_media":40808,"comment_status":"open","ping_status":"closed","template":"","meta":[],"product_brand":[],"product_cat":[33],"product_tag":[],"class_list":{"0":"post-12580","1":"product","2":"type-product","3":"status-publish","4":"has-post-thumbnail","6":"product_cat-okategoriserad","8":"first","9":"instock","10":"shipping-taxable","11":"purchasable","12":"product-type-simple"},"_links":{"self":[{"href":"https:\/\/nordicmart.andreevmaster.com\/sv\/wp-json\/wp\/v2\/product\/12580","targetHints":{"allow":["GET"]}}],"collection":[{"href":"https:\/\/nordicmart.andreevmaster.com\/sv\/wp-json\/wp\/v2\/product"}],"about":[{"href":"https:\/\/nordicmart.andreevmaster.com\/sv\/wp-json\/wp\/v2\/types\/product"}],"replies":[{"embeddable":true,"href":"https:\/\/nordicmart.andreevmaster.com\/sv\/wp-json\/wp\/v2\/comments?post=12580"}],"wp:featuredmedia":[{"embeddable":true,"href":"https:\/\/nordicmart.andreevmaster.com\/sv\/wp-json\/wp\/v2\/media\/40808"}],"wp:attachment":[{"href":"https:\/\/nordicmart.andreevmaster.com\/sv\/wp-json\/wp\/v2\/media?parent=12580"}],"wp:term":[{"taxonomy":"product_brand","embeddable":true,"href":"https:\/\/nordicmart.andreevmaster.com\/sv\/wp-json\/wp\/v2\/product_brand?post=12580"},{"taxonomy":"product_cat","embeddable":true,"href":"https:\/\/nordicmart.andreevmaster.com\/sv\/wp-json\/wp\/v2\/product_cat?post=12580"},{"taxonomy":"product_tag","embeddable":true,"href":"https:\/\/nordicmart.andreevmaster.com\/sv\/wp-json\/wp\/v2\/product_tag?post=12580"}],"curies":[{"name":"wp","href":"https:\/\/api.w.org\/{rel}","templated":true}]}}