{"id":12579,"date":"2026-02-27T00:14:35","date_gmt":"2026-02-27T00:14:35","guid":{"rendered":"https:\/\/nordicmart.andreevmaster.com\/product\/professionell-kosmetikask-svart\/"},"modified":"2026-02-27T08:08:34","modified_gmt":"2026-02-27T08:08:34","slug":"professionell-kosmetikask-svart","status":"publish","type":"product","link":"https:\/\/nordicmart.andreevmaster.com\/sv\/produkt\/professionell-kosmetikask-svart\/","title":{"rendered":"Professionell kosmetikask svart"},"content":{"rendered":"<p>Det \u00e4r \u00e4ntligen slut med att rota igenom l\u00e5dorna p\u00e5 toalettbordet f\u00f6r att hitta rouge eller eyeliner. Det sparar tid och framf\u00f6r allt nerver, s\u00e4rskilt p\u00e5 morgonen:Organisera l\u00e4ppstift, penslar, puder, mascara, nagellack, eyeliner och annan kosmetika p\u00e5 de tv\u00e5 \u00f6versta, harmonikaliknande niv\u00e5erna i sminkv\u00e4skan. Det nederste rummet \u00e4r idealiskt f\u00f6r st\u00f6rre f\u00f6rem\u00e5l som UV-lampor eller h\u00e5rtorkar. Makeup\u00e4lskare g\u00e5r definitivt inte fel med denna makeupv\u00e4ska, som ocks\u00e5 \u00e4r l\u00e4mplig f\u00f6r sysaker: En f\u00f6rlorad n\u00e5l kan skada m\u00e4nniskor, till och med allvarligt, om till exempel en baby kryper runt p\u00e5 golvet. F\u00f6rvara d\u00e4rf\u00f6r ditt syset i denna v\u00e4ska och gl\u00f6m inte att l\u00e5sa den. \u00c4r du professionell kosmetolog? Med den praktiska axelremmen kan du transportera din makeup fr\u00e5n A till B utan att anv\u00e4nda h\u00e4nderna, men om din kosmetika v\u00e4ger mycket tillsammans rekommenderar vi att du ocks\u00e5 tittar p\u00e5 v\u00e5ra makeup-vagnar. Produktdetaljer: F\u00e4rg: Svart Material: MDF (medium density fibreboard), ABS-plast, aluminium Storlek: 36 x 22 x 25 cm (L x B x H) Vikt: 2,6 kg Leveransomfattning: 1 x kosmetikv\u00e4ska 2 x nycklar 1 x axelrem SONGICs r\u00e5d: Uts\u00e4tt inte produkten f\u00f6r direkt solljus. Nycklarna \u00e4r mycket sm\u00e5. F\u00f6rvara dem d\u00e4rf\u00f6r utom r\u00e4ckh\u00e5ll f\u00f6r barn f\u00f6r att undvika h\u00e4lsorisker, t.ex. att sv\u00e4lja nycklarna.<\/p>\n","protected":false},"excerpt":{"rendered":"<p>Det \u00e4r \u00e4ntligen slut med att rota igenom l\u00e5dorna p\u00e5 toalettbordet f\u00f6r att hitta rouge eller eyeliner. Det sparar tid och framf\u00f6r allt nerver, s\u00e4rskilt p\u00e5 morgonen:Organisera l\u00e4ppstift, penslar, puder, mascara, nagellack, eyeliner och annan kosmetika p\u00e5 de tv\u00e5 \u00f6versta, harmonikaliknande niv\u00e5erna i sminkv\u00e4skan. Det nederste rummet \u00e4r idealiskt f\u00f6r st\u00f6rre f\u00f6rem\u00e5l som UV-lampor eller [&hellip;]<\/p>\n","protected":false},"featured_media":0,"comment_status":"open","ping_status":"closed","template":"","meta":[],"product_brand":[],"product_cat":[33],"product_tag":[],"class_list":{"0":"post-12579","1":"product","2":"type-product","3":"status-publish","5":"product_cat-okategoriserad","7":"first","8":"instock","9":"shipping-taxable","10":"product-type-simple"},"_links":{"self":[{"href":"https:\/\/nordicmart.andreevmaster.com\/sv\/wp-json\/wp\/v2\/product\/12579","targetHints":{"allow":["GET"]}}],"collection":[{"href":"https:\/\/nordicmart.andreevmaster.com\/sv\/wp-json\/wp\/v2\/product"}],"about":[{"href":"https:\/\/nordicmart.andreevmaster.com\/sv\/wp-json\/wp\/v2\/types\/product"}],"replies":[{"embeddable":true,"href":"https:\/\/nordicmart.andreevmaster.com\/sv\/wp-json\/wp\/v2\/comments?post=12579"}],"wp:attachment":[{"href":"https:\/\/nordicmart.andreevmaster.com\/sv\/wp-json\/wp\/v2\/media?parent=12579"}],"wp:term":[{"taxonomy":"product_brand","embeddable":true,"href":"https:\/\/nordicmart.andreevmaster.com\/sv\/wp-json\/wp\/v2\/product_brand?post=12579"},{"taxonomy":"product_cat","embeddable":true,"href":"https:\/\/nordicmart.andreevmaster.com\/sv\/wp-json\/wp\/v2\/product_cat?post=12579"},{"taxonomy":"product_tag","embeddable":true,"href":"https:\/\/nordicmart.andreevmaster.com\/sv\/wp-json\/wp\/v2\/product_tag?post=12579"}],"curies":[{"name":"wp","href":"https:\/\/api.w.org\/{rel}","templated":true}]}}