{"id":12578,"date":"2026-02-27T00:14:34","date_gmt":"2026-02-27T00:14:34","guid":{"rendered":"https:\/\/nordicmart.andreevmaster.com\/product\/songmics-kosmetikvaska-rosa-silver\/"},"modified":"2026-02-27T08:08:34","modified_gmt":"2026-02-27T08:08:34","slug":"songmics-kosmetikvaska-rosa-silver","status":"publish","type":"product","link":"https:\/\/nordicmart.andreevmaster.com\/sv\/produkt\/songmics-kosmetikvaska-rosa-silver\/","title":{"rendered":"SONGMICS kosmetikv\u00e4ska rosa-silver"},"content":{"rendered":"<p>Anvisningar: &#8211; Hantera produkten f\u00f6rsiktigt f\u00f6r att undvika st\u00f6tar eller fall. Ej tv\u00e4ttbar, torka av med en fuktig trasa f\u00f6r reng\u00f6ring. &#8211; Innan du st\u00e4nger m\u00e5ste du rikta in sp\u00e5ret mot fj\u00e4dern p\u00e5 kofferten kant. &#8211; F\u00f6r att st\u00e4nga kofferten korrekt, l\u00e4gg inte f\u00f6r h\u00f6ga f\u00f6rem\u00e5l i den. &#8211; Innan du k\u00f6per, kontrollera de exakta yttre och inre m\u00e5tten p\u00e5 kofferten p\u00e5 webbplatsen s\u00e5 att du f\u00e5r en kosmetikkoffert som passar. Om du har fr\u00e5gor \u00e4r du v\u00e4lkommen att kontakta oss. Produktdetaljer: &#8211; Material: Metallram av aluminiumlist, bekl\u00e4dnad av ABS, E1 MDF-skiva, innerfoder av paraplytyg, utf\u00e4llbara fack av ABS &#8211; M\u00e5tt: &#8211; Produktm\u00e5tt: 36 x 28 x 23 cm (B x H x D) &#8211; M\u00e5tt p\u00e5 utf\u00e4llbart fack: 31 x 4 x 10 cm (B x H x D) &#8211; M\u00e5tt p\u00e5 det nedre facket: 33,5 x 13,8 x 21,3 cm (B x H x D) &#8211; Nettovikt: 3 kg &#8211; Bruttovikt: 3,4 kg &#8211; F\u00e4rg: silverrosa Leveransomfattning:- 1x kosmetika-v\u00e4ska &#8211; 2x nycklar<\/p>\n","protected":false},"excerpt":{"rendered":"<p>SONGMICS Kosmetikv\u00e4ska Sminkv\u00e4ska Sminkf\u00f6rvaring Beauty Case Sminkv\u00e4ska Multiv\u00e4ska Etagev\u00e4ska med diamantm\u00f6nster Silverrosa 36 x 28 x 23 cm JBC319P<\/p>\n","protected":false},"featured_media":40807,"comment_status":"open","ping_status":"closed","template":"","meta":[],"product_brand":[],"product_cat":[33],"product_tag":[],"class_list":{"0":"post-12578","1":"product","2":"type-product","3":"status-publish","4":"has-post-thumbnail","6":"product_cat-okategoriserad","8":"first","9":"instock","10":"shipping-taxable","11":"purchasable","12":"product-type-simple"},"_links":{"self":[{"href":"https:\/\/nordicmart.andreevmaster.com\/sv\/wp-json\/wp\/v2\/product\/12578","targetHints":{"allow":["GET"]}}],"collection":[{"href":"https:\/\/nordicmart.andreevmaster.com\/sv\/wp-json\/wp\/v2\/product"}],"about":[{"href":"https:\/\/nordicmart.andreevmaster.com\/sv\/wp-json\/wp\/v2\/types\/product"}],"replies":[{"embeddable":true,"href":"https:\/\/nordicmart.andreevmaster.com\/sv\/wp-json\/wp\/v2\/comments?post=12578"}],"wp:featuredmedia":[{"embeddable":true,"href":"https:\/\/nordicmart.andreevmaster.com\/sv\/wp-json\/wp\/v2\/media\/40807"}],"wp:attachment":[{"href":"https:\/\/nordicmart.andreevmaster.com\/sv\/wp-json\/wp\/v2\/media?parent=12578"}],"wp:term":[{"taxonomy":"product_brand","embeddable":true,"href":"https:\/\/nordicmart.andreevmaster.com\/sv\/wp-json\/wp\/v2\/product_brand?post=12578"},{"taxonomy":"product_cat","embeddable":true,"href":"https:\/\/nordicmart.andreevmaster.com\/sv\/wp-json\/wp\/v2\/product_cat?post=12578"},{"taxonomy":"product_tag","embeddable":true,"href":"https:\/\/nordicmart.andreevmaster.com\/sv\/wp-json\/wp\/v2\/product_tag?post=12578"}],"curies":[{"name":"wp","href":"https:\/\/api.w.org\/{rel}","templated":true}]}}