{"id":12576,"date":"2026-02-27T00:14:34","date_gmt":"2026-02-27T00:14:34","guid":{"rendered":"https:\/\/nordicmart.andreevmaster.com\/product\/songmics-kosmetikkoffer-svart-transparent\/"},"modified":"2026-02-27T08:08:34","modified_gmt":"2026-02-27T08:08:34","slug":"songmics-kosmetikkoffer-svart-transparent","status":"publish","type":"product","link":"https:\/\/nordicmart.andreevmaster.com\/sv\/produkt\/songmics-kosmetikkoffer-svart-transparent\/","title":{"rendered":"SONGMICS Kosmetikkoffer Svart transparent"},"content":{"rendered":"<p>Anvisningar: Hantera produkten f\u00f6rsiktigt f\u00f6r att undvika st\u00f6tar eller fall. Ej tv\u00e4ttbar, torka av med en fuktig trasa. Innan du st\u00e4nger v\u00e4skan m\u00e5ste du rikta in sp\u00e5ret mot fj\u00e4dern p\u00e5 v\u00e4skans kant.F\u00f6r att st\u00e4nga v\u00e4skan korrekt, l\u00e4gg inte f\u00f6r h\u00f6ga f\u00f6rem\u00e5l i den. Kontrollera de exakta yttre och inre m\u00e5tten p\u00e5 v\u00e4skan p\u00e5 webbplatsen innan du k\u00f6per den, s\u00e5 att du f\u00e5r en kosmetisk v\u00e4ska som passar. Kontakta oss g\u00e4rna om du har n\u00e5gra fr\u00e5gor. Produktdetaljer: Material: Aluminium, akrylglas och ABS-plast, E1-MDF, paraplytyg M\u00e5tt (totalt): 30 x 23,5 x 20 cm (B x H x D)Inre m\u00e5tt p\u00e5 det nedre facket: 28,5 x 7,3 x 18,5 cm (B x H x D)Inre m\u00e5tt p\u00e5 det utf\u00e4llbara facket: 17,8 x 3 x 13,3 cm (B x H x D) M\u00e5tt p\u00e5 l\u00e5da: 25 x 3,7 x 17 cm (B x H x D) Nettovikt: 2,9 kg Bruttovikt: 3,3 kg F\u00e4rg: svart Leveransomfattning: 1 x kosmetikv\u00e4ska 2 x nycklar<\/p>\n","protected":false},"excerpt":{"rendered":"<p>SONGMICS kosmetika-v\u00e4ska, kosmetika-koffert, professionell kosmetika-f\u00f6rvaring, multikoffert, vikbar, transparent akrylglas, fack XL JBC318B<\/p>\n","protected":false},"featured_media":40805,"comment_status":"open","ping_status":"closed","template":"","meta":[],"product_brand":[],"product_cat":[33],"product_tag":[],"class_list":{"0":"post-12576","1":"product","2":"type-product","3":"status-publish","4":"has-post-thumbnail","6":"product_cat-okategoriserad","8":"first","9":"instock","10":"shipping-taxable","11":"purchasable","12":"product-type-simple"},"_links":{"self":[{"href":"https:\/\/nordicmart.andreevmaster.com\/sv\/wp-json\/wp\/v2\/product\/12576","targetHints":{"allow":["GET"]}}],"collection":[{"href":"https:\/\/nordicmart.andreevmaster.com\/sv\/wp-json\/wp\/v2\/product"}],"about":[{"href":"https:\/\/nordicmart.andreevmaster.com\/sv\/wp-json\/wp\/v2\/types\/product"}],"replies":[{"embeddable":true,"href":"https:\/\/nordicmart.andreevmaster.com\/sv\/wp-json\/wp\/v2\/comments?post=12576"}],"wp:featuredmedia":[{"embeddable":true,"href":"https:\/\/nordicmart.andreevmaster.com\/sv\/wp-json\/wp\/v2\/media\/40805"}],"wp:attachment":[{"href":"https:\/\/nordicmart.andreevmaster.com\/sv\/wp-json\/wp\/v2\/media?parent=12576"}],"wp:term":[{"taxonomy":"product_brand","embeddable":true,"href":"https:\/\/nordicmart.andreevmaster.com\/sv\/wp-json\/wp\/v2\/product_brand?post=12576"},{"taxonomy":"product_cat","embeddable":true,"href":"https:\/\/nordicmart.andreevmaster.com\/sv\/wp-json\/wp\/v2\/product_cat?post=12576"},{"taxonomy":"product_tag","embeddable":true,"href":"https:\/\/nordicmart.andreevmaster.com\/sv\/wp-json\/wp\/v2\/product_tag?post=12576"}],"curies":[{"name":"wp","href":"https:\/\/api.w.org\/{rel}","templated":true}]}}