{"id":12575,"date":"2026-02-27T00:14:34","date_gmt":"2026-02-27T00:14:34","guid":{"rendered":"https:\/\/nordicmart.andreevmaster.com\/product\/songmics-kosmetika-vaska-kroko-svart\/"},"modified":"2026-02-27T08:08:34","modified_gmt":"2026-02-27T08:08:34","slug":"songmics-kosmetika-vaska-kroko-svart","status":"publish","type":"product","link":"https:\/\/nordicmart.andreevmaster.com\/sv\/produkt\/songmics-kosmetika-vaska-kroko-svart\/","title":{"rendered":"SONGMICS kosmetika-v\u00e4ska \u201dKroko\u201d svart"},"content":{"rendered":"<p>Dina stora v\u00e4skor? Och hittar du aldrig r\u00e4tt n\u00e4r du beh\u00f6ver dem? D\u00e5 \u00e4r Songmics sminkv\u00e4ska perfekt f\u00f6r dig! Det svarta konstl\u00e4dret i elegant krokodiloptik med svarta aluminiumlister ger sminkv\u00e4ska ett enkelt men elegant utseende. Det EVA-vadderade foder f\u00f6r facken skyddar inneh\u00e5llet mot st\u00f6tar och repor. Den erbjuder ocks\u00e5 stort f\u00f6rvaringsutrymme, framf\u00f6r allt tack vare de sm\u00e5 facken som syns n\u00e4r man \u00f6ppnar den. Tre niv\u00e5er i v\u00e4skan r\u00e4cker f\u00f6r dina behov f\u00f6r att sortera alla tillbeh\u00f6r och ha allt till hands. Anvisningar: &#8211; De tv\u00e5 sidolocken \u00e4r r\u00e4fflade vid \u00f6ppningskanten. Rikta f\u00f6rst de tv\u00e5 aluminiumlisterna och st\u00e4ng sedan. &#8211; L\u00e4gg inte f\u00f6rem\u00e5l som \u00e4r h\u00f6gre \u00e4n 4,5 cm i de \u00f6versta facken. &#8211; F\u00f6r att du ska f\u00e5 en kosmetisk v\u00e4ska som passar, v\u00e4nligen kontrollera m\u00e5tten p\u00e5 de inre facken innan du best\u00e4ller. Kontakta oss om du har n\u00e5gra fr\u00e5gor. Produktdetaljer: &#8211; Material: &#8211; Ram: MDF-skiva + aluminiumlister + metallh\u00f6rn &#8211; Kl\u00e4dsel: PU med krokodilm\u00f6nster &#8211; Innerfoder: EVA + sammet &#8211; Handtag: f\u00f6rkromad ABS-plast + gummi &#8211; Totala m\u00e5tt: 35 x 28,5 x 22 cm (B x H x D) &#8211; M\u00e5tt p\u00e5 utf\u00e4llbart fack (4 x): 28,5 x 3 x 8 cm (B x H x D) &#8211; M\u00e5tt p\u00e5 nedre f\u00f6rvaringsutrymme: 33 x 14 x 20 cm (B x H x D) Leveransomfattning: &#8211; 1 x kosmetika-v\u00e4ska &#8211; 1 x b\u00e4rrem &#8211; 2 x nycklar<\/p>\n","protected":false},"excerpt":{"rendered":"<p>SONGMICS Kosmetikkoffer Multikoffer Etagenkoffer 35 x 28,5 x 22 cm JBC315B<\/p>\n","protected":false},"featured_media":40804,"comment_status":"open","ping_status":"closed","template":"","meta":[],"product_brand":[],"product_cat":[33],"product_tag":[],"class_list":{"0":"post-12575","1":"product","2":"type-product","3":"status-publish","4":"has-post-thumbnail","6":"product_cat-okategoriserad","8":"first","9":"instock","10":"shipping-taxable","11":"purchasable","12":"product-type-simple"},"_links":{"self":[{"href":"https:\/\/nordicmart.andreevmaster.com\/sv\/wp-json\/wp\/v2\/product\/12575","targetHints":{"allow":["GET"]}}],"collection":[{"href":"https:\/\/nordicmart.andreevmaster.com\/sv\/wp-json\/wp\/v2\/product"}],"about":[{"href":"https:\/\/nordicmart.andreevmaster.com\/sv\/wp-json\/wp\/v2\/types\/product"}],"replies":[{"embeddable":true,"href":"https:\/\/nordicmart.andreevmaster.com\/sv\/wp-json\/wp\/v2\/comments?post=12575"}],"wp:featuredmedia":[{"embeddable":true,"href":"https:\/\/nordicmart.andreevmaster.com\/sv\/wp-json\/wp\/v2\/media\/40804"}],"wp:attachment":[{"href":"https:\/\/nordicmart.andreevmaster.com\/sv\/wp-json\/wp\/v2\/media?parent=12575"}],"wp:term":[{"taxonomy":"product_brand","embeddable":true,"href":"https:\/\/nordicmart.andreevmaster.com\/sv\/wp-json\/wp\/v2\/product_brand?post=12575"},{"taxonomy":"product_cat","embeddable":true,"href":"https:\/\/nordicmart.andreevmaster.com\/sv\/wp-json\/wp\/v2\/product_cat?post=12575"},{"taxonomy":"product_tag","embeddable":true,"href":"https:\/\/nordicmart.andreevmaster.com\/sv\/wp-json\/wp\/v2\/product_tag?post=12575"}],"curies":[{"name":"wp","href":"https:\/\/api.w.org\/{rel}","templated":true}]}}