{"id":12574,"date":"2026-02-27T00:14:33","date_gmt":"2026-02-27T00:14:33","guid":{"rendered":"https:\/\/nordicmart.andreevmaster.com\/product\/songmics-smyckeskap-for-vagg-vitt\/"},"modified":"2026-02-27T08:08:34","modified_gmt":"2026-02-27T08:08:34","slug":"songmics-smyckeskap-for-vagg-vitt","status":"publish","type":"product","link":"https:\/\/nordicmart.andreevmaster.com\/sv\/produkt\/songmics-smyckeskap-for-vagg-vitt\/","title":{"rendered":"SONGMICS smyckesk\u00e5p f\u00f6r v\u00e4gg, vitt"},"content":{"rendered":"<p>Om du letar efter en kl\u00e4dspegel med f\u00f6rvaringsm\u00f6jlighet \u00e4r SONGMICS spegel- och smyckesk\u00e5p det b\u00e4sta alternativet! Detta vackra och dekorativa sk\u00e5p \u00e4r l\u00e5sbart och insidan \u00e4r kl\u00e4dd med svart sammet. I det praktiska sk\u00e5pet kan du f\u00f6rvara alla dina smycken snyggt och s\u00e4kert. Med m\u00e5nga olika krokar, fack och f\u00f6rvaringshyllor erbjuder smyckessk\u00e5pet gott om plats f\u00f6r ringar, halsband, klockor, armband och andra skatter. Det ger mer ordning och \u00f6versikt. Sk\u00e5pet kan enkelt och utan st\u00f6rre anstr\u00e4ngning f\u00e4stas p\u00e5 v\u00e4ggen. Tillbeh\u00f6ren som beh\u00f6vs f\u00f6r v\u00e4ggmontering ing\u00e5r i leveransen. Med SONGMICS spegel- och smyckesk\u00e5p kommer du att ha gl\u00e4dje av ditt k\u00f6p i m\u00e5nga \u00e5r!\u3000Produktdetaljer: &#8211; F\u00e4rg: vit &#8211; Material: milj\u00f6v\u00e4nlig MDF (medeldensitetsskiva)  &#8211; Produktm\u00e5tt: ca 36 x 120 x 9,5 cm (B x H x D) &#8211; Spegelm\u00e5tt: ca 24 x 108 cm (B x H) &#8211; F\u00f6rpackningsm\u00e5tt: ca 44,5 x 18 x 132,5 cm (B x H x D) Obs!- Spegeln \u00e4r \u00f6mt\u00e5lig, hantera den f\u00f6rsiktigt och skydda sk\u00e5pet fr\u00e5n att v\u00e4lta f\u00f6r att undvika att spegeln g\u00e5r s\u00f6nder. &#8211; Levereras utan dekoration. Leveransomfattning: &#8211; 1 x spegelsk\u00e5p (med skruvar och pluggar) &#8211; 1 x bruksanvisning (DE, FR, EN, ES, IT)<\/p>\n","protected":false},"excerpt":{"rendered":"<p>SONGMICS smyckesk\u00e5p och v\u00e4ggspegel tv\u00e5 i ett, vit, med spegel, h\u00e4ngande, spegelsk\u00e5p, v\u00e4ggmontering 36 x 120 x 9,5 cm<\/p>\n","protected":false},"featured_media":40803,"comment_status":"open","ping_status":"closed","template":"","meta":[],"product_brand":[],"product_cat":[33],"product_tag":[],"class_list":{"0":"post-12574","1":"product","2":"type-product","3":"status-publish","4":"has-post-thumbnail","6":"product_cat-okategoriserad","8":"first","9":"instock","10":"shipping-taxable","11":"purchasable","12":"product-type-simple"},"_links":{"self":[{"href":"https:\/\/nordicmart.andreevmaster.com\/sv\/wp-json\/wp\/v2\/product\/12574","targetHints":{"allow":["GET"]}}],"collection":[{"href":"https:\/\/nordicmart.andreevmaster.com\/sv\/wp-json\/wp\/v2\/product"}],"about":[{"href":"https:\/\/nordicmart.andreevmaster.com\/sv\/wp-json\/wp\/v2\/types\/product"}],"replies":[{"embeddable":true,"href":"https:\/\/nordicmart.andreevmaster.com\/sv\/wp-json\/wp\/v2\/comments?post=12574"}],"wp:featuredmedia":[{"embeddable":true,"href":"https:\/\/nordicmart.andreevmaster.com\/sv\/wp-json\/wp\/v2\/media\/40803"}],"wp:attachment":[{"href":"https:\/\/nordicmart.andreevmaster.com\/sv\/wp-json\/wp\/v2\/media?parent=12574"}],"wp:term":[{"taxonomy":"product_brand","embeddable":true,"href":"https:\/\/nordicmart.andreevmaster.com\/sv\/wp-json\/wp\/v2\/product_brand?post=12574"},{"taxonomy":"product_cat","embeddable":true,"href":"https:\/\/nordicmart.andreevmaster.com\/sv\/wp-json\/wp\/v2\/product_cat?post=12574"},{"taxonomy":"product_tag","embeddable":true,"href":"https:\/\/nordicmart.andreevmaster.com\/sv\/wp-json\/wp\/v2\/product_tag?post=12574"}],"curies":[{"name":"wp","href":"https:\/\/api.w.org\/{rel}","templated":true}]}}