{"id":12573,"date":"2026-02-27T00:14:33","date_gmt":"2026-02-27T00:14:33","guid":{"rendered":"https:\/\/nordicmart.andreevmaster.com\/product\/songmics-litet-smyckeskrin-bla\/"},"modified":"2026-02-27T08:08:33","modified_gmt":"2026-02-27T08:08:33","slug":"songmics-litet-smyckeskrin-bla","status":"publish","type":"product","link":"https:\/\/nordicmart.andreevmaster.com\/sv\/produkt\/songmics-litet-smyckeskrin-bla\/","title":{"rendered":"SONGMICS Litet smyckeskrin Bl\u00e5"},"content":{"rendered":"<p>Ultimat skydd: Det finns inget v\u00e4rre \u00e4n att beh\u00f6va reda ut ett trassligt halsband efter en l\u00e5ng flygresa. Och var \u00e4r din favorit\u00f6rh\u00e4nge? Varf\u00f6r l\u00e4gger du inte alla dina smycken i detta kompakta resesmyckeskrin? Det t\u00e5l st\u00f6tar, knuffar och andra p\u00e5frestningar under resan, s\u00e5 att dina smycken anl\u00e4nder oskadda och snyggt uppradade till destinationen.Allt du beh\u00f6ver: Tillverkad av h\u00f6gkvalitativt konstl\u00e4der, ett mjukt sammetfoder och MDF, \u00e4r denna smyckesorganiserare den mest h\u00e5llbara i sitt slag. Resen\u00e4rer och smyckes\u00e4lskare kommer ocks\u00e5 att uppskatta f\u00f6ljande f\u00f6rdelar. 6 krokar i locket f\u00f6r att h\u00e4nga upp kedjor och armband.1 sidficka f\u00f6r att f\u00f6rhindra att l\u00e5nga kedjor glider. 1 uppf\u00e4llbar dyna med 17 h\u00e5l f\u00f6r \u00f6rh\u00e4ngen. 1 dold ficka under dynan ger \u00e4nnu mer utrymme. 4 sm\u00e5 fack med en avtagbar skiljev\u00e4gg f\u00f6r \u00f6rh\u00e4ngen och h\u00e4ngen. 8 rullar f\u00f6r ringar eller manschetter.Produktdetaljer: F\u00e4rg: Vit Material: PU (polyuretan), sammet, MDF (medeldensitetsfiberplatta) Storlek: 19,7 x 12,5 x 5 cm (L x B x H) Vikt: 0,3 kg Leveransomfattning: 1 x smyckeskrin<\/p>\n","protected":false},"excerpt":{"rendered":"<p>SONGMICS smyckeskrin, resesmyckeskrin, smyckeskrin f\u00f6r kedjor, ringar, \u00f6rh\u00e4ngen, med krokar, sidficka med res\u00e5r, m\u00e5nga fack, avtagbar skiljev\u00e4gg, tryckknappsst\u00e4ngning, bl\u00e5gr\u00e5 JBC240BU<\/p>\n","protected":false},"featured_media":40802,"comment_status":"open","ping_status":"closed","template":"","meta":[],"product_brand":[],"product_cat":[33],"product_tag":[],"class_list":{"0":"post-12573","1":"product","2":"type-product","3":"status-publish","4":"has-post-thumbnail","6":"product_cat-okategoriserad","8":"first","9":"instock","10":"shipping-taxable","11":"purchasable","12":"product-type-simple"},"_links":{"self":[{"href":"https:\/\/nordicmart.andreevmaster.com\/sv\/wp-json\/wp\/v2\/product\/12573","targetHints":{"allow":["GET"]}}],"collection":[{"href":"https:\/\/nordicmart.andreevmaster.com\/sv\/wp-json\/wp\/v2\/product"}],"about":[{"href":"https:\/\/nordicmart.andreevmaster.com\/sv\/wp-json\/wp\/v2\/types\/product"}],"replies":[{"embeddable":true,"href":"https:\/\/nordicmart.andreevmaster.com\/sv\/wp-json\/wp\/v2\/comments?post=12573"}],"wp:featuredmedia":[{"embeddable":true,"href":"https:\/\/nordicmart.andreevmaster.com\/sv\/wp-json\/wp\/v2\/media\/40802"}],"wp:attachment":[{"href":"https:\/\/nordicmart.andreevmaster.com\/sv\/wp-json\/wp\/v2\/media?parent=12573"}],"wp:term":[{"taxonomy":"product_brand","embeddable":true,"href":"https:\/\/nordicmart.andreevmaster.com\/sv\/wp-json\/wp\/v2\/product_brand?post=12573"},{"taxonomy":"product_cat","embeddable":true,"href":"https:\/\/nordicmart.andreevmaster.com\/sv\/wp-json\/wp\/v2\/product_cat?post=12573"},{"taxonomy":"product_tag","embeddable":true,"href":"https:\/\/nordicmart.andreevmaster.com\/sv\/wp-json\/wp\/v2\/product_tag?post=12573"}],"curies":[{"name":"wp","href":"https:\/\/api.w.org\/{rel}","templated":true}]}}