{"id":12569,"date":"2026-02-27T00:14:32","date_gmt":"2026-02-27T00:14:32","guid":{"rendered":"https:\/\/nordicmart.andreevmaster.com\/product\/songmics-smyckeskrin-med-2-lador\/"},"modified":"2026-02-27T08:08:33","modified_gmt":"2026-02-27T08:08:33","slug":"songmics-smyckeskrin-med-2-lador","status":"publish","type":"product","link":"https:\/\/nordicmart.andreevmaster.com\/sv\/produkt\/songmics-smyckeskrin-med-2-lador\/","title":{"rendered":"SONGMICS smyckeskrin med 2 l\u00e5dor"},"content":{"rendered":"<p>Enkel \u00e5tkomst till dina smycken Du beh\u00f6ver inte rota i en kaotisk l\u00e5da f\u00f6r att hitta ett passande halsband innan du g\u00e5r till jobbet eller en dejt. Denna smyckeskrin med glaslock hj\u00e4lper dig att f\u00f6rvara alla dina smycken snyggt och l\u00e4ttillg\u00e4ngligt p\u00e5 ett st\u00e4lle. I de tv\u00e5 l\u00e5dorna, som har olika layouter, kan du f\u00f6rvara sm\u00e5 f\u00f6rem\u00e5l som du vill skydda fr\u00e5n nyfikna blickar. Present till dina n\u00e4ra och k\u00e4ra eller till dig sj\u00e4lv Tack vare sitt tilltalande utseende \u00e4r denna l\u00e5da perfekt som present till f\u00f6delsedagen, jubileet eller som en &#8221;jag \u00e4lskar dig&#8221;-\u00f6verraskning till dina n\u00e4ra och k\u00e4ra. Om du dessutom gillar denna eleganta smyckeskrin personligen, varf\u00f6r inte bara ge dig sj\u00e4lv en present? Produktdetaljer: &#8211; F\u00e4rg: Gr\u00e5 &#8211; Material: MDF (medeldensitetsfiberplatta), PU (polyuretan), sammet, glas &#8211; Storlek: 23,1 x 20,3 x 13,5 cm (L x B x H) &#8211; Vikt: 1,4 kg Leveransomfattning: &#8211; 1 x smyckeskrin<\/p>\n","protected":false},"excerpt":{"rendered":"<p>SONGMICS smyckeskrin med glaslock Smyckeskrin med 3 niv\u00e5er, smyckesl\u00e5da med 2 l\u00e5dor, smyckesf\u00f6rvaring, present till dina n\u00e4ra och k\u00e4ra, vit JBC239WT<\/p>\n","protected":false},"featured_media":40798,"comment_status":"open","ping_status":"closed","template":"","meta":[],"product_brand":[],"product_cat":[33],"product_tag":[],"class_list":{"0":"post-12569","1":"product","2":"type-product","3":"status-publish","4":"has-post-thumbnail","6":"product_cat-okategoriserad","8":"first","9":"instock","10":"shipping-taxable","11":"purchasable","12":"product-type-simple"},"_links":{"self":[{"href":"https:\/\/nordicmart.andreevmaster.com\/sv\/wp-json\/wp\/v2\/product\/12569","targetHints":{"allow":["GET"]}}],"collection":[{"href":"https:\/\/nordicmart.andreevmaster.com\/sv\/wp-json\/wp\/v2\/product"}],"about":[{"href":"https:\/\/nordicmart.andreevmaster.com\/sv\/wp-json\/wp\/v2\/types\/product"}],"replies":[{"embeddable":true,"href":"https:\/\/nordicmart.andreevmaster.com\/sv\/wp-json\/wp\/v2\/comments?post=12569"}],"wp:featuredmedia":[{"embeddable":true,"href":"https:\/\/nordicmart.andreevmaster.com\/sv\/wp-json\/wp\/v2\/media\/40798"}],"wp:attachment":[{"href":"https:\/\/nordicmart.andreevmaster.com\/sv\/wp-json\/wp\/v2\/media?parent=12569"}],"wp:term":[{"taxonomy":"product_brand","embeddable":true,"href":"https:\/\/nordicmart.andreevmaster.com\/sv\/wp-json\/wp\/v2\/product_brand?post=12569"},{"taxonomy":"product_cat","embeddable":true,"href":"https:\/\/nordicmart.andreevmaster.com\/sv\/wp-json\/wp\/v2\/product_cat?post=12569"},{"taxonomy":"product_tag","embeddable":true,"href":"https:\/\/nordicmart.andreevmaster.com\/sv\/wp-json\/wp\/v2\/product_tag?post=12569"}],"curies":[{"name":"wp","href":"https:\/\/api.w.org\/{rel}","templated":true}]}}