{"id":12560,"date":"2026-02-27T00:14:30","date_gmt":"2026-02-27T00:14:30","guid":{"rendered":"https:\/\/nordicmart.andreevmaster.com\/product\/songmics-lasbar-smyckeskrin-svart\/"},"modified":"2026-02-27T08:08:31","modified_gmt":"2026-02-27T08:08:31","slug":"songmics-lasbar-smyckeskrin-svart","status":"publish","type":"product","link":"https:\/\/nordicmart.andreevmaster.com\/sv\/produkt\/songmics-lasbar-smyckeskrin-svart\/","title":{"rendered":"SONGMICS L\u00e5sbar smyckeskrin svart"},"content":{"rendered":"<p>Varje smyckes\u00e4lskare med god smak b\u00f6r ha en elegant smyckeskrin. Till skillnad fr\u00e5n andra smyckeskrin med tunt \u00f6verdrag \u00e4r v\u00e5ra skrin tillverkade av h\u00f6gkvalitativt konstl\u00e4der som h\u00e5ller i m\u00e5nga \u00e5r. Detta skrin \u00e4r tillverkat av elegant svart konstl\u00e4der med exklusiva r\u00e4nder som g\u00f6r skrinet till ett blickf\u00e5ng oavsett var du placerar det. Din s\u00f6kning \u00e4r \u00f6ver! Med denna smyckeskrin kan du \u00e4ntligen ge dina \u00e4lskade skatter ett stilfullt hem. Skydda dina skatter och hemligheter fr\u00e5n snabba barnh\u00e4nder Du skulle s\u00e4kert inte bli glad om du kom hem fr\u00e5n jobbet och fann dina smycken hoptrasslade och smutsiga i barnrummet. Oroa dig inte! Denna l\u00e5sbara smyckeskrin h\u00e5ller dina v\u00e4rdesaker utom r\u00e4ckh\u00e5ll f\u00f6r barn. Anv\u00e4nd denna skrin f\u00f6r en s\u00f6t \u00f6verraskning F\u00f6rutom vanliga ringrullar och fack f\u00f6r \u00f6rh\u00e4ngen finns det ocks\u00e5 ett fack med ett uppf\u00e4llbart lock i denna skrin. G\u00f6m en f\u00f6rlovningsring till din \u00e4lskade h\u00e4r. Hon kommer definitivt att s\u00e4ga &#8221;ja&#8221; till ditt kreativa frieri. Produktdetaljer: F\u00e4rg: svart, beige Material: MDF (medeldensitetsfiberplatta), PU, sammet Produktstorlek: 23,8 x 20 x 9,5 cm (B x D x H) Produktvikt: 1,2 kg Leveransomfattning: 1 x smyckeskrin 1 x nyckel<\/p>\n","protected":false},"excerpt":{"rendered":"<p>SONGMICS smyckeskrin, l\u00e5sbart smyckeskrin, f\u00f6r halsband, armbandsur, fack med lock, avtagbar skiljev\u00e4gg, present till n\u00e4ra och k\u00e4ra, svart JBC235BK<\/p>\n","protected":false},"featured_media":40791,"comment_status":"open","ping_status":"closed","template":"","meta":[],"product_brand":[],"product_cat":[33],"product_tag":[],"class_list":{"0":"post-12560","1":"product","2":"type-product","3":"status-publish","4":"has-post-thumbnail","6":"product_cat-okategoriserad","8":"first","9":"instock","10":"shipping-taxable","11":"purchasable","12":"product-type-simple"},"_links":{"self":[{"href":"https:\/\/nordicmart.andreevmaster.com\/sv\/wp-json\/wp\/v2\/product\/12560","targetHints":{"allow":["GET"]}}],"collection":[{"href":"https:\/\/nordicmart.andreevmaster.com\/sv\/wp-json\/wp\/v2\/product"}],"about":[{"href":"https:\/\/nordicmart.andreevmaster.com\/sv\/wp-json\/wp\/v2\/types\/product"}],"replies":[{"embeddable":true,"href":"https:\/\/nordicmart.andreevmaster.com\/sv\/wp-json\/wp\/v2\/comments?post=12560"}],"wp:featuredmedia":[{"embeddable":true,"href":"https:\/\/nordicmart.andreevmaster.com\/sv\/wp-json\/wp\/v2\/media\/40791"}],"wp:attachment":[{"href":"https:\/\/nordicmart.andreevmaster.com\/sv\/wp-json\/wp\/v2\/media?parent=12560"}],"wp:term":[{"taxonomy":"product_brand","embeddable":true,"href":"https:\/\/nordicmart.andreevmaster.com\/sv\/wp-json\/wp\/v2\/product_brand?post=12560"},{"taxonomy":"product_cat","embeddable":true,"href":"https:\/\/nordicmart.andreevmaster.com\/sv\/wp-json\/wp\/v2\/product_cat?post=12560"},{"taxonomy":"product_tag","embeddable":true,"href":"https:\/\/nordicmart.andreevmaster.com\/sv\/wp-json\/wp\/v2\/product_tag?post=12560"}],"curies":[{"name":"wp","href":"https:\/\/api.w.org\/{rel}","templated":true}]}}