{"id":12559,"date":"2026-02-27T00:14:30","date_gmt":"2026-02-27T00:14:30","guid":{"rendered":"https:\/\/nordicmart.andreevmaster.com\/product\/songmics-smyckeskrin-med-spegel-vitt\/"},"modified":"2026-02-27T08:08:31","modified_gmt":"2026-02-27T08:08:31","slug":"songmics-smyckeskrin-med-spegel-vitt","status":"publish","type":"product","link":"https:\/\/nordicmart.andreevmaster.com\/sv\/produkt\/songmics-smyckeskrin-med-spegel-vitt\/","title":{"rendered":"SONGMICS smyckeskrin med spegel, vitt"},"content":{"rendered":"<p>Produktdetaljer: &#8211; F\u00e4rg: PU i elfenbensvitt, innerfoder i beige &#8211; Material: MDF (medeldensitetsfiberplatta), PU, sammet, glas &#8211; Produktstorlek: 22 x 16 x 10 cm (L x B x H) &#8211; Produktvikt: 0,8 kg Leveransomfattning: &#8211; 1 x smyckeskrin &#8211; 1 x nyckel<\/p>\n","protected":false},"excerpt":{"rendered":"<p>SONGMICS smyckeskrin, PU, smyckeskrin, f\u00f6rvaringsutrymme p\u00e5 2 niv\u00e5er, ett avtagbart och uppf\u00e4llbart reseskrin, med spegel p\u00e5 locket, svart JBC232BK<\/p>\n","protected":false},"featured_media":40790,"comment_status":"open","ping_status":"closed","template":"","meta":[],"product_brand":[],"product_cat":[33],"product_tag":[],"class_list":{"0":"post-12559","1":"product","2":"type-product","3":"status-publish","4":"has-post-thumbnail","6":"product_cat-okategoriserad","8":"first","9":"instock","10":"shipping-taxable","11":"purchasable","12":"product-type-simple"},"_links":{"self":[{"href":"https:\/\/nordicmart.andreevmaster.com\/sv\/wp-json\/wp\/v2\/product\/12559","targetHints":{"allow":["GET"]}}],"collection":[{"href":"https:\/\/nordicmart.andreevmaster.com\/sv\/wp-json\/wp\/v2\/product"}],"about":[{"href":"https:\/\/nordicmart.andreevmaster.com\/sv\/wp-json\/wp\/v2\/types\/product"}],"replies":[{"embeddable":true,"href":"https:\/\/nordicmart.andreevmaster.com\/sv\/wp-json\/wp\/v2\/comments?post=12559"}],"wp:featuredmedia":[{"embeddable":true,"href":"https:\/\/nordicmart.andreevmaster.com\/sv\/wp-json\/wp\/v2\/media\/40790"}],"wp:attachment":[{"href":"https:\/\/nordicmart.andreevmaster.com\/sv\/wp-json\/wp\/v2\/media?parent=12559"}],"wp:term":[{"taxonomy":"product_brand","embeddable":true,"href":"https:\/\/nordicmart.andreevmaster.com\/sv\/wp-json\/wp\/v2\/product_brand?post=12559"},{"taxonomy":"product_cat","embeddable":true,"href":"https:\/\/nordicmart.andreevmaster.com\/sv\/wp-json\/wp\/v2\/product_cat?post=12559"},{"taxonomy":"product_tag","embeddable":true,"href":"https:\/\/nordicmart.andreevmaster.com\/sv\/wp-json\/wp\/v2\/product_tag?post=12559"}],"curies":[{"name":"wp","href":"https:\/\/api.w.org\/{rel}","templated":true}]}}