{"id":12558,"date":"2026-02-27T00:14:30","date_gmt":"2026-02-27T00:14:30","guid":{"rendered":"https:\/\/nordicmart.andreevmaster.com\/product\/songmics-smyckeskrin-med-spegel-gra\/"},"modified":"2026-02-27T08:08:31","modified_gmt":"2026-02-27T08:08:31","slug":"songmics-smyckeskrin-med-spegel-gra","status":"publish","type":"product","link":"https:\/\/nordicmart.andreevmaster.com\/sv\/produkt\/songmics-smyckeskrin-med-spegel-gra\/","title":{"rendered":"SONGMICS smyckeskrin med spegel, gr\u00e5"},"content":{"rendered":"<p>SONGMICS smyckeskrin, PU, smyckeskrin, f\u00f6rvaringsutrymme p\u00e5 2 niv\u00e5er, ett avtagbart och uppf\u00e4llbart reseskrin, med spegel p\u00e5 locket, svart JBC232BK<\/p>\n","protected":false},"excerpt":{"rendered":"<p>SONGMICS smyckeskrin, PU, smyckeskrin, f\u00f6rvaringsutrymme p\u00e5 2 niv\u00e5er, ett avtagbart och uppf\u00e4llbart reseskrin, med spegel p\u00e5 locket, svart JBC232BK<\/p>\n","protected":false},"featured_media":40789,"comment_status":"open","ping_status":"closed","template":"","meta":[],"product_brand":[],"product_cat":[33],"product_tag":[],"class_list":{"0":"post-12558","1":"product","2":"type-product","3":"status-publish","4":"has-post-thumbnail","6":"product_cat-okategoriserad","8":"first","9":"instock","10":"shipping-taxable","11":"purchasable","12":"product-type-simple"},"_links":{"self":[{"href":"https:\/\/nordicmart.andreevmaster.com\/sv\/wp-json\/wp\/v2\/product\/12558","targetHints":{"allow":["GET"]}}],"collection":[{"href":"https:\/\/nordicmart.andreevmaster.com\/sv\/wp-json\/wp\/v2\/product"}],"about":[{"href":"https:\/\/nordicmart.andreevmaster.com\/sv\/wp-json\/wp\/v2\/types\/product"}],"replies":[{"embeddable":true,"href":"https:\/\/nordicmart.andreevmaster.com\/sv\/wp-json\/wp\/v2\/comments?post=12558"}],"wp:featuredmedia":[{"embeddable":true,"href":"https:\/\/nordicmart.andreevmaster.com\/sv\/wp-json\/wp\/v2\/media\/40789"}],"wp:attachment":[{"href":"https:\/\/nordicmart.andreevmaster.com\/sv\/wp-json\/wp\/v2\/media?parent=12558"}],"wp:term":[{"taxonomy":"product_brand","embeddable":true,"href":"https:\/\/nordicmart.andreevmaster.com\/sv\/wp-json\/wp\/v2\/product_brand?post=12558"},{"taxonomy":"product_cat","embeddable":true,"href":"https:\/\/nordicmart.andreevmaster.com\/sv\/wp-json\/wp\/v2\/product_cat?post=12558"},{"taxonomy":"product_tag","embeddable":true,"href":"https:\/\/nordicmart.andreevmaster.com\/sv\/wp-json\/wp\/v2\/product_tag?post=12558"}],"curies":[{"name":"wp","href":"https:\/\/api.w.org\/{rel}","templated":true}]}}