{"id":12556,"date":"2026-02-27T00:14:29","date_gmt":"2026-02-27T00:14:29","guid":{"rendered":"https:\/\/nordicmart.andreevmaster.com\/product\/songmics-kosmetiktui-krokodilmonster-svart\/"},"modified":"2026-02-27T08:08:30","modified_gmt":"2026-02-27T08:08:30","slug":"songmics-kosmetiktui-krokodilmonster-svart","status":"publish","type":"product","link":"https:\/\/nordicmart.andreevmaster.com\/sv\/produkt\/songmics-kosmetiktui-krokodilmonster-svart\/","title":{"rendered":"SONGMICS kosmetiktui krokodilm\u00f6nster svart"},"content":{"rendered":"<p>En vacker, elegant och tidl\u00f6s smyckesv\u00e4ska! &#8211; Denna eleganta smyckesv\u00e4ska \u00f6vertygar inte bara med sin eleganta design, utan ocks\u00e5 med sin geniala indelning och h\u00f6ga funktionalitet. Kanterna och h\u00f6rnen \u00e4r f\u00f6rst\u00e4rkta och v\u00e4lgjorda, vilket lovar l\u00e5ng livsl\u00e4ngd. Bekl\u00e4dnaden med krokodilm\u00f6nster och de silverf\u00e4rgade aluminiumlisterna ger kosmetikv\u00e4skan en modern och stilfull charm.Det dragspelsformade facket har 4 sm\u00e5 och 1 stort f\u00f6rvaringsfack f\u00f6r olika smycken. Med 8 underdelar kan dina smycken f\u00f6rvaras snyggt och utrymmesbesparande, dessutom h\u00e5ller v\u00e4skan dina skatter alltid till hands. &#8211; Den eleganta kosmetikv\u00e4skan fr\u00e5n Songmics \u00e4r snyggt tillverkad och l\u00e4tt att reng\u00f6ra och \u00e4r ett m\u00e5ste f\u00f6r alla smyckes\u00e4lskare. Anvisningar: 1. Innan du st\u00e4nger v\u00e4skan m\u00e5ste du rikta in sp\u00e5ret p\u00e5 fj\u00e4dern p\u00e5 kanten av v\u00e4skan. 2. F\u00f6r att st\u00e4nga v\u00e4skan ordentligt, l\u00e4gg inte f\u00f6r h\u00f6ga f\u00f6rem\u00e5l i den. 3. M\u00e5ttangivelserna \u00e4r m\u00e4tta f\u00f6r hand, sm\u00e5 avvikelser kan f\u00f6rekomma. 4. Det kan h\u00e4nda att artikeln luktar \u201dnytt\u201d n\u00e4r du packar upp den. Men denna lukt f\u00f6rsvinner senare n\u00e4r du placerar v\u00e4skan i ett ventilerat rum. 5. Innan du k\u00f6per, l\u00e4s de exakta m\u00e5tten p\u00e5 v\u00e4skan p\u00e5 webbplatsen, produktdetaljer: &#8211; Material: MDF-skiva + konstl\u00e4der med krokodilm\u00f6nster + ABS + aluminiumlist + sammet + plast &#8211; Produktm\u00e5tt: 36,5 x 35 x 22 cm (B x H x D) M\u00e5tt p\u00e5 innerfacken: 31,5 x 3,5 x 9 cm (B x H x D) (4 x )- F\u00e4rg: svart- Nettovikt: 2,8 kgLeveransomfattning:- 1 x kosmetikv\u00e4ska- 1 x b\u00e4rrem- 2 x nycklar<\/p>\n","protected":false},"excerpt":{"rendered":"<p>SONGMICS Kosmetikv\u00e4ska, sminkv\u00e4ska, sminkv\u00e4skor, sk\u00f6nhetsv\u00e4ska, f\u00f6rvaring f\u00f6r smink, nagellack, lila, JBC229<\/p>\n","protected":false},"featured_media":40787,"comment_status":"open","ping_status":"closed","template":"","meta":[],"product_brand":[],"product_cat":[33],"product_tag":[],"class_list":{"0":"post-12556","1":"product","2":"type-product","3":"status-publish","4":"has-post-thumbnail","6":"product_cat-okategoriserad","8":"first","9":"instock","10":"shipping-taxable","11":"purchasable","12":"product-type-simple"},"_links":{"self":[{"href":"https:\/\/nordicmart.andreevmaster.com\/sv\/wp-json\/wp\/v2\/product\/12556","targetHints":{"allow":["GET"]}}],"collection":[{"href":"https:\/\/nordicmart.andreevmaster.com\/sv\/wp-json\/wp\/v2\/product"}],"about":[{"href":"https:\/\/nordicmart.andreevmaster.com\/sv\/wp-json\/wp\/v2\/types\/product"}],"replies":[{"embeddable":true,"href":"https:\/\/nordicmart.andreevmaster.com\/sv\/wp-json\/wp\/v2\/comments?post=12556"}],"wp:featuredmedia":[{"embeddable":true,"href":"https:\/\/nordicmart.andreevmaster.com\/sv\/wp-json\/wp\/v2\/media\/40787"}],"wp:attachment":[{"href":"https:\/\/nordicmart.andreevmaster.com\/sv\/wp-json\/wp\/v2\/media?parent=12556"}],"wp:term":[{"taxonomy":"product_brand","embeddable":true,"href":"https:\/\/nordicmart.andreevmaster.com\/sv\/wp-json\/wp\/v2\/product_brand?post=12556"},{"taxonomy":"product_cat","embeddable":true,"href":"https:\/\/nordicmart.andreevmaster.com\/sv\/wp-json\/wp\/v2\/product_cat?post=12556"},{"taxonomy":"product_tag","embeddable":true,"href":"https:\/\/nordicmart.andreevmaster.com\/sv\/wp-json\/wp\/v2\/product_tag?post=12556"}],"curies":[{"name":"wp","href":"https:\/\/api.w.org\/{rel}","templated":true}]}}