{"id":12554,"date":"2026-02-27T00:14:29","date_gmt":"2026-02-27T00:14:29","guid":{"rendered":"https:\/\/nordicmart.andreevmaster.com\/product\/songmics-kompakt-kosmetiktui-lila\/"},"modified":"2026-02-27T08:08:30","modified_gmt":"2026-02-27T08:08:30","slug":"songmics-kompakt-kosmetiktui-lila","status":"publish","type":"product","link":"https:\/\/nordicmart.andreevmaster.com\/sv\/produkt\/songmics-kompakt-kosmetiktui-lila\/","title":{"rendered":"SONGMICS kompakt kosmetiktui lila"},"content":{"rendered":"<p>Oavsett om det \u00e4r f\u00f6r professionella makeupartister eller f\u00f6r privat bruk, \u00e4r kosmetika-v\u00e4skan l\u00e4mplig f\u00f6r alla. Den erbjuder perfekta f\u00f6rvaringsstrategier: Alla dina sminkutensilier f\u00f6rvaras p\u00e5 ett och samma st\u00e4lle, s\u00e5 att du inte beh\u00f6ver leta efter l\u00e4ppstift, eyeliner och liknande.F\u00f6r hemmet och p\u00e5 resan Det eleganta utseendet g\u00f6r denna sminkv\u00e4ska till ett riktigt blickf\u00e5ng i ditt sovrum. Tack vare aluminiumlisterna och MDF-skivorna \u00e4r den dessutom robust och l\u00e4tt. Dessutom kan du ta med den \u00f6verallt med hj\u00e4lp av b\u00e4rhandtaget eller axelremmen. En utm\u00e4rkt presentid\u00e9 Allt, inte bara smink, kan f\u00f6rvaras i denna l\u00e5da. Gillar din mamma att brodera eller sticka? Ge henne denna v\u00e4ska som f\u00f6rvaring f\u00f6r hennes sytillbeh\u00f6r. Hon kommer s\u00e4kert att bli j\u00e4tteglad. \u00c4ven f\u00f6r hobbykonstn\u00e4rer erbjuder v\u00e4skan tillr\u00e4ckligt med utrymme f\u00f6r f\u00e4rger och penslar. Var ska man f\u00f6rvara sm\u00e5 verktyg eller mediciner som ofta anv\u00e4nds hemma? Svaret p\u00e5 den fr\u00e5gan \u00e4r v\u00e5r v\u00e4ska! Produktdetaljer: &#8211; F\u00e4rg: lila &#8211; Material: aluminiumlister, MDF-skivor, ABS, plast &#8211; Totala m\u00e5tt: 36,7 x 25 x 22,5 cm (B x H x D) &#8211; M\u00e5tt p\u00e5 det utdragbara facket: 31,5 x 3,5 x 9 cm (B x H x D) &#8211; M\u00e5tt p\u00e5 facket i nedre delen: 30,5 x 12 x 20 cm (B x H x D) &#8211; Vikt: 3 kg Leveransomfattning:- 1 x kosmetikkoffert &#8211; 2 x nycklar &#8211; 1 x axelrem SONGIMCS Anm\u00e4rkningar: &#8211; Kontrollera produktens storlek noggrant innan du k\u00f6per den. &#8211; Boxens uppf\u00e4llbara sidor har konvexa-konkava fogar som passar exakt ihop. Rikta in de b\u00e5da sidorna mot varandra n\u00e4r du st\u00e4nger koffertet. &#8211; Det kan h\u00e4nda att produkten har en svag lukt n\u00e4r du packar upp den. I s\u00e5 fall kan du placera den i ett v\u00e4lventilerat rum s\u00e5 att lukten f\u00f6rsvinner efter en kort stund.<\/p>\n","protected":false},"excerpt":{"rendered":"<p>SONGMICS kosmetikaff\u00e4r XXL stor f\u00f6r bagage JBC228P<\/p>\n","protected":false},"featured_media":40785,"comment_status":"open","ping_status":"closed","template":"","meta":[],"product_brand":[],"product_cat":[33],"product_tag":[],"class_list":{"0":"post-12554","1":"product","2":"type-product","3":"status-publish","4":"has-post-thumbnail","6":"product_cat-okategoriserad","8":"first","9":"instock","10":"shipping-taxable","11":"purchasable","12":"product-type-simple"},"_links":{"self":[{"href":"https:\/\/nordicmart.andreevmaster.com\/sv\/wp-json\/wp\/v2\/product\/12554","targetHints":{"allow":["GET"]}}],"collection":[{"href":"https:\/\/nordicmart.andreevmaster.com\/sv\/wp-json\/wp\/v2\/product"}],"about":[{"href":"https:\/\/nordicmart.andreevmaster.com\/sv\/wp-json\/wp\/v2\/types\/product"}],"replies":[{"embeddable":true,"href":"https:\/\/nordicmart.andreevmaster.com\/sv\/wp-json\/wp\/v2\/comments?post=12554"}],"wp:featuredmedia":[{"embeddable":true,"href":"https:\/\/nordicmart.andreevmaster.com\/sv\/wp-json\/wp\/v2\/media\/40785"}],"wp:attachment":[{"href":"https:\/\/nordicmart.andreevmaster.com\/sv\/wp-json\/wp\/v2\/media?parent=12554"}],"wp:term":[{"taxonomy":"product_brand","embeddable":true,"href":"https:\/\/nordicmart.andreevmaster.com\/sv\/wp-json\/wp\/v2\/product_brand?post=12554"},{"taxonomy":"product_cat","embeddable":true,"href":"https:\/\/nordicmart.andreevmaster.com\/sv\/wp-json\/wp\/v2\/product_cat?post=12554"},{"taxonomy":"product_tag","embeddable":true,"href":"https:\/\/nordicmart.andreevmaster.com\/sv\/wp-json\/wp\/v2\/product_tag?post=12554"}],"curies":[{"name":"wp","href":"https:\/\/api.w.org\/{rel}","templated":true}]}}