{"id":12552,"date":"2026-02-27T00:14:29","date_gmt":"2026-02-27T00:14:29","guid":{"rendered":"https:\/\/nordicmart.andreevmaster.com\/product\/songmics-liten-kosmetika-vaska-svart\/"},"modified":"2026-02-27T08:08:30","modified_gmt":"2026-02-27T08:08:30","slug":"songmics-liten-kosmetika-vaska-svart","status":"publish","type":"product","link":"https:\/\/nordicmart.andreevmaster.com\/sv\/produkt\/songmics-liten-kosmetika-vaska-svart\/","title":{"rendered":"SONGMICS Liten kosmetika-v\u00e4ska Svart"},"content":{"rendered":"<p>En vacker, elegant och tidl\u00f6s smyckesv\u00e4ska! Denna eleganta smyckesv\u00e4ska \u00f6vertygar inte bara med sin eleganta design, utan ocks\u00e5 med sin geniala indelning och h\u00f6ga funktionalitet. Kanterna och h\u00f6rnen \u00e4r f\u00f6rst\u00e4rkta, de silverf\u00e4rgade g\u00e5ngj\u00e4rnen \u00e4r v\u00e4lgjorda och lovar l\u00e5ng livsl\u00e4ngd. Robusta aluminiumlister och den ABS-kornade ytan ger kosmetika-v\u00e4skan en speciell charm, elegant och praktisk. Den erbjuder tillr\u00e4ckligt med utrymme f\u00f6r olika smycken och h\u00e5ller dina skatter alltid till hands. Allt \u00e4r ordnat och f\u00f6rvarat p\u00e5 ett utrymmesbesparande s\u00e4tt. Den eleganta kosmetika-v\u00e4skan fr\u00e5n SONGMICS \u00e4r snyggt tillverkad och l\u00e4tt att reng\u00f6ra och \u00e4r ett m\u00e5ste f\u00f6r alla smyckes\u00e4lskare.Anvisningar: 1. Innan du st\u00e4nger v\u00e4skan m\u00e5ste du rikta in sp\u00e5ret p\u00e5 fj\u00e4dern p\u00e5 kanten av v\u00e4skan korrekt. 2. F\u00f6r att st\u00e4nga v\u00e4skan korrekt, l\u00e4gg inte f\u00f6r h\u00f6ga f\u00f6rem\u00e5l i den. 3. M\u00e5ttangivelserna \u00e4r uppm\u00e4tta f\u00f6r hand, sm\u00e5 avvikelser kan f\u00f6rekomma. 4. Det kan h\u00e4nda att artikeln luktar &#8221;nytt&#8221; n\u00e4r du packar upp den. Men denna lukt f\u00f6rsvinner senare n\u00e4r du placerar v\u00e4skan i ett ventilerat rum. 5. Innan du k\u00f6per, l\u00e4s de exakta m\u00e5tten p\u00e5 v\u00e4skan p\u00e5 webbplatsen s\u00e5 att du f\u00e5r en kosmetisk v\u00e4ska som passar. Produktdetaljer:- Material: Auleiste + MDF-skiva + ABS + sammet &#8211; M\u00e5tt: Produktm\u00e5tt: 30,5 x 24 x 20 cm (B x H x D) M\u00e5tt p\u00e5 innerfacken: 17 x 3 x 13 cm (B x H x D) M\u00e5tt p\u00e5 det nedersta facket: 28 x 8 x 18,5 cm (B x H x D) &#8211; F\u00e4rg: svart &#8211; Nettovikt: 2,6 kg Leveransomfattning: &#8211; 1 x kosmetika-v\u00e4ska &#8211; 1 x b\u00e4rrem &#8211; 2 x nycklar<\/p>\n","protected":false},"excerpt":{"rendered":"<p>SONGMICS aluminiumsk\u00f6nhetsv\u00e4ska, kosmetikv\u00e4ska, sminkv\u00e4ska, svart JBC225B<\/p>\n","protected":false},"featured_media":40784,"comment_status":"open","ping_status":"closed","template":"","meta":[],"product_brand":[],"product_cat":[33],"product_tag":[],"class_list":{"0":"post-12552","1":"product","2":"type-product","3":"status-publish","4":"has-post-thumbnail","6":"product_cat-okategoriserad","8":"first","9":"instock","10":"shipping-taxable","11":"purchasable","12":"product-type-simple"},"_links":{"self":[{"href":"https:\/\/nordicmart.andreevmaster.com\/sv\/wp-json\/wp\/v2\/product\/12552","targetHints":{"allow":["GET"]}}],"collection":[{"href":"https:\/\/nordicmart.andreevmaster.com\/sv\/wp-json\/wp\/v2\/product"}],"about":[{"href":"https:\/\/nordicmart.andreevmaster.com\/sv\/wp-json\/wp\/v2\/types\/product"}],"replies":[{"embeddable":true,"href":"https:\/\/nordicmart.andreevmaster.com\/sv\/wp-json\/wp\/v2\/comments?post=12552"}],"wp:featuredmedia":[{"embeddable":true,"href":"https:\/\/nordicmart.andreevmaster.com\/sv\/wp-json\/wp\/v2\/media\/40784"}],"wp:attachment":[{"href":"https:\/\/nordicmart.andreevmaster.com\/sv\/wp-json\/wp\/v2\/media?parent=12552"}],"wp:term":[{"taxonomy":"product_brand","embeddable":true,"href":"https:\/\/nordicmart.andreevmaster.com\/sv\/wp-json\/wp\/v2\/product_brand?post=12552"},{"taxonomy":"product_cat","embeddable":true,"href":"https:\/\/nordicmart.andreevmaster.com\/sv\/wp-json\/wp\/v2\/product_cat?post=12552"},{"taxonomy":"product_tag","embeddable":true,"href":"https:\/\/nordicmart.andreevmaster.com\/sv\/wp-json\/wp\/v2\/product_tag?post=12552"}],"curies":[{"name":"wp","href":"https:\/\/api.w.org\/{rel}","templated":true}]}}