{"id":12551,"date":"2026-02-27T00:14:28","date_gmt":"2026-02-27T00:14:28","guid":{"rendered":"https:\/\/nordicmart.andreevmaster.com\/product\/songmics-liten-kosmetisk-vaska-svart-lila\/"},"modified":"2026-02-27T08:08:29","modified_gmt":"2026-02-27T08:08:29","slug":"songmics-liten-kosmetisk-vaska-svart-lila","status":"publish","type":"product","link":"https:\/\/nordicmart.andreevmaster.com\/sv\/produkt\/songmics-liten-kosmetisk-vaska-svart-lila\/","title":{"rendered":"SONGMICS Liten kosmetisk v\u00e4ska svart-lila"},"content":{"rendered":"<p>En vacker, elegant och tidl\u00f6s smyckeskrin! Denna eleganta smyckeskrin \u00f6vertygar inte bara med sin eleganta design, utan ocks\u00e5 med sin geniala indelning och h\u00f6ga funktionalitet. Svart konstl\u00e4der med aluminiumlister i lila ger kosmetiska v\u00e4skan en speciell charm, elegant och praktisk p\u00e5 samma g\u00e5ng. Den erbjuder tillr\u00e4ckligt med utrymme f\u00f6r olika smycken och h\u00e5ller dina skatter alltid till hands. Allt \u00e4r ordnat och f\u00f6rvaras p\u00e5 ett utrymmesbesparande s\u00e4tt. Utrustad med en spegel och 2 f\u00e4llbara l\u00e5s. Den eleganta kosmetiska v\u00e4skan fr\u00e5n Songmics \u00e4r snyggt tillverkad och l\u00e4tt att reng\u00f6ra och \u00e4r ett m\u00e5ste f\u00f6r alla smyckes\u00e4lskare.  Anvisningar:  1. Innan du st\u00e4nger m\u00e5ste du rikta in sp\u00e5ret p\u00e5 fj\u00e4dern p\u00e5 kofferten korrekt. 2. F\u00f6r att st\u00e4nga kofferten korrekt, l\u00e4gg inte f\u00f6r h\u00f6ga f\u00f6rem\u00e5l i den. 3. M\u00e5ttangivelserna \u00e4r m\u00e4tta f\u00f6r hand, sm\u00e5 avvikelser kan f\u00f6rekomma. 4. Det kan h\u00e4nda att artikeln luktar &#8221;nytt&#8221; n\u00e4r du packar upp den. Men denna lukt f\u00f6rsvinner senare n\u00e4r du placerar v\u00e4skan i ett ventilerat rum. 5. Innan du k\u00f6per, l\u00e4s de exakta m\u00e5tten p\u00e5 v\u00e4skan p\u00e5 webbplatsen s\u00e5 att du f\u00e5r en kosmetisk v\u00e4ska som passar. Produktdetaljer: &#8211; Material: aluminiumlist + konstl\u00e4der med litchim\u00f6nster + EVA + plast + glas &#8211; M\u00e5tt: 35,5 x 25 x 24,5 cm (B x H x D) &#8211; M\u00e5tt p\u00e5 de tre \u00f6vre facken: 20,5 x 2,5 x 19,5 cm (B x H x D) &#8211; M\u00e5tt p\u00e5 den avtagbara l\u00e5dan: 10 x 12 x 8 cm (B x H x D) &#8211; F\u00e4rg: lila + svart &#8211; Nettovikt: 2,8 kg Leveransomfattning:  &#8211; 1 x kosmetika-v\u00e4ska &#8211; 1 x b\u00e4rrem &#8211; 2 x nycklar<\/p>\n","protected":false},"excerpt":{"rendered":"<p>SONGMICS Kosmetikkoffer stor professionell sminkv\u00e4ska f\u00f6r resor multiv\u00e4ska med spegel och organiseringsl\u00e5da aluminium xxl JBC221B<\/p>\n","protected":false},"featured_media":40783,"comment_status":"open","ping_status":"closed","template":"","meta":[],"product_brand":[],"product_cat":[33],"product_tag":[],"class_list":{"0":"post-12551","1":"product","2":"type-product","3":"status-publish","4":"has-post-thumbnail","6":"product_cat-okategoriserad","8":"first","9":"instock","10":"shipping-taxable","11":"purchasable","12":"product-type-simple"},"_links":{"self":[{"href":"https:\/\/nordicmart.andreevmaster.com\/sv\/wp-json\/wp\/v2\/product\/12551","targetHints":{"allow":["GET"]}}],"collection":[{"href":"https:\/\/nordicmart.andreevmaster.com\/sv\/wp-json\/wp\/v2\/product"}],"about":[{"href":"https:\/\/nordicmart.andreevmaster.com\/sv\/wp-json\/wp\/v2\/types\/product"}],"replies":[{"embeddable":true,"href":"https:\/\/nordicmart.andreevmaster.com\/sv\/wp-json\/wp\/v2\/comments?post=12551"}],"wp:featuredmedia":[{"embeddable":true,"href":"https:\/\/nordicmart.andreevmaster.com\/sv\/wp-json\/wp\/v2\/media\/40783"}],"wp:attachment":[{"href":"https:\/\/nordicmart.andreevmaster.com\/sv\/wp-json\/wp\/v2\/media?parent=12551"}],"wp:term":[{"taxonomy":"product_brand","embeddable":true,"href":"https:\/\/nordicmart.andreevmaster.com\/sv\/wp-json\/wp\/v2\/product_brand?post=12551"},{"taxonomy":"product_cat","embeddable":true,"href":"https:\/\/nordicmart.andreevmaster.com\/sv\/wp-json\/wp\/v2\/product_cat?post=12551"},{"taxonomy":"product_tag","embeddable":true,"href":"https:\/\/nordicmart.andreevmaster.com\/sv\/wp-json\/wp\/v2\/product_tag?post=12551"}],"curies":[{"name":"wp","href":"https:\/\/api.w.org\/{rel}","templated":true}]}}