{"id":12549,"date":"2026-02-27T00:14:28","date_gmt":"2026-02-27T00:14:28","guid":{"rendered":"https:\/\/nordicmart.andreevmaster.com\/product\/songmics-smyckeskrin-med-3-nivaer-svart\/"},"modified":"2026-02-27T08:08:29","modified_gmt":"2026-02-27T08:08:29","slug":"songmics-smyckeskrin-med-3-nivaer-svart","status":"publish","type":"product","link":"https:\/\/nordicmart.andreevmaster.com\/sv\/produkt\/songmics-smyckeskrin-med-3-nivaer-svart\/","title":{"rendered":"SONGMICS smyckeskrin med 3 niv\u00e5er Svart"},"content":{"rendered":"<p>Irriterar det dig att dina halsband alltid trasslar ihop sig och att dina ringar ligger och skr\u00e4par n\u00e5gonstans i l\u00e4genheten? D\u00e5 \u00e4r det dags att skaffa denna eleganta smyckesorganiserare fr\u00e5n SONGMICS f\u00f6r att f\u00f6rvara dina v\u00e4rdefulla smycken p\u00e5 ett snyggt s\u00e4tt.Skyddar alla dina accessoarer Denna smyckeskrin har m\u00e5nga fack f\u00f6r olika smycken och ser till att dina armband, ringar, \u00f6rh\u00e4ngen, halsband etc. kan f\u00f6rvaras s\u00e4kert. Det mjuka sammetfodret skyddar dina smycken fr\u00e5n repor och andra skador.\u00c4nnu mer att v\u00e4lja mellan Vi erbjuder ett stort utbud av smyckeskrin i olika storlekar och f\u00e4rger. S\u00f6k bara p\u00e5 \u201dSONGMICS smyckeskrin\u201d f\u00f6r att l\u00e4ra dig mer. Om dina v\u00e4nner ocks\u00e5 \u00e4lskar smycken skulle ett av dessa skrin vara en perfekt present, eller hur? Produktdetaljer: &#8211; F\u00e4rg: svart \u00f6verdrag, beige foder &#8211; Material: PU (polyuretan), MDF (medeldensitetsfiberplatta), sammet &#8211; Produktstorlek: 22 x 16 x 12,5 cm (L x B x H) &#8211; Storlek p\u00e5 miniboxen: 14 x 9 x 6 cm (L x B x H) &#8211; Vikt: 1,1 kg Leveransomfattning: &#8211; 1 x smyckeskrin<\/p>\n","protected":false},"excerpt":{"rendered":"<p>SONGMICS smyckeskrin med 3 niv\u00e5er, smyckesl\u00e5da, l\u00e5sbar smyckesorganiserare med spegel, med uttagbar resel\u00e5da, f\u00f6r ringar, armband, \u00f6rh\u00e4ngen, halsband, present, vit JBC213W<\/p>\n","protected":false},"featured_media":40781,"comment_status":"open","ping_status":"closed","template":"","meta":[],"product_brand":[],"product_cat":[33],"product_tag":[],"class_list":{"0":"post-12549","1":"product","2":"type-product","3":"status-publish","4":"has-post-thumbnail","6":"product_cat-okategoriserad","8":"first","9":"instock","10":"shipping-taxable","11":"purchasable","12":"product-type-simple"},"_links":{"self":[{"href":"https:\/\/nordicmart.andreevmaster.com\/sv\/wp-json\/wp\/v2\/product\/12549","targetHints":{"allow":["GET"]}}],"collection":[{"href":"https:\/\/nordicmart.andreevmaster.com\/sv\/wp-json\/wp\/v2\/product"}],"about":[{"href":"https:\/\/nordicmart.andreevmaster.com\/sv\/wp-json\/wp\/v2\/types\/product"}],"replies":[{"embeddable":true,"href":"https:\/\/nordicmart.andreevmaster.com\/sv\/wp-json\/wp\/v2\/comments?post=12549"}],"wp:featuredmedia":[{"embeddable":true,"href":"https:\/\/nordicmart.andreevmaster.com\/sv\/wp-json\/wp\/v2\/media\/40781"}],"wp:attachment":[{"href":"https:\/\/nordicmart.andreevmaster.com\/sv\/wp-json\/wp\/v2\/media?parent=12549"}],"wp:term":[{"taxonomy":"product_brand","embeddable":true,"href":"https:\/\/nordicmart.andreevmaster.com\/sv\/wp-json\/wp\/v2\/product_brand?post=12549"},{"taxonomy":"product_cat","embeddable":true,"href":"https:\/\/nordicmart.andreevmaster.com\/sv\/wp-json\/wp\/v2\/product_cat?post=12549"},{"taxonomy":"product_tag","embeddable":true,"href":"https:\/\/nordicmart.andreevmaster.com\/sv\/wp-json\/wp\/v2\/product_tag?post=12549"}],"curies":[{"name":"wp","href":"https:\/\/api.w.org\/{rel}","templated":true}]}}