{"id":12547,"date":"2026-02-27T00:14:27","date_gmt":"2026-02-27T00:14:27","guid":{"rendered":"https:\/\/nordicmart.andreevmaster.com\/product\/songmics-dubbelskiktad-smyckeskrin-med-spegel-och-flexibelt-fack-molnvit\/"},"modified":"2026-02-27T08:08:29","modified_gmt":"2026-02-27T08:08:29","slug":"songmics-dubbelskiktad-smyckeskrin-med-spegel-och-flexibelt-fack-molnvit","status":"publish","type":"product","link":"https:\/\/nordicmart.andreevmaster.com\/sv\/produkt\/songmics-dubbelskiktad-smyckeskrin-med-spegel-och-flexibelt-fack-molnvit\/","title":{"rendered":"SONGMICS dubbelskiktad smyckeskrin med spegel och flexibelt fack, molnvit"},"content":{"rendered":"<p>SONGMICS smyckeskrin med spegel, smyckeskrin med 2 niv\u00e5er, smyckesetui f\u00f6r resan, flexibelt smyckesbricka, 17,6 x 22 x 11 cm, \u00f6rh\u00e4ngesorganiserare, presentid\u00e9, molnvit JBC200W01<br \/>\nF\u00e4rg: molnvit<br \/>\nMaterial: MDF (medeldensitetsfiberplatta), papper med PU-bel\u00e4ggning, zinklegering, sammet<br \/>\nStorlek: 17,6 x 22 x 11 cm (D x B x H)<br \/>\nVikt: 0,9 kg<\/p>\n","protected":false},"excerpt":{"rendered":"<p>SONGMICS smyckeskrin med spegel, smyckeskrin med 2 niv\u00e5er, smyckesetui f\u00f6r resan, flexibelt smyckesbricka, 17,6 x 22 x 11 cm, \u00f6rh\u00e4ngesorganiserare, presentid\u00e9, molnvit JBC200W01<\/p>\n","protected":false},"featured_media":40779,"comment_status":"open","ping_status":"closed","template":"","meta":[],"product_brand":[],"product_cat":[33],"product_tag":[],"class_list":{"0":"post-12547","1":"product","2":"type-product","3":"status-publish","4":"has-post-thumbnail","6":"product_cat-okategoriserad","8":"first","9":"instock","10":"shipping-taxable","11":"purchasable","12":"product-type-simple"},"_links":{"self":[{"href":"https:\/\/nordicmart.andreevmaster.com\/sv\/wp-json\/wp\/v2\/product\/12547","targetHints":{"allow":["GET"]}}],"collection":[{"href":"https:\/\/nordicmart.andreevmaster.com\/sv\/wp-json\/wp\/v2\/product"}],"about":[{"href":"https:\/\/nordicmart.andreevmaster.com\/sv\/wp-json\/wp\/v2\/types\/product"}],"replies":[{"embeddable":true,"href":"https:\/\/nordicmart.andreevmaster.com\/sv\/wp-json\/wp\/v2\/comments?post=12547"}],"wp:featuredmedia":[{"embeddable":true,"href":"https:\/\/nordicmart.andreevmaster.com\/sv\/wp-json\/wp\/v2\/media\/40779"}],"wp:attachment":[{"href":"https:\/\/nordicmart.andreevmaster.com\/sv\/wp-json\/wp\/v2\/media?parent=12547"}],"wp:term":[{"taxonomy":"product_brand","embeddable":true,"href":"https:\/\/nordicmart.andreevmaster.com\/sv\/wp-json\/wp\/v2\/product_brand?post=12547"},{"taxonomy":"product_cat","embeddable":true,"href":"https:\/\/nordicmart.andreevmaster.com\/sv\/wp-json\/wp\/v2\/product_cat?post=12547"},{"taxonomy":"product_tag","embeddable":true,"href":"https:\/\/nordicmart.andreevmaster.com\/sv\/wp-json\/wp\/v2\/product_tag?post=12547"}],"curies":[{"name":"wp","href":"https:\/\/api.w.org\/{rel}","templated":true}]}}