{"id":12545,"date":"2026-02-27T00:14:27","date_gmt":"2026-02-27T00:14:27","guid":{"rendered":"https:\/\/nordicmart.andreevmaster.com\/product\/songmics-smyckeskrin-med-6-nivaer-svart\/"},"modified":"2026-02-27T08:08:29","modified_gmt":"2026-02-27T08:08:29","slug":"songmics-smyckeskrin-med-6-nivaer-svart","status":"publish","type":"product","link":"https:\/\/nordicmart.andreevmaster.com\/sv\/produkt\/songmics-smyckeskrin-med-6-nivaer-svart\/","title":{"rendered":"SONGMICS smyckeskrin med 6 niv\u00e5er svart"},"content":{"rendered":"<p>SONGMICS smyckeskrin 4 niv\u00e5er, stapelbar smyckesbricka, stort smyckeskrin, smyckesbox med glaslock, 17 x 28 x 18,3 cm, smyckesinsats f\u00f6r l\u00e5dor, presentid\u00e9, vit JBC164W01<br \/>\nF\u00e4rg: Bl\u00e4ksvart<br \/>\nMaterial: MDF (medeldensitetsfiberplatta), PU (polyuretan), sammet<br \/>\nStorlek<br \/>\nTotal storlek (med metallhandtagets tjocklek): 17 x 28 x 25,3 cm (D x B x H)<br \/>\n1:a niv\u00e5n: 17 x 28 x 4 cm (D x B x H)<br \/>\n2:a\/3:e\/4:e\/5:e niv\u00e5n: 17 x 28 x 3,5 cm (D x B x H)<br \/>\nDen 6:e niv\u00e5n: 17 x 28 x 6 cm (D x B x H)<br \/>\nVikt: 2,5 kg<\/p>\n","protected":false},"excerpt":{"rendered":"<p>SONGMICS smyckeskrin 4 niv\u00e5er, stapelbar smyckesbricka, stort smyckeskrin, smyckesbox med glaslock, 17 x 28 x 18,3 cm, smyckesinsats f\u00f6r l\u00e5dor, presentid\u00e9, vit JBC164W01<\/p>\n","protected":false},"featured_media":40777,"comment_status":"open","ping_status":"closed","template":"","meta":[],"product_brand":[],"product_cat":[33],"product_tag":[],"class_list":{"0":"post-12545","1":"product","2":"type-product","3":"status-publish","4":"has-post-thumbnail","6":"product_cat-okategoriserad","8":"first","9":"instock","10":"shipping-taxable","11":"purchasable","12":"product-type-simple"},"_links":{"self":[{"href":"https:\/\/nordicmart.andreevmaster.com\/sv\/wp-json\/wp\/v2\/product\/12545","targetHints":{"allow":["GET"]}}],"collection":[{"href":"https:\/\/nordicmart.andreevmaster.com\/sv\/wp-json\/wp\/v2\/product"}],"about":[{"href":"https:\/\/nordicmart.andreevmaster.com\/sv\/wp-json\/wp\/v2\/types\/product"}],"replies":[{"embeddable":true,"href":"https:\/\/nordicmart.andreevmaster.com\/sv\/wp-json\/wp\/v2\/comments?post=12545"}],"wp:featuredmedia":[{"embeddable":true,"href":"https:\/\/nordicmart.andreevmaster.com\/sv\/wp-json\/wp\/v2\/media\/40777"}],"wp:attachment":[{"href":"https:\/\/nordicmart.andreevmaster.com\/sv\/wp-json\/wp\/v2\/media?parent=12545"}],"wp:term":[{"taxonomy":"product_brand","embeddable":true,"href":"https:\/\/nordicmart.andreevmaster.com\/sv\/wp-json\/wp\/v2\/product_brand?post=12545"},{"taxonomy":"product_cat","embeddable":true,"href":"https:\/\/nordicmart.andreevmaster.com\/sv\/wp-json\/wp\/v2\/product_cat?post=12545"},{"taxonomy":"product_tag","embeddable":true,"href":"https:\/\/nordicmart.andreevmaster.com\/sv\/wp-json\/wp\/v2\/product_tag?post=12545"}],"curies":[{"name":"wp","href":"https:\/\/api.w.org\/{rel}","templated":true}]}}