{"id":12541,"date":"2026-02-27T00:14:26","date_gmt":"2026-02-27T00:14:26","guid":{"rendered":"https:\/\/nordicmart.andreevmaster.com\/product\/anah-collection-suuri-kapasiteetti-korut-laatikko-peili-korut-jarjestaja-laatikko-ommeltu-pu-pinta-106-x-15-x-63-tuumaa-joululahja-pilvi-valkoinen\/"},"modified":"2026-02-27T08:08:28","modified_gmt":"2026-02-27T08:08:28","slug":"anah-collection-suuri-kapasiteetti-korut-laatikko-peili-korut-jarjestaja-laatikko-ommeltu-pu-pinta-106-x-15-x-63-tuumaa-joululahja-pilvi-valkoinen","status":"publish","type":"product","link":"https:\/\/nordicmart.andreevmaster.com\/sv\/produkt\/anah-collection-suuri-kapasiteetti-korut-laatikko-peili-korut-jarjestaja-laatikko-ommeltu-pu-pinta-106-x-15-x-63-tuumaa-joululahja-pilvi-valkoinen\/","title":{"rendered":"ANAH Collection Suuri kapasiteetti korut laatikko peili, korut j\u00e4rjest\u00e4j\u00e4 laatikko, ommeltu PU pinta, 10,6 x 15 x 6,3 tuumaa, joululahja, pilvi Valkoinen"},"content":{"rendered":"<p>Tyyli uudelleen m\u00e4\u00e4ritelty: SONGMICS HOME ANAH-kollektionen, den ultimata f\u00f6rvaringsl\u00f6sningen f\u00f6r smycken, har en elegant, sl\u00e4t PU-yta med intrikata s\u00f6mmar och en unik pyramidformad konstruktion som lyfter fram dina smycken och g\u00f6r dem till ett unikt blickf\u00e5ng.Rymlig, indelad f\u00f6rvaring: \u00d6ppna den utdragbara \u00f6verdelen och l\u00e5dan under den f\u00f6r att avsl\u00f6ja egna fack f\u00f6r ringar, halsband, armband och klockor. Varje f\u00f6rem\u00e5l \u00e4r elegant ordnat s\u00e5 att det \u00e4r l\u00e4ttillg\u00e4ngligt och snyggt organiserat.\u3010M\u00e5ngsidig och praktisk design\u3011Ta bort den avtagbara spegeln f\u00f6r snabb anv\u00e4ndning eller f\u00e4st den p\u00e5 mellanv\u00e4ggarna f\u00f6r omedelbar reflektion. 2 avtagbara \u00f6rh\u00e4ngestavlor och 2 klockkuddar, anv\u00e4nd anpassningsbara f\u00f6rvaringsl\u00f6sningar som \u00e4r skr\u00e4ddarsydda efter dina \u00f6nskem\u00e5l.<br \/>\nPerfekt skydd: Denna smyckeskrin med flytande botten \u00e4r tillverkad av en stabil MDF-ram och en vatten- och slitstark yta som \u00e4r l\u00e4tt att reng\u00f6ra och \u00e4r utformad f\u00f6r l\u00e5ngvarigt skydd. Det mjuka sammetfodret skyddar dina smycken fr\u00e5n repor.<br \/>\nEn elegant present: Beundra denna smyckeskrinets charm, som pryder badrummet, sovrummet, kl\u00e4dkammaren eller vardagsrummet. Den \u00e4r den perfekta presenten f\u00f6r speciella tillf\u00e4llen, idealisk f\u00f6r smyckes\u00e4lskare som uppskattar b\u00e5de stil och praktiskhet. Tekniska uppgifter: F\u00e4rger: F\u00e4rg: F\u00e4rg: Molnvit<br \/>\nMaterial: Vitt, vitt, vitt, vitt, vitt, vitt, vitt, vitt, vitt, vitt: PU (polyuretan) l\u00e4der, MDF (medelh\u00f6g densitet fiberboard), sammet, metall, glas.Produktens storlek: 10,6 &#8221;D x 15 &#8221;B x 6,3 &#8221;H (27 x 38 x 16 cm)<br \/>\nProduktens vikt: 4,5 kg (9,9 lb).<\/p>\n<p>F\u00f6rpackningens inneh\u00e5ll:<br \/>\n1 x smyckeskrin<\/p>\n","protected":false},"excerpt":{"rendered":"<p>Tyyli uudelleen m\u00e4\u00e4ritelty: SONGMICS HOME ANAH-kollektionen, den ultimata f\u00f6rvaringsl\u00f6sningen f\u00f6r smycken, har en elegant, sl\u00e4t PU-yta med intrikata s\u00f6mmar och en unik pyramidformad konstruktion som lyfter fram dina smycken och g\u00f6r dem till ett unikt blickf\u00e5ng.Rymlig, indelad f\u00f6rvaring: \u00d6ppna den utdragbara \u00f6verdelen och l\u00e5dan under den f\u00f6r att avsl\u00f6ja egna fack f\u00f6r ringar, halsband, armband [&hellip;]<\/p>\n","protected":false},"featured_media":0,"comment_status":"open","ping_status":"closed","template":"","meta":[],"product_brand":[],"product_cat":[33],"product_tag":[],"class_list":{"0":"post-12541","1":"product","2":"type-product","3":"status-publish","5":"product_cat-okategoriserad","7":"first","8":"instock","9":"shipping-taxable","10":"product-type-simple"},"_links":{"self":[{"href":"https:\/\/nordicmart.andreevmaster.com\/sv\/wp-json\/wp\/v2\/product\/12541","targetHints":{"allow":["GET"]}}],"collection":[{"href":"https:\/\/nordicmart.andreevmaster.com\/sv\/wp-json\/wp\/v2\/product"}],"about":[{"href":"https:\/\/nordicmart.andreevmaster.com\/sv\/wp-json\/wp\/v2\/types\/product"}],"replies":[{"embeddable":true,"href":"https:\/\/nordicmart.andreevmaster.com\/sv\/wp-json\/wp\/v2\/comments?post=12541"}],"wp:attachment":[{"href":"https:\/\/nordicmart.andreevmaster.com\/sv\/wp-json\/wp\/v2\/media?parent=12541"}],"wp:term":[{"taxonomy":"product_brand","embeddable":true,"href":"https:\/\/nordicmart.andreevmaster.com\/sv\/wp-json\/wp\/v2\/product_brand?post=12541"},{"taxonomy":"product_cat","embeddable":true,"href":"https:\/\/nordicmart.andreevmaster.com\/sv\/wp-json\/wp\/v2\/product_cat?post=12541"},{"taxonomy":"product_tag","embeddable":true,"href":"https:\/\/nordicmart.andreevmaster.com\/sv\/wp-json\/wp\/v2\/product_tag?post=12541"}],"curies":[{"name":"wp","href":"https:\/\/api.w.org\/{rel}","templated":true}]}}