{"id":12539,"date":"2026-02-27T00:14:26","date_gmt":"2026-02-27T00:14:26","guid":{"rendered":"https:\/\/nordicmart.andreevmaster.com\/product\/songmics-home-smyckeskrin-med-spegel-och-3-nivaer-black-svart\/"},"modified":"2026-02-27T08:08:28","modified_gmt":"2026-02-27T08:08:28","slug":"songmics-home-smyckeskrin-med-spegel-och-3-nivaer-black-svart","status":"publish","type":"product","link":"https:\/\/nordicmart.andreevmaster.com\/sv\/produkt\/songmics-home-smyckeskrin-med-spegel-och-3-nivaer-black-svart\/","title":{"rendered":"SONGMICS HOME Smyckeskrin med spegel och 3 niv\u00e5er bl\u00e4ck svart"},"content":{"rendered":"<p>SONGMICS HOME ANAH-kollektion \u2013 smyckeskrin med spegel, 3 niv\u00e5er, smyckesf\u00f6rvaring, 2 l\u00e5dor, PU med s\u00f6mmar, sv\u00e4vande effekt, 21,5 x 24 x 15,8 cm, presentid\u00e9, molnvit JBC183W01<br \/>\nF\u00e4rg: bl\u00e4ksvart<br \/>\nMaterial: PU-konstl\u00e4der (polyuretan), MDF (medeldensitetsfiberplatta), sammet, metall, glas<br \/>\nStorlek: 21,5 x 24 x 15,8 cm (D x B x H)<br \/>\nVikt: 2 kg<\/p>\n","protected":false},"excerpt":{"rendered":"<p>SONGMICS HOME ANAH-kollektion \u2013 smyckeskrin med spegel, 3 niv\u00e5er, smyckesf\u00f6rvaring, 2 l\u00e5dor, PU med s\u00f6mmar, sv\u00e4vande effekt, 21,5 x 24 x 15,8 cm, presentid\u00e9, molnvit JBC183W01<\/p>\n","protected":false},"featured_media":40772,"comment_status":"open","ping_status":"closed","template":"","meta":[],"product_brand":[],"product_cat":[33],"product_tag":[],"class_list":{"0":"post-12539","1":"product","2":"type-product","3":"status-publish","4":"has-post-thumbnail","6":"product_cat-okategoriserad","8":"first","9":"instock","10":"shipping-taxable","11":"purchasable","12":"product-type-simple"},"_links":{"self":[{"href":"https:\/\/nordicmart.andreevmaster.com\/sv\/wp-json\/wp\/v2\/product\/12539","targetHints":{"allow":["GET"]}}],"collection":[{"href":"https:\/\/nordicmart.andreevmaster.com\/sv\/wp-json\/wp\/v2\/product"}],"about":[{"href":"https:\/\/nordicmart.andreevmaster.com\/sv\/wp-json\/wp\/v2\/types\/product"}],"replies":[{"embeddable":true,"href":"https:\/\/nordicmart.andreevmaster.com\/sv\/wp-json\/wp\/v2\/comments?post=12539"}],"wp:featuredmedia":[{"embeddable":true,"href":"https:\/\/nordicmart.andreevmaster.com\/sv\/wp-json\/wp\/v2\/media\/40772"}],"wp:attachment":[{"href":"https:\/\/nordicmart.andreevmaster.com\/sv\/wp-json\/wp\/v2\/media?parent=12539"}],"wp:term":[{"taxonomy":"product_brand","embeddable":true,"href":"https:\/\/nordicmart.andreevmaster.com\/sv\/wp-json\/wp\/v2\/product_brand?post=12539"},{"taxonomy":"product_cat","embeddable":true,"href":"https:\/\/nordicmart.andreevmaster.com\/sv\/wp-json\/wp\/v2\/product_cat?post=12539"},{"taxonomy":"product_tag","embeddable":true,"href":"https:\/\/nordicmart.andreevmaster.com\/sv\/wp-json\/wp\/v2\/product_tag?post=12539"}],"curies":[{"name":"wp","href":"https:\/\/api.w.org\/{rel}","templated":true}]}}