{"id":12537,"date":"2026-02-27T00:14:25","date_gmt":"2026-02-27T00:14:25","guid":{"rendered":"https:\/\/nordicmart.andreevmaster.com\/product\/songmics-home-smyckeskrin-med-spegel-och-4-nivaer-molnvit\/"},"modified":"2026-02-27T08:08:27","modified_gmt":"2026-02-27T08:08:27","slug":"songmics-home-smyckeskrin-med-spegel-och-4-nivaer-molnvit","status":"publish","type":"product","link":"https:\/\/nordicmart.andreevmaster.com\/sv\/produkt\/songmics-home-smyckeskrin-med-spegel-och-4-nivaer-molnvit\/","title":{"rendered":"SONGMICS HOME smyckeskrin med spegel och 4 niv\u00e5er molnvit"},"content":{"rendered":"<p>SONGMICS HOME ANAH-kollektion \u2013 stapelbar smyckeskrin med spegel, 4 niv\u00e5er f\u00f6r smyckesf\u00f6rvaring, PU med s\u00f6mmar, sv\u00e4vande effekt, 17 x 28 x 20,5 cm, presentid\u00e9, bl\u00e4ck svart JBC181B01<br \/>\nProduktm\u00e5tt: 17 x 28 x 20,5 cm; 2,2 kg<br \/>\nF\u00e4rg: Molnvit<br \/>\nStil: Modern<br \/>\nYta: Lackerad<br \/>\nMaterial: PU-konstl\u00e4der (polyuretan), MDF (medeldensitetsfiberplatta), sammet, metall, glas<br \/>\nProduktvikt: 2,2 kg<\/p>\n","protected":false},"excerpt":{"rendered":"<p>SONGMICS HOME ANAH-kollektion \u2013 stapelbar smyckeskrin med spegel, 4 niv\u00e5er f\u00f6r smyckesf\u00f6rvaring, PU med s\u00f6mmar, sv\u00e4vande effekt, 17 x 28 x 20,5 cm, presentid\u00e9, bl\u00e4ck svart JBC181B01<\/p>\n","protected":false},"featured_media":40770,"comment_status":"open","ping_status":"closed","template":"","meta":[],"product_brand":[],"product_cat":[33],"product_tag":[],"class_list":{"0":"post-12537","1":"product","2":"type-product","3":"status-publish","4":"has-post-thumbnail","6":"product_cat-okategoriserad","8":"first","9":"instock","10":"shipping-taxable","11":"purchasable","12":"product-type-simple"},"_links":{"self":[{"href":"https:\/\/nordicmart.andreevmaster.com\/sv\/wp-json\/wp\/v2\/product\/12537","targetHints":{"allow":["GET"]}}],"collection":[{"href":"https:\/\/nordicmart.andreevmaster.com\/sv\/wp-json\/wp\/v2\/product"}],"about":[{"href":"https:\/\/nordicmart.andreevmaster.com\/sv\/wp-json\/wp\/v2\/types\/product"}],"replies":[{"embeddable":true,"href":"https:\/\/nordicmart.andreevmaster.com\/sv\/wp-json\/wp\/v2\/comments?post=12537"}],"wp:featuredmedia":[{"embeddable":true,"href":"https:\/\/nordicmart.andreevmaster.com\/sv\/wp-json\/wp\/v2\/media\/40770"}],"wp:attachment":[{"href":"https:\/\/nordicmart.andreevmaster.com\/sv\/wp-json\/wp\/v2\/media?parent=12537"}],"wp:term":[{"taxonomy":"product_brand","embeddable":true,"href":"https:\/\/nordicmart.andreevmaster.com\/sv\/wp-json\/wp\/v2\/product_brand?post=12537"},{"taxonomy":"product_cat","embeddable":true,"href":"https:\/\/nordicmart.andreevmaster.com\/sv\/wp-json\/wp\/v2\/product_cat?post=12537"},{"taxonomy":"product_tag","embeddable":true,"href":"https:\/\/nordicmart.andreevmaster.com\/sv\/wp-json\/wp\/v2\/product_tag?post=12537"}],"curies":[{"name":"wp","href":"https:\/\/api.w.org\/{rel}","templated":true}]}}