{"id":12532,"date":"2026-02-27T00:14:24","date_gmt":"2026-02-27T00:14:24","guid":{"rendered":"https:\/\/nordicmart.andreevmaster.com\/product\/songmics-smyckeskap-med-8-lador\/"},"modified":"2026-02-27T08:08:27","modified_gmt":"2026-02-27T08:08:27","slug":"songmics-smyckeskap-med-8-lador","status":"publish","type":"product","link":"https:\/\/nordicmart.andreevmaster.com\/sv\/produkt\/songmics-smyckeskap-med-8-lador\/","title":{"rendered":"SONGMICS smyckesk\u00e5p med 8 l\u00e5dor"},"content":{"rendered":"<p>Raffinerad f\u00f6rvaringsl\u00f6sning L\u00e5dor i olika storlekar passar dina behov. Armband, ringar, \u00f6rh\u00e4ngen, halsband, solglas\u00f6gon, klockor, h\u00e5rband och andra skrymmande accessoarer f\u00e5r sin plats. Inga fler bekymmer med irriterande omst\u00e4ndigheter vid anv\u00e4ndning Vi l\u00e4gger stor vikt vid produktens detaljer. Krokarna f\u00f6r halsband \u00e4r bredare och robustare, f\u00f6rvaringsfacken l\u00e4ngst ner ger extra f\u00f6rvaringsutrymme och skyddar \u00e4ven dina l\u00e5nga kedjor fr\u00e5n att fastna i d\u00f6rren. Tack vare spegeln i locket kan du beundra dina smycken direkt och g\u00f6ra din makeup perfekt.Kippskyddet garanterar ytterligare s\u00e4ker anv\u00e4ndning. Produktdetaljer: Produktm\u00e5tt: 39,7 x 101,2 x 27 cm (B x H x D) F\u00f6rpackningsm\u00e5tt: 109 x 35 x 48 cm Spegelns m\u00e5tt: 25 x 17,5 cm F\u00e4rg: vit Material: MDF-skivor, innerfoder av sammet Leveransomfattning 1 x smyckesk\u00e5p 1 x beslagsp\u00e5se 1 x bruksanvisning (DE, EN, IT, FR, ES)<\/p>\n","protected":false},"excerpt":{"rendered":"<p>SONGMICS smyckesk\u00e5p smyckesk\u00e5p med spegel stor kapacitet innerfoder av sammet 8 l\u00e5dor skandinavisk stil minimalistisk design MDF-skivor vit JBC17W<\/p>\n","protected":false},"featured_media":0,"comment_status":"open","ping_status":"closed","template":"","meta":[],"product_brand":[],"product_cat":[33],"product_tag":[],"class_list":{"0":"post-12532","1":"product","2":"type-product","3":"status-publish","5":"product_cat-okategoriserad","7":"first","8":"instock","9":"shipping-taxable","10":"purchasable","11":"product-type-simple"},"_links":{"self":[{"href":"https:\/\/nordicmart.andreevmaster.com\/sv\/wp-json\/wp\/v2\/product\/12532","targetHints":{"allow":["GET"]}}],"collection":[{"href":"https:\/\/nordicmart.andreevmaster.com\/sv\/wp-json\/wp\/v2\/product"}],"about":[{"href":"https:\/\/nordicmart.andreevmaster.com\/sv\/wp-json\/wp\/v2\/types\/product"}],"replies":[{"embeddable":true,"href":"https:\/\/nordicmart.andreevmaster.com\/sv\/wp-json\/wp\/v2\/comments?post=12532"}],"wp:attachment":[{"href":"https:\/\/nordicmart.andreevmaster.com\/sv\/wp-json\/wp\/v2\/media?parent=12532"}],"wp:term":[{"taxonomy":"product_brand","embeddable":true,"href":"https:\/\/nordicmart.andreevmaster.com\/sv\/wp-json\/wp\/v2\/product_brand?post=12532"},{"taxonomy":"product_cat","embeddable":true,"href":"https:\/\/nordicmart.andreevmaster.com\/sv\/wp-json\/wp\/v2\/product_cat?post=12532"},{"taxonomy":"product_tag","embeddable":true,"href":"https:\/\/nordicmart.andreevmaster.com\/sv\/wp-json\/wp\/v2\/product_tag?post=12532"}],"curies":[{"name":"wp","href":"https:\/\/api.w.org\/{rel}","templated":true}]}}