{"id":12530,"date":"2026-02-27T00:14:24","date_gmt":"2026-02-27T00:14:24","guid":{"rendered":"https:\/\/nordicmart.andreevmaster.com\/product\/songmics-home-smyckeskrin-for-resan-med-spegel-105-x-105-x-6-cm\/"},"modified":"2026-02-27T08:08:26","modified_gmt":"2026-02-27T08:08:26","slug":"songmics-home-smyckeskrin-for-resan-med-spegel-105-x-105-x-6-cm","status":"publish","type":"product","link":"https:\/\/nordicmart.andreevmaster.com\/sv\/produkt\/songmics-home-smyckeskrin-for-resan-med-spegel-105-x-105-x-6-cm\/","title":{"rendered":"SONGMICS HOME Smyckeskrin f\u00f6r resan med spegel 10,5 x 10,5 x 6 cm"},"content":{"rendered":"<p>SONGMICS HOME ANAH-kollektion \u2013 smyckeskrin f\u00f6r resan, liten smyckeskrin, smyckesf\u00f6rvaring med spegel, 10,5 x 10,5 x 6 cm, PU med s\u00f6mmar, dragkedja, presentid\u00e9, molnvit JBC179W01<br \/>\nF\u00e4rg: bl\u00e4ksvart<br \/>\nMaterial: PU-konstl\u00e4der (polyuretan), MDF (medeldensitetsfiberplatta), sammet, metall, glas<br \/>\nStorlek: 10,5 x 10,5 x 6 cm (D x B x H)<br \/>\nVikt: 0,2 kg<\/p>\n","protected":false},"excerpt":{"rendered":"<p>SONGMICS HOME ANAH-kollektion \u2013 smyckeskrin f\u00f6r resan, liten smyckeskrin, smyckesf\u00f6rvaring med spegel, 10,5 x 10,5 x 6 cm, PU med s\u00f6mmar, dragkedja, presentid\u00e9, molnvit JBC179W01<\/p>\n","protected":false},"featured_media":40764,"comment_status":"open","ping_status":"closed","template":"","meta":[],"product_brand":[],"product_cat":[33],"product_tag":[],"class_list":{"0":"post-12530","1":"product","2":"type-product","3":"status-publish","4":"has-post-thumbnail","6":"product_cat-okategoriserad","8":"first","9":"instock","10":"shipping-taxable","11":"purchasable","12":"product-type-simple"},"_links":{"self":[{"href":"https:\/\/nordicmart.andreevmaster.com\/sv\/wp-json\/wp\/v2\/product\/12530","targetHints":{"allow":["GET"]}}],"collection":[{"href":"https:\/\/nordicmart.andreevmaster.com\/sv\/wp-json\/wp\/v2\/product"}],"about":[{"href":"https:\/\/nordicmart.andreevmaster.com\/sv\/wp-json\/wp\/v2\/types\/product"}],"replies":[{"embeddable":true,"href":"https:\/\/nordicmart.andreevmaster.com\/sv\/wp-json\/wp\/v2\/comments?post=12530"}],"wp:featuredmedia":[{"embeddable":true,"href":"https:\/\/nordicmart.andreevmaster.com\/sv\/wp-json\/wp\/v2\/media\/40764"}],"wp:attachment":[{"href":"https:\/\/nordicmart.andreevmaster.com\/sv\/wp-json\/wp\/v2\/media?parent=12530"}],"wp:term":[{"taxonomy":"product_brand","embeddable":true,"href":"https:\/\/nordicmart.andreevmaster.com\/sv\/wp-json\/wp\/v2\/product_brand?post=12530"},{"taxonomy":"product_cat","embeddable":true,"href":"https:\/\/nordicmart.andreevmaster.com\/sv\/wp-json\/wp\/v2\/product_cat?post=12530"},{"taxonomy":"product_tag","embeddable":true,"href":"https:\/\/nordicmart.andreevmaster.com\/sv\/wp-json\/wp\/v2\/product_tag?post=12530"}],"curies":[{"name":"wp","href":"https:\/\/api.w.org\/{rel}","templated":true}]}}