{"id":12529,"date":"2026-02-27T00:14:24","date_gmt":"2026-02-27T00:14:24","guid":{"rendered":"https:\/\/nordicmart.andreevmaster.com\/product\/songmics-smyckeskrin-6-nivaer-med-glaslock\/"},"modified":"2026-02-27T08:08:26","modified_gmt":"2026-02-27T08:08:26","slug":"songmics-smyckeskrin-6-nivaer-med-glaslock","status":"publish","type":"product","link":"https:\/\/nordicmart.andreevmaster.com\/sv\/produkt\/songmics-smyckeskrin-6-nivaer-med-glaslock\/","title":{"rendered":"SONGMICS smyckeskrin 6 niv\u00e5er med glaslock"},"content":{"rendered":"<p>SONGMICS smyckeskrin med glaslock Smyckeskrin med 3 niv\u00e5er, smyckesl\u00e5da med 2 l\u00e5dor, smyckesf\u00f6rvaring, present till dina n\u00e4ra och k\u00e4ra, vit JBC239WT<br \/>\nF\u00e4rg: Molnvit-guldf\u00e4rgad<br \/>\nMaterial: MDF (medeldensitetsfiberplatta), PU (polyuretan), sammet, glas<br \/>\nStorlek: 20,3 x 23,1 x 22,8 cm (D x B x H)<br \/>\nVikt: 2,4 kg<\/p>\n","protected":false},"excerpt":{"rendered":"<p>SONGMICS smyckeskrin med glaslock Smyckeskrin med 3 niv\u00e5er, smyckesl\u00e5da med 2 l\u00e5dor, smyckesf\u00f6rvaring, present till dina n\u00e4ra och k\u00e4ra, vit JBC239WT<\/p>\n","protected":false},"featured_media":40763,"comment_status":"open","ping_status":"closed","template":"","meta":[],"product_brand":[],"product_cat":[33],"product_tag":[],"class_list":{"0":"post-12529","1":"product","2":"type-product","3":"status-publish","4":"has-post-thumbnail","6":"product_cat-okategoriserad","8":"first","9":"instock","10":"shipping-taxable","11":"purchasable","12":"product-type-simple"},"_links":{"self":[{"href":"https:\/\/nordicmart.andreevmaster.com\/sv\/wp-json\/wp\/v2\/product\/12529","targetHints":{"allow":["GET"]}}],"collection":[{"href":"https:\/\/nordicmart.andreevmaster.com\/sv\/wp-json\/wp\/v2\/product"}],"about":[{"href":"https:\/\/nordicmart.andreevmaster.com\/sv\/wp-json\/wp\/v2\/types\/product"}],"replies":[{"embeddable":true,"href":"https:\/\/nordicmart.andreevmaster.com\/sv\/wp-json\/wp\/v2\/comments?post=12529"}],"wp:featuredmedia":[{"embeddable":true,"href":"https:\/\/nordicmart.andreevmaster.com\/sv\/wp-json\/wp\/v2\/media\/40763"}],"wp:attachment":[{"href":"https:\/\/nordicmart.andreevmaster.com\/sv\/wp-json\/wp\/v2\/media?parent=12529"}],"wp:term":[{"taxonomy":"product_brand","embeddable":true,"href":"https:\/\/nordicmart.andreevmaster.com\/sv\/wp-json\/wp\/v2\/product_brand?post=12529"},{"taxonomy":"product_cat","embeddable":true,"href":"https:\/\/nordicmart.andreevmaster.com\/sv\/wp-json\/wp\/v2\/product_cat?post=12529"},{"taxonomy":"product_tag","embeddable":true,"href":"https:\/\/nordicmart.andreevmaster.com\/sv\/wp-json\/wp\/v2\/product_tag?post=12529"}],"curies":[{"name":"wp","href":"https:\/\/api.w.org\/{rel}","templated":true}]}}