{"id":12526,"date":"2026-02-27T00:14:23","date_gmt":"2026-02-27T00:14:23","guid":{"rendered":"https:\/\/nordicmart.andreevmaster.com\/product\/songmics-smyckeskrin-5-nivaer-glasfonster-skiffergratt-metalliskt-guld\/"},"modified":"2026-02-27T08:08:26","modified_gmt":"2026-02-27T08:08:26","slug":"songmics-smyckeskrin-5-nivaer-glasfonster-skiffergratt-metalliskt-guld","status":"publish","type":"product","link":"https:\/\/nordicmart.andreevmaster.com\/sv\/produkt\/songmics-smyckeskrin-5-nivaer-glasfonster-skiffergratt-metalliskt-guld\/","title":{"rendered":"SONGMICS smyckeskrin 5 niv\u00e5er glasf\u00f6nster skiffergr\u00e5tt-metalliskt guld"},"content":{"rendered":"<p>SONGMICS smyckeskrin, smyckeskrin med 6 niv\u00e5er, smyckeskrin med glaslock, 5 l\u00e5dor, f\u00f6r solglas\u00f6gon, stora smycken, smyckesf\u00f6rvaring, modernt, molnvit-guld JBC171W01<br \/>\nF\u00e4rg: Bl\u00e4ksvart-metalliskt guld<br \/>\nMaterial: MDF (medeldensitetsfiberplatta), sammet, glas<br \/>\nStorlek: 12,9 x 20 x 24,7 cm (D x B x H)<br \/>\nVikt: 1,7 kg<\/p>\n","protected":false},"excerpt":{"rendered":"<p>SONGMICS smyckeskrin, smyckeskrin med 6 niv\u00e5er, smyckeskrin med glaslock, 5 l\u00e5dor, f\u00f6r solglas\u00f6gon, stora smycken, smyckesf\u00f6rvaring, modernt, molnvit-guld JBC171W01<\/p>\n","protected":false},"featured_media":40760,"comment_status":"open","ping_status":"closed","template":"","meta":[],"product_brand":[],"product_cat":[33],"product_tag":[],"class_list":{"0":"post-12526","1":"product","2":"type-product","3":"status-publish","4":"has-post-thumbnail","6":"product_cat-okategoriserad","8":"first","9":"instock","10":"shipping-taxable","11":"purchasable","12":"product-type-simple"},"_links":{"self":[{"href":"https:\/\/nordicmart.andreevmaster.com\/sv\/wp-json\/wp\/v2\/product\/12526","targetHints":{"allow":["GET"]}}],"collection":[{"href":"https:\/\/nordicmart.andreevmaster.com\/sv\/wp-json\/wp\/v2\/product"}],"about":[{"href":"https:\/\/nordicmart.andreevmaster.com\/sv\/wp-json\/wp\/v2\/types\/product"}],"replies":[{"embeddable":true,"href":"https:\/\/nordicmart.andreevmaster.com\/sv\/wp-json\/wp\/v2\/comments?post=12526"}],"wp:featuredmedia":[{"embeddable":true,"href":"https:\/\/nordicmart.andreevmaster.com\/sv\/wp-json\/wp\/v2\/media\/40760"}],"wp:attachment":[{"href":"https:\/\/nordicmart.andreevmaster.com\/sv\/wp-json\/wp\/v2\/media?parent=12526"}],"wp:term":[{"taxonomy":"product_brand","embeddable":true,"href":"https:\/\/nordicmart.andreevmaster.com\/sv\/wp-json\/wp\/v2\/product_brand?post=12526"},{"taxonomy":"product_cat","embeddable":true,"href":"https:\/\/nordicmart.andreevmaster.com\/sv\/wp-json\/wp\/v2\/product_cat?post=12526"},{"taxonomy":"product_tag","embeddable":true,"href":"https:\/\/nordicmart.andreevmaster.com\/sv\/wp-json\/wp\/v2\/product_tag?post=12526"}],"curies":[{"name":"wp","href":"https:\/\/api.w.org\/{rel}","templated":true}]}}