{"id":12520,"date":"2026-02-27T00:14:22","date_gmt":"2026-02-27T00:14:22","guid":{"rendered":"https:\/\/nordicmart.andreevmaster.com\/product\/songmics-smyckeskrin-rymligt-oppet-design-presentide-molnvit\/"},"modified":"2026-02-27T08:08:25","modified_gmt":"2026-02-27T08:08:25","slug":"songmics-smyckeskrin-rymligt-oppet-design-presentide-molnvit","status":"publish","type":"product","link":"https:\/\/nordicmart.andreevmaster.com\/sv\/produkt\/songmics-smyckeskrin-rymligt-oppet-design-presentide-molnvit\/","title":{"rendered":"SONGMICS Smyckeskrin rymligt \u00f6ppet design presentid\u00e9 molnvit"},"content":{"rendered":"<p>SONGMICS smyckeskrin 360\u00b0 vridbart, SONGMICS smyckeskrin 360\u00b0 vridbart, smyckeskrin 5 l\u00e5dor, glasf\u00f6nster p\u00e5 sidorna, rymligt, vertikal smyckesf\u00f6rvaring, \u00f6ppen design, presentid\u00e9 smyckeskrin 5 l\u00e5dor, glasf\u00f6nster p\u00e5 sidorna, rymligt, vertikal smyckesf\u00f6rvaring, \u00f6ppen design, presentid\u00e9<br \/>\nF\u00e4rg: Molnvit<br \/>\nMaterial: MDF (medeldensitetsfiberplatta), papper med PU-bel\u00e4ggning, sammet<br \/>\nStorlek: 16 x 22,2 x 28,5 cm (D x B x H)<br \/>\nVikt: 2,6 kg<\/p>\n","protected":false},"excerpt":{"rendered":"<p>SONGMICS smyckeskrin 360\u00b0 vridbart, SONGMICS smyckeskrin 360\u00b0 vridbart, smyckeskrin 5 l\u00e5dor, glasf\u00f6nster p\u00e5 sidorna, rymligt, vertikal smyckesf\u00f6rvaring, \u00f6ppen design, presentid\u00e9 smyckeskrin 5 l\u00e5dor, glasf\u00f6nster p\u00e5 sidorna, rymligt, vertikal smyckesf\u00f6rvaring, \u00f6ppen design, presentid\u00e9<\/p>\n","protected":false},"featured_media":40754,"comment_status":"open","ping_status":"closed","template":"","meta":[],"product_brand":[],"product_cat":[33],"product_tag":[],"class_list":{"0":"post-12520","1":"product","2":"type-product","3":"status-publish","4":"has-post-thumbnail","6":"product_cat-okategoriserad","8":"first","9":"instock","10":"shipping-taxable","11":"purchasable","12":"product-type-simple"},"_links":{"self":[{"href":"https:\/\/nordicmart.andreevmaster.com\/sv\/wp-json\/wp\/v2\/product\/12520","targetHints":{"allow":["GET"]}}],"collection":[{"href":"https:\/\/nordicmart.andreevmaster.com\/sv\/wp-json\/wp\/v2\/product"}],"about":[{"href":"https:\/\/nordicmart.andreevmaster.com\/sv\/wp-json\/wp\/v2\/types\/product"}],"replies":[{"embeddable":true,"href":"https:\/\/nordicmart.andreevmaster.com\/sv\/wp-json\/wp\/v2\/comments?post=12520"}],"wp:featuredmedia":[{"embeddable":true,"href":"https:\/\/nordicmart.andreevmaster.com\/sv\/wp-json\/wp\/v2\/media\/40754"}],"wp:attachment":[{"href":"https:\/\/nordicmart.andreevmaster.com\/sv\/wp-json\/wp\/v2\/media?parent=12520"}],"wp:term":[{"taxonomy":"product_brand","embeddable":true,"href":"https:\/\/nordicmart.andreevmaster.com\/sv\/wp-json\/wp\/v2\/product_brand?post=12520"},{"taxonomy":"product_cat","embeddable":true,"href":"https:\/\/nordicmart.andreevmaster.com\/sv\/wp-json\/wp\/v2\/product_cat?post=12520"},{"taxonomy":"product_tag","embeddable":true,"href":"https:\/\/nordicmart.andreevmaster.com\/sv\/wp-json\/wp\/v2\/product_tag?post=12520"}],"curies":[{"name":"wp","href":"https:\/\/api.w.org\/{rel}","templated":true}]}}