{"id":12518,"date":"2026-02-27T00:14:21","date_gmt":"2026-02-27T00:14:21","guid":{"rendered":"https:\/\/nordicmart.andreevmaster.com\/product\/songmics-smyckeskrin-360-vridbart-rymligt-presentide-skiffergratt\/"},"modified":"2026-02-27T08:08:25","modified_gmt":"2026-02-27T08:08:25","slug":"songmics-smyckeskrin-360-vridbart-rymligt-presentide-skiffergratt","status":"publish","type":"product","link":"https:\/\/nordicmart.andreevmaster.com\/sv\/produkt\/songmics-smyckeskrin-360-vridbart-rymligt-presentide-skiffergratt\/","title":{"rendered":"SONGMICS smyckeskrin 360\u00b0 vridbart rymligt presentid\u00e9 skiffergr\u00e5tt"},"content":{"rendered":"<p>SONGMICS smyckeskrin 360\u00b0 vridbart, SONGMICS smyckeskrin 360\u00b0 vridbart, smyckeskrin 5 l\u00e5dor, glasf\u00f6nster p\u00e5 sidorna, rymligt, vertikal smyckesf\u00f6rvaring, \u00f6ppen design, presentid\u00e9 smyckeskrin 5 l\u00e5dor, glasf\u00f6nster p\u00e5 sidorna, rymligt, vertikal smyckesf\u00f6rvaring, \u00f6ppen design, presentid\u00e9<br \/>\n&#8211; F\u00e4rg: Skiffergr\u00e5<br \/>\n&#8211; Material: MDF (medeldensitetsfiberplatta), papper med PU-bel\u00e4ggning, sammet<br \/>\n&#8211; Storlek: 16 x 22,2 x 28,5 cm (D x B x H)<br \/>\n&#8211; Vikt: 2,6 kg<\/p>\n","protected":false},"excerpt":{"rendered":"<p>SONGMICS smyckeskrin 360\u00b0 vridbart, SONGMICS smyckeskrin 360\u00b0 vridbart, smyckeskrin 5 l\u00e5dor, glasf\u00f6nster p\u00e5 sidorna, rymligt, vertikal smyckesf\u00f6rvaring, \u00f6ppen design, presentid\u00e9 smyckeskrin 5 l\u00e5dor, glasf\u00f6nster p\u00e5 sidorna, rymligt, vertikal smyckesf\u00f6rvaring, \u00f6ppen design, presentid\u00e9<\/p>\n","protected":false},"featured_media":40752,"comment_status":"open","ping_status":"closed","template":"","meta":[],"product_brand":[],"product_cat":[33],"product_tag":[],"class_list":{"0":"post-12518","1":"product","2":"type-product","3":"status-publish","4":"has-post-thumbnail","6":"product_cat-okategoriserad","8":"first","9":"instock","10":"shipping-taxable","11":"purchasable","12":"product-type-simple"},"_links":{"self":[{"href":"https:\/\/nordicmart.andreevmaster.com\/sv\/wp-json\/wp\/v2\/product\/12518","targetHints":{"allow":["GET"]}}],"collection":[{"href":"https:\/\/nordicmart.andreevmaster.com\/sv\/wp-json\/wp\/v2\/product"}],"about":[{"href":"https:\/\/nordicmart.andreevmaster.com\/sv\/wp-json\/wp\/v2\/types\/product"}],"replies":[{"embeddable":true,"href":"https:\/\/nordicmart.andreevmaster.com\/sv\/wp-json\/wp\/v2\/comments?post=12518"}],"wp:featuredmedia":[{"embeddable":true,"href":"https:\/\/nordicmart.andreevmaster.com\/sv\/wp-json\/wp\/v2\/media\/40752"}],"wp:attachment":[{"href":"https:\/\/nordicmart.andreevmaster.com\/sv\/wp-json\/wp\/v2\/media?parent=12518"}],"wp:term":[{"taxonomy":"product_brand","embeddable":true,"href":"https:\/\/nordicmart.andreevmaster.com\/sv\/wp-json\/wp\/v2\/product_brand?post=12518"},{"taxonomy":"product_cat","embeddable":true,"href":"https:\/\/nordicmart.andreevmaster.com\/sv\/wp-json\/wp\/v2\/product_cat?post=12518"},{"taxonomy":"product_tag","embeddable":true,"href":"https:\/\/nordicmart.andreevmaster.com\/sv\/wp-json\/wp\/v2\/product_tag?post=12518"}],"curies":[{"name":"wp","href":"https:\/\/api.w.org\/{rel}","templated":true}]}}