{"id":12516,"date":"2026-02-27T00:14:21","date_gmt":"2026-02-27T00:14:21","guid":{"rendered":"https:\/\/nordicmart.andreevmaster.com\/product\/songmics-smyckeskrin-360-vridbart-rymligt-presentide-grafitsvart\/"},"modified":"2026-02-27T08:08:24","modified_gmt":"2026-02-27T08:08:24","slug":"songmics-smyckeskrin-360-vridbart-rymligt-presentide-grafitsvart","status":"publish","type":"product","link":"https:\/\/nordicmart.andreevmaster.com\/sv\/produkt\/songmics-smyckeskrin-360-vridbart-rymligt-presentide-grafitsvart\/","title":{"rendered":"SONGMICS smyckeskrin 360\u00b0 vridbart rymligt presentid\u00e9 grafitsvart"},"content":{"rendered":"<p>SONGMICS smyckeskrin 360\u00b0 vridbart, SONGMICS smyckeskrin 360\u00b0 vridbart, smyckeskrin 5 l\u00e5dor, glasf\u00f6nster p\u00e5 sidorna, rymligt, vertikal smyckesf\u00f6rvaring, \u00f6ppen design, presentid\u00e9 smyckeskrin 5 l\u00e5dor, glasf\u00f6nster p\u00e5 sidorna, rymligt, vertikal smyckesf\u00f6rvaring, \u00f6ppen design, presentid\u00e9<br \/>\nF\u00e4rg: grafitsvart<br \/>\nMaterial: MDF (medeldensitetsfiberplatta), papper med PU-bel\u00e4ggning, sammet<br \/>\nStorlek: 16 x 22,2 x 28,5 cm (D x B x H)<br \/>\nVikt: 2,6 kg<\/p>\n","protected":false},"excerpt":{"rendered":"<p>SONGMICS smyckeskrin 360\u00b0 vridbart, SONGMICS smyckeskrin 360\u00b0 vridbart, smyckeskrin 5 l\u00e5dor, glasf\u00f6nster p\u00e5 sidorna, rymligt, vertikal smyckesf\u00f6rvaring, \u00f6ppen design, presentid\u00e9 smyckeskrin 5 l\u00e5dor, glasf\u00f6nster p\u00e5 sidorna, rymligt, vertikal smyckesf\u00f6rvaring, \u00f6ppen design, presentid\u00e9<\/p>\n","protected":false},"featured_media":40750,"comment_status":"open","ping_status":"closed","template":"","meta":[],"product_brand":[],"product_cat":[33],"product_tag":[],"class_list":{"0":"post-12516","1":"product","2":"type-product","3":"status-publish","4":"has-post-thumbnail","6":"product_cat-okategoriserad","8":"first","9":"instock","10":"shipping-taxable","11":"purchasable","12":"product-type-simple"},"_links":{"self":[{"href":"https:\/\/nordicmart.andreevmaster.com\/sv\/wp-json\/wp\/v2\/product\/12516","targetHints":{"allow":["GET"]}}],"collection":[{"href":"https:\/\/nordicmart.andreevmaster.com\/sv\/wp-json\/wp\/v2\/product"}],"about":[{"href":"https:\/\/nordicmart.andreevmaster.com\/sv\/wp-json\/wp\/v2\/types\/product"}],"replies":[{"embeddable":true,"href":"https:\/\/nordicmart.andreevmaster.com\/sv\/wp-json\/wp\/v2\/comments?post=12516"}],"wp:featuredmedia":[{"embeddable":true,"href":"https:\/\/nordicmart.andreevmaster.com\/sv\/wp-json\/wp\/v2\/media\/40750"}],"wp:attachment":[{"href":"https:\/\/nordicmart.andreevmaster.com\/sv\/wp-json\/wp\/v2\/media?parent=12516"}],"wp:term":[{"taxonomy":"product_brand","embeddable":true,"href":"https:\/\/nordicmart.andreevmaster.com\/sv\/wp-json\/wp\/v2\/product_brand?post=12516"},{"taxonomy":"product_cat","embeddable":true,"href":"https:\/\/nordicmart.andreevmaster.com\/sv\/wp-json\/wp\/v2\/product_cat?post=12516"},{"taxonomy":"product_tag","embeddable":true,"href":"https:\/\/nordicmart.andreevmaster.com\/sv\/wp-json\/wp\/v2\/product_tag?post=12516"}],"curies":[{"name":"wp","href":"https:\/\/api.w.org\/{rel}","templated":true}]}}