{"id":12515,"date":"2026-02-27T00:14:21","date_gmt":"2026-02-27T00:14:21","guid":{"rendered":"https:\/\/nordicmart.andreevmaster.com\/product\/songmics-smyckeskrin-3-nivaer-med-spegel-kramvit-guldfargad\/"},"modified":"2026-02-27T08:08:24","modified_gmt":"2026-02-27T08:08:24","slug":"songmics-smyckeskrin-3-nivaer-med-spegel-kramvit-guldfargad","status":"publish","type":"product","link":"https:\/\/nordicmart.andreevmaster.com\/sv\/produkt\/songmics-smyckeskrin-3-nivaer-med-spegel-kramvit-guldfargad\/","title":{"rendered":"SONGMICS smyckeskrin 3 niv\u00e5er med spegel kr\u00e4mvit-guldf\u00e4rgad"},"content":{"rendered":"<p>SONGMICS smyckeskrin med spegel och LED-belysning, smyckeskrin med 3 niv\u00e5er, 2 l\u00e5dor, PU, sv\u00e4vande sockel, presentid\u00e9, 23 x 23 x 14 cm, kr\u00e4mvit-guldf\u00e4rgad JBC169W01<br \/>\nF\u00e4rg: kr\u00e4mvit-guldf\u00e4rgad<br \/>\nMaterial: MDF (medeldensitetsfiberplatta), PU (polyuretan), sammet, glas<br \/>\nStorlek: 23 x 23 x 14 cm (D x B x H)<br \/>\nVikt: 2,1 kg<\/p>\n","protected":false},"excerpt":{"rendered":"<p>SONGMICS smyckeskrin med spegel och LED-belysning, smyckeskrin med 3 niv\u00e5er, 2 l\u00e5dor, PU, sv\u00e4vande sockel, presentid\u00e9, 23 x 23 x 14 cm, kr\u00e4mvit-guldf\u00e4rgad JBC169W01<\/p>\n","protected":false},"featured_media":40749,"comment_status":"open","ping_status":"closed","template":"","meta":[],"product_brand":[],"product_cat":[33],"product_tag":[],"class_list":{"0":"post-12515","1":"product","2":"type-product","3":"status-publish","4":"has-post-thumbnail","6":"product_cat-okategoriserad","8":"first","9":"instock","10":"shipping-taxable","11":"purchasable","12":"product-type-simple"},"_links":{"self":[{"href":"https:\/\/nordicmart.andreevmaster.com\/sv\/wp-json\/wp\/v2\/product\/12515","targetHints":{"allow":["GET"]}}],"collection":[{"href":"https:\/\/nordicmart.andreevmaster.com\/sv\/wp-json\/wp\/v2\/product"}],"about":[{"href":"https:\/\/nordicmart.andreevmaster.com\/sv\/wp-json\/wp\/v2\/types\/product"}],"replies":[{"embeddable":true,"href":"https:\/\/nordicmart.andreevmaster.com\/sv\/wp-json\/wp\/v2\/comments?post=12515"}],"wp:featuredmedia":[{"embeddable":true,"href":"https:\/\/nordicmart.andreevmaster.com\/sv\/wp-json\/wp\/v2\/media\/40749"}],"wp:attachment":[{"href":"https:\/\/nordicmart.andreevmaster.com\/sv\/wp-json\/wp\/v2\/media?parent=12515"}],"wp:term":[{"taxonomy":"product_brand","embeddable":true,"href":"https:\/\/nordicmart.andreevmaster.com\/sv\/wp-json\/wp\/v2\/product_brand?post=12515"},{"taxonomy":"product_cat","embeddable":true,"href":"https:\/\/nordicmart.andreevmaster.com\/sv\/wp-json\/wp\/v2\/product_cat?post=12515"},{"taxonomy":"product_tag","embeddable":true,"href":"https:\/\/nordicmart.andreevmaster.com\/sv\/wp-json\/wp\/v2\/product_tag?post=12515"}],"curies":[{"name":"wp","href":"https:\/\/api.w.org\/{rel}","templated":true}]}}