{"id":12514,"date":"2026-02-27T00:14:20","date_gmt":"2026-02-27T00:14:20","guid":{"rendered":"https:\/\/nordicmart.andreevmaster.com\/product\/songmics-smyckeskrin-3-nivaer-med-lador-molnvit\/"},"modified":"2026-02-27T08:08:24","modified_gmt":"2026-02-27T08:08:24","slug":"songmics-smyckeskrin-3-nivaer-med-lador-molnvit","status":"publish","type":"product","link":"https:\/\/nordicmart.andreevmaster.com\/sv\/produkt\/songmics-smyckeskrin-3-nivaer-med-lador-molnvit\/","title":{"rendered":"SONGMICS smyckeskrin 3 niv\u00e5er med l\u00e5dor molnvit"},"content":{"rendered":"<p>SONGMICS smyckeskrin 3 niv\u00e5er, smyckeskrin med l\u00e5dor, \u00f6ppen smyckesf\u00f6rvaring upptill, f\u00f6r sminkbord, metallram, 20,5 x 22,7 x 23,5 cm, presentid\u00e9<br \/>\nF\u00e4rg: Molnvit<br \/>\nMaterial: st\u00e5l, MDF (medeldensitetsfiberplatta), PU-konstl\u00e4der, sammet<br \/>\nStorlek<br \/>\nTotala m\u00e5tt: 20,5 x 22,7 x 23,5 cm (D x B x H)<br \/>\nH\u00f6jd p\u00e5 metallramen i \u00f6vre delen: 8 cm<br \/>\nVikt: 2,2 kg<\/p>\n","protected":false},"excerpt":{"rendered":"<p>SONGMICS smyckeskrin 3 niv\u00e5er, smyckeskrin med l\u00e5dor, \u00f6ppen smyckesf\u00f6rvaring upptill, f\u00f6r sminkbord, metallram, 20,5 x 22,7 x 23,5 cm, presentid\u00e9<\/p>\n","protected":false},"featured_media":40748,"comment_status":"open","ping_status":"closed","template":"","meta":[],"product_brand":[],"product_cat":[33],"product_tag":[],"class_list":{"0":"post-12514","1":"product","2":"type-product","3":"status-publish","4":"has-post-thumbnail","6":"product_cat-okategoriserad","8":"first","9":"instock","10":"shipping-taxable","11":"purchasable","12":"product-type-simple"},"_links":{"self":[{"href":"https:\/\/nordicmart.andreevmaster.com\/sv\/wp-json\/wp\/v2\/product\/12514","targetHints":{"allow":["GET"]}}],"collection":[{"href":"https:\/\/nordicmart.andreevmaster.com\/sv\/wp-json\/wp\/v2\/product"}],"about":[{"href":"https:\/\/nordicmart.andreevmaster.com\/sv\/wp-json\/wp\/v2\/types\/product"}],"replies":[{"embeddable":true,"href":"https:\/\/nordicmart.andreevmaster.com\/sv\/wp-json\/wp\/v2\/comments?post=12514"}],"wp:featuredmedia":[{"embeddable":true,"href":"https:\/\/nordicmart.andreevmaster.com\/sv\/wp-json\/wp\/v2\/media\/40748"}],"wp:attachment":[{"href":"https:\/\/nordicmart.andreevmaster.com\/sv\/wp-json\/wp\/v2\/media?parent=12514"}],"wp:term":[{"taxonomy":"product_brand","embeddable":true,"href":"https:\/\/nordicmart.andreevmaster.com\/sv\/wp-json\/wp\/v2\/product_brand?post=12514"},{"taxonomy":"product_cat","embeddable":true,"href":"https:\/\/nordicmart.andreevmaster.com\/sv\/wp-json\/wp\/v2\/product_cat?post=12514"},{"taxonomy":"product_tag","embeddable":true,"href":"https:\/\/nordicmart.andreevmaster.com\/sv\/wp-json\/wp\/v2\/product_tag?post=12514"}],"curies":[{"name":"wp","href":"https:\/\/api.w.org\/{rel}","templated":true}]}}