{"id":12508,"date":"2026-02-27T00:14:19","date_gmt":"2026-02-27T00:14:19","guid":{"rendered":"https:\/\/nordicmart.andreevmaster.com\/product\/songmics-smyckeskrin-litet-2-nivaer-presentide-skogsgront\/"},"modified":"2026-02-27T08:08:23","modified_gmt":"2026-02-27T08:08:23","slug":"songmics-smyckeskrin-litet-2-nivaer-presentide-skogsgront","status":"publish","type":"product","link":"https:\/\/nordicmart.andreevmaster.com\/sv\/produkt\/songmics-smyckeskrin-litet-2-nivaer-presentide-skogsgront\/","title":{"rendered":"SONGMICS smyckeskrin, litet, 2 niv\u00e5er, presentid\u00e9, skogsgr\u00f6nt"},"content":{"rendered":"<p>SONGMICS smyckeskrin f\u00f6r resan, litet smyckeskrin, 2 niv\u00e5er f\u00f6r smyckesf\u00f6rvaring, b\u00e4rbart, smyckesetui f\u00f6r resan, f\u00f6r st\u00f6rre accessoarer<br \/>\nF\u00e4rg: Saldgr\u00f6n<br \/>\nMaterial: plast, papper med PU-bel\u00e4ggning, sammet<br \/>\nStorlek: 11 x 16 x 8 cm (D x B x H)<br \/>\nVikt: 0,3 kg<\/p>\n","protected":false},"excerpt":{"rendered":"<p>SONGMICS smyckeskrin f\u00f6r resan, litet smyckeskrin, 2 niv\u00e5er f\u00f6r smyckesf\u00f6rvaring, b\u00e4rbart, smyckesetui f\u00f6r resan, f\u00f6r st\u00f6rre accessoarer<\/p>\n","protected":false},"featured_media":40742,"comment_status":"open","ping_status":"closed","template":"","meta":[],"product_brand":[],"product_cat":[33],"product_tag":[],"class_list":{"0":"post-12508","1":"product","2":"type-product","3":"status-publish","4":"has-post-thumbnail","6":"product_cat-okategoriserad","8":"first","9":"instock","10":"shipping-taxable","11":"purchasable","12":"product-type-simple"},"_links":{"self":[{"href":"https:\/\/nordicmart.andreevmaster.com\/sv\/wp-json\/wp\/v2\/product\/12508","targetHints":{"allow":["GET"]}}],"collection":[{"href":"https:\/\/nordicmart.andreevmaster.com\/sv\/wp-json\/wp\/v2\/product"}],"about":[{"href":"https:\/\/nordicmart.andreevmaster.com\/sv\/wp-json\/wp\/v2\/types\/product"}],"replies":[{"embeddable":true,"href":"https:\/\/nordicmart.andreevmaster.com\/sv\/wp-json\/wp\/v2\/comments?post=12508"}],"wp:featuredmedia":[{"embeddable":true,"href":"https:\/\/nordicmart.andreevmaster.com\/sv\/wp-json\/wp\/v2\/media\/40742"}],"wp:attachment":[{"href":"https:\/\/nordicmart.andreevmaster.com\/sv\/wp-json\/wp\/v2\/media?parent=12508"}],"wp:term":[{"taxonomy":"product_brand","embeddable":true,"href":"https:\/\/nordicmart.andreevmaster.com\/sv\/wp-json\/wp\/v2\/product_brand?post=12508"},{"taxonomy":"product_cat","embeddable":true,"href":"https:\/\/nordicmart.andreevmaster.com\/sv\/wp-json\/wp\/v2\/product_cat?post=12508"},{"taxonomy":"product_tag","embeddable":true,"href":"https:\/\/nordicmart.andreevmaster.com\/sv\/wp-json\/wp\/v2\/product_tag?post=12508"}],"curies":[{"name":"wp","href":"https:\/\/api.w.org\/{rel}","templated":true}]}}