{"id":12499,"date":"2026-02-27T00:14:17","date_gmt":"2026-02-27T00:14:17","guid":{"rendered":"https:\/\/nordicmart.andreevmaster.com\/product\/songmics-smyckeskrin-4-nivaer-med-glaslock-presentide-svart\/"},"modified":"2026-02-27T08:08:22","modified_gmt":"2026-02-27T08:08:22","slug":"songmics-smyckeskrin-4-nivaer-med-glaslock-presentide-svart","status":"publish","type":"product","link":"https:\/\/nordicmart.andreevmaster.com\/sv\/produkt\/songmics-smyckeskrin-4-nivaer-med-glaslock-presentide-svart\/","title":{"rendered":"SONGMICS smyckeskrin 4 niv\u00e5er med glaslock Presentid\u00e9 svart"},"content":{"rendered":"<p>SONGMICS smyckeskrin 4 niv\u00e5er, stapelbar smyckesbricka, stort smyckeskrin, smyckesbox med glaslock, 17 x 28 x 18,3 cm, smyckesinsats f\u00f6r l\u00e5dor, presentid\u00e9, vit JBC164W01<br \/>\n&#8211; F\u00e4rg: svart<br \/>\n&#8211; Material: MDF (medeldensitetsfiberplatta), PU (polyuretan), sammet<br \/>\n&#8211; Storlek<br \/>\n&#8211; Total storlek (med metallhandtagets tjocklek): 17 x 28 x 18,3 cm (D x B x H)<br \/>\n&#8211; Den f\u00f6rsta niv\u00e5n: 17 x 28 x 5,3 cm (D x B x H)<br \/>\n&#8211; Den andra niv\u00e5n: 17 x 28 x 3,5 cm (D x B x H)<br \/>\n&#8211; Den tredje niv\u00e5n: 17 x 28 x 3,5 cm (D x B x H)<br \/>\n&#8211; Den fj\u00e4rde niv\u00e5n: 17 x 28 x 6 cm (D x B x H)<br \/>\n&#8211; Vikt: 1,8 kg<\/p>\n","protected":false},"excerpt":{"rendered":"<p>SONGMICS smyckeskrin 4 niv\u00e5er, stapelbar smyckesbricka, stort smyckeskrin, smyckesbox med glaslock, 17 x 28 x 18,3 cm, smyckesinsats f\u00f6r l\u00e5dor, presentid\u00e9, vit JBC164W01<\/p>\n","protected":false},"featured_media":40733,"comment_status":"open","ping_status":"closed","template":"","meta":[],"product_brand":[],"product_cat":[33],"product_tag":[],"class_list":{"0":"post-12499","1":"product","2":"type-product","3":"status-publish","4":"has-post-thumbnail","6":"product_cat-okategoriserad","8":"first","9":"instock","10":"shipping-taxable","11":"purchasable","12":"product-type-simple"},"_links":{"self":[{"href":"https:\/\/nordicmart.andreevmaster.com\/sv\/wp-json\/wp\/v2\/product\/12499","targetHints":{"allow":["GET"]}}],"collection":[{"href":"https:\/\/nordicmart.andreevmaster.com\/sv\/wp-json\/wp\/v2\/product"}],"about":[{"href":"https:\/\/nordicmart.andreevmaster.com\/sv\/wp-json\/wp\/v2\/types\/product"}],"replies":[{"embeddable":true,"href":"https:\/\/nordicmart.andreevmaster.com\/sv\/wp-json\/wp\/v2\/comments?post=12499"}],"wp:featuredmedia":[{"embeddable":true,"href":"https:\/\/nordicmart.andreevmaster.com\/sv\/wp-json\/wp\/v2\/media\/40733"}],"wp:attachment":[{"href":"https:\/\/nordicmart.andreevmaster.com\/sv\/wp-json\/wp\/v2\/media?parent=12499"}],"wp:term":[{"taxonomy":"product_brand","embeddable":true,"href":"https:\/\/nordicmart.andreevmaster.com\/sv\/wp-json\/wp\/v2\/product_brand?post=12499"},{"taxonomy":"product_cat","embeddable":true,"href":"https:\/\/nordicmart.andreevmaster.com\/sv\/wp-json\/wp\/v2\/product_cat?post=12499"},{"taxonomy":"product_tag","embeddable":true,"href":"https:\/\/nordicmart.andreevmaster.com\/sv\/wp-json\/wp\/v2\/product_tag?post=12499"}],"curies":[{"name":"wp","href":"https:\/\/api.w.org\/{rel}","templated":true}]}}