{"id":12490,"date":"2026-02-27T00:14:15","date_gmt":"2026-02-27T00:14:15","guid":{"rendered":"https:\/\/nordicmart.andreevmaster.com\/product\/songmics-smyckeskrin-med-4-nivaer-modernt-lagergront-guld\/"},"modified":"2026-02-27T08:08:20","modified_gmt":"2026-02-27T08:08:20","slug":"songmics-smyckeskrin-med-4-nivaer-modernt-lagergront-guld","status":"publish","type":"product","link":"https:\/\/nordicmart.andreevmaster.com\/sv\/produkt\/songmics-smyckeskrin-med-4-nivaer-modernt-lagergront-guld\/","title":{"rendered":"SONGMICS smyckeskrin med 4 niv\u00e5er, modernt lagergr\u00f6nt-guld"},"content":{"rendered":"<p>SONGMICS smyckeskrin, smyckeskrin med 4 niv\u00e5er, smyckesl\u00e5da med glaslock, 3 l\u00e5dor, f\u00f6r solglas\u00f6gon, stora smycken, smyckesf\u00f6rvaring, modernt, grafitsvart-guld JBC161B02<br \/>\nF\u00e4rg: lagergr\u00f6n-gyllene<br \/>\nMaterial: MDF (medeldensitetsfiberplatta), PU (polyuretan), sammet, glas<br \/>\nStorlek: 15,3 x 25,1 x 21,5 cm (D x B x H)<br \/>\nVikt: 1,7 kg<\/p>\n","protected":false},"excerpt":{"rendered":"<p>SONGMICS smyckeskrin, smyckeskrin med 4 niv\u00e5er, smyckesl\u00e5da med glaslock, 3 l\u00e5dor, f\u00f6r solglas\u00f6gon, stora smycken, smyckesf\u00f6rvaring, modernt, grafitsvart-guld JBC161B02<\/p>\n","protected":false},"featured_media":40724,"comment_status":"open","ping_status":"closed","template":"","meta":[],"product_brand":[],"product_cat":[33],"product_tag":[],"class_list":{"0":"post-12490","1":"product","2":"type-product","3":"status-publish","4":"has-post-thumbnail","6":"product_cat-okategoriserad","8":"first","9":"instock","10":"shipping-taxable","11":"purchasable","12":"product-type-simple"},"_links":{"self":[{"href":"https:\/\/nordicmart.andreevmaster.com\/sv\/wp-json\/wp\/v2\/product\/12490","targetHints":{"allow":["GET"]}}],"collection":[{"href":"https:\/\/nordicmart.andreevmaster.com\/sv\/wp-json\/wp\/v2\/product"}],"about":[{"href":"https:\/\/nordicmart.andreevmaster.com\/sv\/wp-json\/wp\/v2\/types\/product"}],"replies":[{"embeddable":true,"href":"https:\/\/nordicmart.andreevmaster.com\/sv\/wp-json\/wp\/v2\/comments?post=12490"}],"wp:featuredmedia":[{"embeddable":true,"href":"https:\/\/nordicmart.andreevmaster.com\/sv\/wp-json\/wp\/v2\/media\/40724"}],"wp:attachment":[{"href":"https:\/\/nordicmart.andreevmaster.com\/sv\/wp-json\/wp\/v2\/media?parent=12490"}],"wp:term":[{"taxonomy":"product_brand","embeddable":true,"href":"https:\/\/nordicmart.andreevmaster.com\/sv\/wp-json\/wp\/v2\/product_brand?post=12490"},{"taxonomy":"product_cat","embeddable":true,"href":"https:\/\/nordicmart.andreevmaster.com\/sv\/wp-json\/wp\/v2\/product_cat?post=12490"},{"taxonomy":"product_tag","embeddable":true,"href":"https:\/\/nordicmart.andreevmaster.com\/sv\/wp-json\/wp\/v2\/product_tag?post=12490"}],"curies":[{"name":"wp","href":"https:\/\/api.w.org\/{rel}","templated":true}]}}