{"id":12485,"date":"2026-02-27T00:14:14","date_gmt":"2026-02-27T00:14:14","guid":{"rendered":"https:\/\/nordicmart.andreevmaster.com\/product\/songmics-smyckeskrin-med-4-nivaer-vitt\/"},"modified":"2026-02-27T08:08:20","modified_gmt":"2026-02-27T08:08:20","slug":"songmics-smyckeskrin-med-4-nivaer-vitt","status":"publish","type":"product","link":"https:\/\/nordicmart.andreevmaster.com\/sv\/produkt\/songmics-smyckeskrin-med-4-nivaer-vitt\/","title":{"rendered":"SONGMICS smyckeskrin med 4 niv\u00e5er, vitt"},"content":{"rendered":"<p>Original \u2013 f\u00f6r en lyckad present! Puh&#8230; Kommer du att komma tomh\u00e4nt till dina v\u00e4nners f\u00f6delsedagsfest eftersom du inte har n\u00e5gon bra presentid\u00e9? Nej, nej, nej! V\u00e4lj ist\u00e4llet denna anv\u00e4ndbara, praktiska och originella smyckeskrin och \u00f6verl\u00e4mna presenten tillsammans med dina b\u00e4sta \u00f6nskningar! Vi visar dig alla h\u00f6jdpunkter i denna smyckeskrin:Storleken passar f\u00f6r hela din smyckessamling. 3 l\u00e5dor f\u00f6r armband och halsband, 1 l\u00e5da med avtagbara skiljev\u00e4ggar. 10 fack f\u00f6r \u00f6rh\u00e4ngen, broscher och h\u00e4ngen, med avtagbara skiljev\u00e4ggar med h\u00e5l f\u00f6r 20 \u00f6rh\u00e4ngen. 9 fack f\u00f6r ringar. 8 krokar f\u00f6r halsband. 2 fickor f\u00f6r h\u00e4ngen.2 nycklar f\u00f6r att l\u00e5sa l\u00e5dan. Produktdetaljer: F\u00e4rg: Vit Material: MDF (medeldensitetsfiberplatta), sammetfoder Storlek: 22,5 x 17,5 x 16,5 cm (L x B x H) Vikt: 1,6 kg Leveransomfattning: 1 x smyckeskrin 2 x nycklar<\/p>\n","protected":false},"excerpt":{"rendered":"<p>SONGMICS smyckeskrin, smyckesl\u00e5da, smyckeskrin, med 4 niv\u00e5er, innerfoder av sammet, svart JBC159B01<\/p>\n","protected":false},"featured_media":40719,"comment_status":"open","ping_status":"closed","template":"","meta":[],"product_brand":[],"product_cat":[33],"product_tag":[],"class_list":{"0":"post-12485","1":"product","2":"type-product","3":"status-publish","4":"has-post-thumbnail","6":"product_cat-okategoriserad","8":"first","9":"instock","10":"shipping-taxable","11":"purchasable","12":"product-type-simple"},"_links":{"self":[{"href":"https:\/\/nordicmart.andreevmaster.com\/sv\/wp-json\/wp\/v2\/product\/12485","targetHints":{"allow":["GET"]}}],"collection":[{"href":"https:\/\/nordicmart.andreevmaster.com\/sv\/wp-json\/wp\/v2\/product"}],"about":[{"href":"https:\/\/nordicmart.andreevmaster.com\/sv\/wp-json\/wp\/v2\/types\/product"}],"replies":[{"embeddable":true,"href":"https:\/\/nordicmart.andreevmaster.com\/sv\/wp-json\/wp\/v2\/comments?post=12485"}],"wp:featuredmedia":[{"embeddable":true,"href":"https:\/\/nordicmart.andreevmaster.com\/sv\/wp-json\/wp\/v2\/media\/40719"}],"wp:attachment":[{"href":"https:\/\/nordicmart.andreevmaster.com\/sv\/wp-json\/wp\/v2\/media?parent=12485"}],"wp:term":[{"taxonomy":"product_brand","embeddable":true,"href":"https:\/\/nordicmart.andreevmaster.com\/sv\/wp-json\/wp\/v2\/product_brand?post=12485"},{"taxonomy":"product_cat","embeddable":true,"href":"https:\/\/nordicmart.andreevmaster.com\/sv\/wp-json\/wp\/v2\/product_cat?post=12485"},{"taxonomy":"product_tag","embeddable":true,"href":"https:\/\/nordicmart.andreevmaster.com\/sv\/wp-json\/wp\/v2\/product_tag?post=12485"}],"curies":[{"name":"wp","href":"https:\/\/api.w.org\/{rel}","templated":true}]}}