{"id":12480,"date":"2026-02-27T00:14:12","date_gmt":"2026-02-27T00:14:12","guid":{"rendered":"https:\/\/nordicmart.andreevmaster.com\/product\/songmics-smyckeskrin-med-3-nivaer\/"},"modified":"2026-02-27T08:08:19","modified_gmt":"2026-02-27T08:08:19","slug":"songmics-smyckeskrin-med-3-nivaer","status":"publish","type":"product","link":"https:\/\/nordicmart.andreevmaster.com\/sv\/produkt\/songmics-smyckeskrin-med-3-nivaer\/","title":{"rendered":"SONGMICS smyckeskrin med 3 niv\u00e5er"},"content":{"rendered":"<p>Goda nyheter f\u00f6r smyckes\u00e4lskare Beundrar du glittrande smycken i butiken, men kan inte ta med dem hem eftersom du inte har plats f\u00f6r nya smycken? Ligger en \u00f6rh\u00e4nge p\u00e5 ditt sminkbord och har den andra f\u00f6rsvunnit av ok\u00e4nd anledning? Denna smyckeskrin med 3 niv\u00e5er kommer till din hj\u00e4lp. SONGMICS vet hur viktigt det \u00e4r att f\u00f6rvara din smyckessamling p\u00e5 ett ordnat s\u00e4tt. H\u00f6jdpunkterna i detta smyckeskrin: &#8211; Sammetskl\u00e4dsel och foder; mjukt och slitstarkt &#8211; Stabil struktur av tr\u00e4baserat material &#8211; Transparent glaslock &#8211; Snyggt bearbetade s\u00f6mmar; handtag av zinklegering &#8211; Svart f\u00e4rg &#8211; 2 l\u00e5dor, 8 rullar f\u00f6r ringar, 12 fyrkantiga fack och 4 smala fack Produktdetaljer:- F\u00e4rg: svart &#8211; Material: MDF (medeldensitetsfiberplatta), sammet &#8211; Storlek: 23,2 x 20,5 x 14 cm (L x B x H) &#8211; Vikt: 1,3 kg Leveransomfattning: &#8211; 1 x smyckeskrin &#8211; 1 x nyckel SONGMICS Anm\u00e4rkningar: &#8211; Nyckeln \u00e4r mycket liten. F\u00f6rvara den d\u00e4rf\u00f6r utom r\u00e4ckh\u00e5ll f\u00f6r barn p\u00e5 en s\u00e4ker plats f\u00f6r att undvika h\u00e4lsorisker genom inandning eller f\u00f6rt\u00e4ring av nyckeln.<\/p>\n","protected":false},"excerpt":{"rendered":"<p>SONGMICS smyckeskrin, smyckeskrin med 3 niv\u00e5er, smyckesbox, sammet, med glaslock, flera fack f\u00f6r halsband, armband, ringar, med l\u00e5s och nyckel, svart JBC158B01<\/p>\n","protected":false},"featured_media":40714,"comment_status":"open","ping_status":"closed","template":"","meta":[],"product_brand":[],"product_cat":[33],"product_tag":[],"class_list":{"0":"post-12480","1":"product","2":"type-product","3":"status-publish","4":"has-post-thumbnail","6":"product_cat-okategoriserad","8":"first","9":"instock","10":"shipping-taxable","11":"purchasable","12":"product-type-simple"},"_links":{"self":[{"href":"https:\/\/nordicmart.andreevmaster.com\/sv\/wp-json\/wp\/v2\/product\/12480","targetHints":{"allow":["GET"]}}],"collection":[{"href":"https:\/\/nordicmart.andreevmaster.com\/sv\/wp-json\/wp\/v2\/product"}],"about":[{"href":"https:\/\/nordicmart.andreevmaster.com\/sv\/wp-json\/wp\/v2\/types\/product"}],"replies":[{"embeddable":true,"href":"https:\/\/nordicmart.andreevmaster.com\/sv\/wp-json\/wp\/v2\/comments?post=12480"}],"wp:featuredmedia":[{"embeddable":true,"href":"https:\/\/nordicmart.andreevmaster.com\/sv\/wp-json\/wp\/v2\/media\/40714"}],"wp:attachment":[{"href":"https:\/\/nordicmart.andreevmaster.com\/sv\/wp-json\/wp\/v2\/media?parent=12480"}],"wp:term":[{"taxonomy":"product_brand","embeddable":true,"href":"https:\/\/nordicmart.andreevmaster.com\/sv\/wp-json\/wp\/v2\/product_brand?post=12480"},{"taxonomy":"product_cat","embeddable":true,"href":"https:\/\/nordicmart.andreevmaster.com\/sv\/wp-json\/wp\/v2\/product_cat?post=12480"},{"taxonomy":"product_tag","embeddable":true,"href":"https:\/\/nordicmart.andreevmaster.com\/sv\/wp-json\/wp\/v2\/product_tag?post=12480"}],"curies":[{"name":"wp","href":"https:\/\/api.w.org\/{rel}","templated":true}]}}