{"id":12479,"date":"2026-02-27T00:14:12","date_gmt":"2026-02-27T00:14:12","guid":{"rendered":"https:\/\/nordicmart.andreevmaster.com\/product\/songmics-smyckeskrin-med-glaslock-och-sammetskladsel-ljusbla\/"},"modified":"2026-02-27T08:08:19","modified_gmt":"2026-02-27T08:08:19","slug":"songmics-smyckeskrin-med-glaslock-och-sammetskladsel-ljusbla","status":"publish","type":"product","link":"https:\/\/nordicmart.andreevmaster.com\/sv\/produkt\/songmics-smyckeskrin-med-glaslock-och-sammetskladsel-ljusbla\/","title":{"rendered":"SONGMICS smyckeskrin med glaslock och sammetskl\u00e4dsel Ljusbl\u00e5"},"content":{"rendered":"<p>Se alltid bra ut Blir du galen varje g\u00e5ng du inte kan hitta en \u00f6rh\u00e4nge? Dags att \u00e4ndra p\u00e5 det! Med denna klassiska smyckeskrin fr\u00e5n SONGMICS kan du skapa ordning s\u00e5 att du hittar dina halsband eller \u00f6rh\u00e4ngen p\u00e5 nolltid. Fr\u00e5n och med nu kan du varje dag s\u00e4tta pricken \u00f6ver i p\u00e5 din outfit. Produktdetaljer: &#8211; F\u00e4rg: Ljusbl\u00e5 &#8211; Material: MDF (medeldensitetsfiberplatta), sammet, glas &#8211; Total storlek: 35 x 24 x 5 cm (L x B x H) &#8211; Vikt: 0,9 kg Leveransomfattning: &#8211; 1 x smyckeskrin SONGMICS Anm\u00e4rkningar: &#8211; Uts\u00e4tt inte produkten f\u00f6r direkt solljus och placera den inte i en fuktig milj\u00f6 under l\u00e4ngre perioder.<\/p>\n","protected":false},"excerpt":{"rendered":"<p>SONGMICS smyckeskrin, smyckesl\u00e5da med glaslock, 24 fack, f\u00f6r ringar, \u00f6rh\u00e4ngen, halsband och klockor, smyckesf\u00f6rvaring, present till dina n\u00e4ra och k\u00e4ra, gr\u00e5 JBC157G01<\/p>\n","protected":false},"featured_media":40713,"comment_status":"open","ping_status":"closed","template":"","meta":[],"product_brand":[],"product_cat":[33],"product_tag":[],"class_list":{"0":"post-12479","1":"product","2":"type-product","3":"status-publish","4":"has-post-thumbnail","6":"product_cat-okategoriserad","8":"first","9":"instock","10":"shipping-taxable","11":"purchasable","12":"product-type-simple"},"_links":{"self":[{"href":"https:\/\/nordicmart.andreevmaster.com\/sv\/wp-json\/wp\/v2\/product\/12479","targetHints":{"allow":["GET"]}}],"collection":[{"href":"https:\/\/nordicmart.andreevmaster.com\/sv\/wp-json\/wp\/v2\/product"}],"about":[{"href":"https:\/\/nordicmart.andreevmaster.com\/sv\/wp-json\/wp\/v2\/types\/product"}],"replies":[{"embeddable":true,"href":"https:\/\/nordicmart.andreevmaster.com\/sv\/wp-json\/wp\/v2\/comments?post=12479"}],"wp:featuredmedia":[{"embeddable":true,"href":"https:\/\/nordicmart.andreevmaster.com\/sv\/wp-json\/wp\/v2\/media\/40713"}],"wp:attachment":[{"href":"https:\/\/nordicmart.andreevmaster.com\/sv\/wp-json\/wp\/v2\/media?parent=12479"}],"wp:term":[{"taxonomy":"product_brand","embeddable":true,"href":"https:\/\/nordicmart.andreevmaster.com\/sv\/wp-json\/wp\/v2\/product_brand?post=12479"},{"taxonomy":"product_cat","embeddable":true,"href":"https:\/\/nordicmart.andreevmaster.com\/sv\/wp-json\/wp\/v2\/product_cat?post=12479"},{"taxonomy":"product_tag","embeddable":true,"href":"https:\/\/nordicmart.andreevmaster.com\/sv\/wp-json\/wp\/v2\/product_tag?post=12479"}],"curies":[{"name":"wp","href":"https:\/\/api.w.org\/{rel}","templated":true}]}}