{"id":12476,"date":"2026-02-27T00:14:12","date_gmt":"2026-02-27T00:14:12","guid":{"rendered":"https:\/\/nordicmart.andreevmaster.com\/product\/songmics-smyckeskrin-med-2-nivaer-ljusbla\/"},"modified":"2026-02-27T08:08:18","modified_gmt":"2026-02-27T08:08:18","slug":"songmics-smyckeskrin-med-2-nivaer-ljusbla","status":"publish","type":"product","link":"https:\/\/nordicmart.andreevmaster.com\/sv\/produkt\/songmics-smyckeskrin-med-2-nivaer-ljusbla\/","title":{"rendered":"SONGMICS smyckeskrin med 2 niv\u00e5er Ljusbl\u00e5"},"content":{"rendered":"<p>L\u00e5t dina smycken gl\u00e4nsa Dina skatter f\u00f6rtj\u00e4nar ett smyckeskrin som detta f\u00f6r att skydda sin sk\u00f6nhet. Det finns h\u00e5l f\u00f6r \u00f6rh\u00e4ngen och rullar f\u00f6r ringar. Andra accessoarer b\u00f6r f\u00f6rvaras separat i facken s\u00e5 att de inte trasslar ihop sig. Skydda dina skatter i detta skrin s\u00e5 att de alltid kan gl\u00e4nsa f\u00f6r dig. Produktdetaljer: &#8211; F\u00e4rg: Ljusbl\u00e5 &#8211; Material: MDF (medeldensitetsfiberplatta), sammetfoder &#8211; Storlek: 27 x 18,5 x 10,5 cm (L x B x H) &#8211; Vikt: 1,3 kg Leveransomfattning: &#8211; 1 x smyckeskrin &#8211; 1 x nyckel SONGMICS Anm\u00e4rkningar:- Uts\u00e4tt inte produkten f\u00f6r direkt solljus och placera den inte i en fuktig milj\u00f6 under l\u00e4ngre perioder.<\/p>\n","protected":false},"excerpt":{"rendered":"<p>SONGMICS smyckeskrin, smyckeskrin med 2 niv\u00e5er, en l\u00e5da, med nyckel, f\u00f6r ringar, \u00f6rh\u00e4ngen, halsband och klockor, smyckesf\u00f6rvaring, present till dina n\u00e4ra och k\u00e4ra, svart JBC156B01<\/p>\n","protected":false},"featured_media":40710,"comment_status":"open","ping_status":"closed","template":"","meta":[],"product_brand":[],"product_cat":[33],"product_tag":[],"class_list":{"0":"post-12476","1":"product","2":"type-product","3":"status-publish","4":"has-post-thumbnail","6":"product_cat-okategoriserad","8":"first","9":"instock","10":"shipping-taxable","11":"purchasable","12":"product-type-simple"},"_links":{"self":[{"href":"https:\/\/nordicmart.andreevmaster.com\/sv\/wp-json\/wp\/v2\/product\/12476","targetHints":{"allow":["GET"]}}],"collection":[{"href":"https:\/\/nordicmart.andreevmaster.com\/sv\/wp-json\/wp\/v2\/product"}],"about":[{"href":"https:\/\/nordicmart.andreevmaster.com\/sv\/wp-json\/wp\/v2\/types\/product"}],"replies":[{"embeddable":true,"href":"https:\/\/nordicmart.andreevmaster.com\/sv\/wp-json\/wp\/v2\/comments?post=12476"}],"wp:featuredmedia":[{"embeddable":true,"href":"https:\/\/nordicmart.andreevmaster.com\/sv\/wp-json\/wp\/v2\/media\/40710"}],"wp:attachment":[{"href":"https:\/\/nordicmart.andreevmaster.com\/sv\/wp-json\/wp\/v2\/media?parent=12476"}],"wp:term":[{"taxonomy":"product_brand","embeddable":true,"href":"https:\/\/nordicmart.andreevmaster.com\/sv\/wp-json\/wp\/v2\/product_brand?post=12476"},{"taxonomy":"product_cat","embeddable":true,"href":"https:\/\/nordicmart.andreevmaster.com\/sv\/wp-json\/wp\/v2\/product_cat?post=12476"},{"taxonomy":"product_tag","embeddable":true,"href":"https:\/\/nordicmart.andreevmaster.com\/sv\/wp-json\/wp\/v2\/product_tag?post=12476"}],"curies":[{"name":"wp","href":"https:\/\/api.w.org\/{rel}","templated":true}]}}