{"id":12472,"date":"2026-02-27T00:14:11","date_gmt":"2026-02-27T00:14:11","guid":{"rendered":"https:\/\/nordicmart.andreevmaster.com\/product\/songmics-barbar-smyckeskrin-svart\/"},"modified":"2026-02-27T08:08:17","modified_gmt":"2026-02-27T08:08:17","slug":"songmics-barbar-smyckeskrin-svart","status":"publish","type":"product","link":"https:\/\/nordicmart.andreevmaster.com\/sv\/produkt\/songmics-barbar-smyckeskrin-svart\/","title":{"rendered":"SONGMICS b\u00e4rbar smyckeskrin svart"},"content":{"rendered":"<p>En omedelbar favorit: De enkla linjerna, den kompakta storleken och det mjuka \u00f6verdraget i konstl\u00e4der \u2013 allt detta g\u00f6r detta smyckeskrin till ett stilfullt tillskott till din byr\u00e5 \u2013 och till ett perfekt hem f\u00f6r dina gl\u00e4nsande smycken. F\u00f6r resan? Precis r\u00e4tt: Oavsett om det \u00e4r f\u00f6r en dagsutflykt eller en l\u00e4ngre resa&#8230; De m\u00e5nga f\u00f6rvaringsutrymmena i detta smyckeskrin g\u00f6r det m\u00f6jligt att ta med sig dina viktigaste skatter p\u00e5 resan \u2013 best\u00e4m helt enkelt p\u00e5 plats vilka \u00f6rh\u00e4ngen och halsband du vill ha p\u00e5 dig! \u00c4nnu b\u00e4ttre: tack vare den l\u00e5sbara designen med 2 nycklar \u00e4r allt s\u00e4kert medan du njuter av resan.Produktdetaljer: F\u00e4rg: Svart Material: MDF (medeldensitetsfiberplatta), PU (polyuretan), sammet Storlek: 17,5 x 13,5 x 12 cm (L x B x H) Vikt: 0,9 kg Leveransomfattning: 1 x smyckeskrin<\/p>\n","protected":false},"excerpt":{"rendered":"<p>SONGMICS smyckeskrin, resesmyckeskrin, b\u00e4rbart, l\u00e5sbart smyckeskrin, med 2 l\u00e5dor, spegel, l\u00e5s och nyckel, presentid\u00e9, gr\u00e5tt JBC154G01<\/p>\n","protected":false},"featured_media":40706,"comment_status":"open","ping_status":"closed","template":"","meta":[],"product_brand":[],"product_cat":[33],"product_tag":[],"class_list":{"0":"post-12472","1":"product","2":"type-product","3":"status-publish","4":"has-post-thumbnail","6":"product_cat-okategoriserad","8":"first","9":"instock","10":"shipping-taxable","11":"purchasable","12":"product-type-simple"},"_links":{"self":[{"href":"https:\/\/nordicmart.andreevmaster.com\/sv\/wp-json\/wp\/v2\/product\/12472","targetHints":{"allow":["GET"]}}],"collection":[{"href":"https:\/\/nordicmart.andreevmaster.com\/sv\/wp-json\/wp\/v2\/product"}],"about":[{"href":"https:\/\/nordicmart.andreevmaster.com\/sv\/wp-json\/wp\/v2\/types\/product"}],"replies":[{"embeddable":true,"href":"https:\/\/nordicmart.andreevmaster.com\/sv\/wp-json\/wp\/v2\/comments?post=12472"}],"wp:featuredmedia":[{"embeddable":true,"href":"https:\/\/nordicmart.andreevmaster.com\/sv\/wp-json\/wp\/v2\/media\/40706"}],"wp:attachment":[{"href":"https:\/\/nordicmart.andreevmaster.com\/sv\/wp-json\/wp\/v2\/media?parent=12472"}],"wp:term":[{"taxonomy":"product_brand","embeddable":true,"href":"https:\/\/nordicmart.andreevmaster.com\/sv\/wp-json\/wp\/v2\/product_brand?post=12472"},{"taxonomy":"product_cat","embeddable":true,"href":"https:\/\/nordicmart.andreevmaster.com\/sv\/wp-json\/wp\/v2\/product_cat?post=12472"},{"taxonomy":"product_tag","embeddable":true,"href":"https:\/\/nordicmart.andreevmaster.com\/sv\/wp-json\/wp\/v2\/product_tag?post=12472"}],"curies":[{"name":"wp","href":"https:\/\/api.w.org\/{rel}","templated":true}]}}