{"id":12468,"date":"2026-02-27T00:14:10","date_gmt":"2026-02-27T00:14:10","guid":{"rendered":"https:\/\/nordicmart.andreevmaster.com\/product\/songmics-litet-smyckeskrin-guld\/"},"modified":"2026-02-27T08:08:16","modified_gmt":"2026-02-27T08:08:16","slug":"songmics-litet-smyckeskrin-guld","status":"publish","type":"product","link":"https:\/\/nordicmart.andreevmaster.com\/sv\/produkt\/songmics-litet-smyckeskrin-guld\/","title":{"rendered":"SONGMICS Litet smyckeskrin guld"},"content":{"rendered":"<p>Denna l\u00e4ttb\u00e4rbara smyckeskrin fr\u00e5n SONGMICS med speciell charm och utm\u00e4rkt funktionalitet \u00e4r det b\u00e4sta valet f\u00f6r att h\u00e5lla ordning p\u00e5 dina sm\u00e5 smycken under resan eller p\u00e5 ditt bord. Smyckeskrin p\u00e5 semestern eller en weekendresa! Klicka p\u00e5 &#8221;L\u00e4gg i varukorgen&#8221; nu och f\u00e5 denna underbara smyckeskrin direkt! Produktdetaljer: F\u00e4rg: guld Material: PU, kartong, sammet Nettovikt: 0,2 kg Leveransomfattning: 1 x smyckeskrin<\/p>\n","protected":false},"excerpt":{"rendered":"<p>SONGMICS Litet smyckeskrin f\u00f6r resor, smyckeskrin f\u00f6r ringar, \u00f6rh\u00e4ngen, halsband, svart JBC147BK<\/p>\n","protected":false},"featured_media":40702,"comment_status":"open","ping_status":"closed","template":"","meta":[],"product_brand":[],"product_cat":[33],"product_tag":[],"class_list":{"0":"post-12468","1":"product","2":"type-product","3":"status-publish","4":"has-post-thumbnail","6":"product_cat-okategoriserad","8":"first","9":"instock","10":"shipping-taxable","11":"purchasable","12":"product-type-simple"},"_links":{"self":[{"href":"https:\/\/nordicmart.andreevmaster.com\/sv\/wp-json\/wp\/v2\/product\/12468","targetHints":{"allow":["GET"]}}],"collection":[{"href":"https:\/\/nordicmart.andreevmaster.com\/sv\/wp-json\/wp\/v2\/product"}],"about":[{"href":"https:\/\/nordicmart.andreevmaster.com\/sv\/wp-json\/wp\/v2\/types\/product"}],"replies":[{"embeddable":true,"href":"https:\/\/nordicmart.andreevmaster.com\/sv\/wp-json\/wp\/v2\/comments?post=12468"}],"wp:featuredmedia":[{"embeddable":true,"href":"https:\/\/nordicmart.andreevmaster.com\/sv\/wp-json\/wp\/v2\/media\/40702"}],"wp:attachment":[{"href":"https:\/\/nordicmart.andreevmaster.com\/sv\/wp-json\/wp\/v2\/media?parent=12468"}],"wp:term":[{"taxonomy":"product_brand","embeddable":true,"href":"https:\/\/nordicmart.andreevmaster.com\/sv\/wp-json\/wp\/v2\/product_brand?post=12468"},{"taxonomy":"product_cat","embeddable":true,"href":"https:\/\/nordicmart.andreevmaster.com\/sv\/wp-json\/wp\/v2\/product_cat?post=12468"},{"taxonomy":"product_tag","embeddable":true,"href":"https:\/\/nordicmart.andreevmaster.com\/sv\/wp-json\/wp\/v2\/product_tag?post=12468"}],"curies":[{"name":"wp","href":"https:\/\/api.w.org\/{rel}","templated":true}]}}