{"id":12467,"date":"2026-02-27T00:14:10","date_gmt":"2026-02-27T00:14:10","guid":{"rendered":"https:\/\/nordicmart.andreevmaster.com\/product\/lille-smykkeskrin-sort-2\/"},"modified":"2026-02-27T08:08:16","modified_gmt":"2026-02-27T08:08:16","slug":"lille-smykkeskrin-sort-2","status":"publish","type":"product","link":"https:\/\/nordicmart.andreevmaster.com\/sv\/produkt\/lille-smykkeskrin-sort-2\/","title":{"rendered":"Lille smykkeskrin sort"},"content":{"rendered":"<p>Dette let transportable smykkeskrin fra SONGMICS med s\u00e6rlig charme og fremragende funktionalitet er det bedste valg til at holde orden p\u00e5 dine sm\u00e5 smykker p\u00e5 rejsen eller p\u00e5 bordet. Smykkeskrin til ferien eller weekendturen! Klicka p\u00e5 &#8221;L\u00e4gg i varukorgen&#8221; nu och f\u00e5 detta underbara smyckeskrin direkt! Produktdetaljer: F\u00e4rg: svart Material: PU, pap, sammet Nettovikt: 0,2 kg Bruttovikt: 0,27 kg Leveransomfattning: 1 x smyckeskrin<\/p>\n","protected":false},"excerpt":{"rendered":"<p>Dette let transportable smykkeskrin fra SONGMICS med s\u00e6rlig charme og fremragende funktionalitet er det bedste valg til at holde orden p\u00e5 dine sm\u00e5 smykker p\u00e5 rejsen eller p\u00e5 bordet. Smykkeskrin til ferien eller weekendturen! Klicka p\u00e5 &#8221;L\u00e4gg i varukorgen&#8221; nu och f\u00e5 detta underbara smyckeskrin direkt! Produktdetaljer: F\u00e4rg: svart Material: PU, pap, sammet Nettovikt: 0,2 [&hellip;]<\/p>\n","protected":false},"featured_media":0,"comment_status":"open","ping_status":"closed","template":"","meta":[],"product_brand":[],"product_cat":[33],"product_tag":[],"class_list":{"0":"post-12467","1":"product","2":"type-product","3":"status-publish","5":"product_cat-okategoriserad","7":"first","8":"instock","9":"shipping-taxable","10":"product-type-simple"},"_links":{"self":[{"href":"https:\/\/nordicmart.andreevmaster.com\/sv\/wp-json\/wp\/v2\/product\/12467","targetHints":{"allow":["GET"]}}],"collection":[{"href":"https:\/\/nordicmart.andreevmaster.com\/sv\/wp-json\/wp\/v2\/product"}],"about":[{"href":"https:\/\/nordicmart.andreevmaster.com\/sv\/wp-json\/wp\/v2\/types\/product"}],"replies":[{"embeddable":true,"href":"https:\/\/nordicmart.andreevmaster.com\/sv\/wp-json\/wp\/v2\/comments?post=12467"}],"wp:attachment":[{"href":"https:\/\/nordicmart.andreevmaster.com\/sv\/wp-json\/wp\/v2\/media?parent=12467"}],"wp:term":[{"taxonomy":"product_brand","embeddable":true,"href":"https:\/\/nordicmart.andreevmaster.com\/sv\/wp-json\/wp\/v2\/product_brand?post=12467"},{"taxonomy":"product_cat","embeddable":true,"href":"https:\/\/nordicmart.andreevmaster.com\/sv\/wp-json\/wp\/v2\/product_cat?post=12467"},{"taxonomy":"product_tag","embeddable":true,"href":"https:\/\/nordicmart.andreevmaster.com\/sv\/wp-json\/wp\/v2\/product_tag?post=12467"}],"curies":[{"name":"wp","href":"https:\/\/api.w.org\/{rel}","templated":true}]}}