{"id":12465,"date":"2026-02-27T00:14:09","date_gmt":"2026-02-27T00:14:09","guid":{"rendered":"https:\/\/nordicmart.andreevmaster.com\/product\/songmics-smyckeskrin-for-resan\/"},"modified":"2026-02-27T08:08:16","modified_gmt":"2026-02-27T08:08:16","slug":"songmics-smyckeskrin-for-resan","status":"publish","type":"product","link":"https:\/\/nordicmart.andreevmaster.com\/sv\/produkt\/songmics-smyckeskrin-for-resan\/","title":{"rendered":"SONGMICS smyckeskrin f\u00f6r resan"},"content":{"rendered":"<p>Om du har sett fram emot en h\u00e4rlig semester l\u00e4nge finns det inget mer frustrerande \u00e4n att beh\u00f6va reda ut kedjor eller \u00f6rh\u00e4ngen och ringar som har trasslat ihop sig n\u00e4r du v\u00e4l kommit fram. SONGMICS smyckeskrin hj\u00e4lper dig! Denna smyckesl\u00e5da \u00e4r b\u00e5de stilfull och superfunktionell och har allt som en smyckes\u00e4lskare kan \u00f6nska sig i en kompakt, l\u00e4tt l\u00e5da.Med sitt eleganta utseende och funktionella inredning h\u00e5ller smyckeskrinet alla dina semestresmycken snyggt och stilfullt. Oavsett om du letar efter en idiots\u00e4ker f\u00f6rvaring f\u00f6r resan eller bara vill organisera smyckena p\u00e5 ditt sminkbord, s\u00e5 klarar detta lilla smyckeskrin det! Produktdetaljer:F\u00e4rg: Svart Material: PU, kartong, glas, sammet M\u00e5tt: 11 x 11 x 6 cm (L x B x H) Nettovikt: 0,2 kg Leveransomfattning: 1 x smyckeskrin<\/p>\n","protected":false},"excerpt":{"rendered":"<p>SONGMICS smyckeskrin f\u00f6r resor, litet smyckeskrin f\u00f6r ringar, \u00f6rh\u00e4ngen, med spegel p\u00e5 insidan, kr\u00e4mf\u00e4rgat JBC146BE<\/p>\n","protected":false},"featured_media":40700,"comment_status":"open","ping_status":"closed","template":"","meta":[],"product_brand":[],"product_cat":[33],"product_tag":[],"class_list":{"0":"post-12465","1":"product","2":"type-product","3":"status-publish","4":"has-post-thumbnail","6":"product_cat-okategoriserad","8":"first","9":"instock","10":"shipping-taxable","11":"purchasable","12":"product-type-simple"},"_links":{"self":[{"href":"https:\/\/nordicmart.andreevmaster.com\/sv\/wp-json\/wp\/v2\/product\/12465","targetHints":{"allow":["GET"]}}],"collection":[{"href":"https:\/\/nordicmart.andreevmaster.com\/sv\/wp-json\/wp\/v2\/product"}],"about":[{"href":"https:\/\/nordicmart.andreevmaster.com\/sv\/wp-json\/wp\/v2\/types\/product"}],"replies":[{"embeddable":true,"href":"https:\/\/nordicmart.andreevmaster.com\/sv\/wp-json\/wp\/v2\/comments?post=12465"}],"wp:featuredmedia":[{"embeddable":true,"href":"https:\/\/nordicmart.andreevmaster.com\/sv\/wp-json\/wp\/v2\/media\/40700"}],"wp:attachment":[{"href":"https:\/\/nordicmart.andreevmaster.com\/sv\/wp-json\/wp\/v2\/media?parent=12465"}],"wp:term":[{"taxonomy":"product_brand","embeddable":true,"href":"https:\/\/nordicmart.andreevmaster.com\/sv\/wp-json\/wp\/v2\/product_brand?post=12465"},{"taxonomy":"product_cat","embeddable":true,"href":"https:\/\/nordicmart.andreevmaster.com\/sv\/wp-json\/wp\/v2\/product_cat?post=12465"},{"taxonomy":"product_tag","embeddable":true,"href":"https:\/\/nordicmart.andreevmaster.com\/sv\/wp-json\/wp\/v2\/product_tag?post=12465"}],"curies":[{"name":"wp","href":"https:\/\/api.w.org\/{rel}","templated":true}]}}