{"id":12464,"date":"2026-02-27T00:14:09","date_gmt":"2026-02-27T00:14:09","guid":{"rendered":"https:\/\/nordicmart.andreevmaster.com\/product\/songmics-smyckeskrin-barbart-pu-overdrag-presentide-molnvit\/"},"modified":"2026-02-27T08:08:16","modified_gmt":"2026-02-27T08:08:16","slug":"songmics-smyckeskrin-barbart-pu-overdrag-presentide-molnvit","status":"publish","type":"product","link":"https:\/\/nordicmart.andreevmaster.com\/sv\/produkt\/songmics-smyckeskrin-barbart-pu-overdrag-presentide-molnvit\/","title":{"rendered":"SONGMICS smyckeskrin b\u00e4rbart PU-\u00f6verdrag Presentid\u00e9 molnvit"},"content":{"rendered":"<p>SONGMICS smyckeskrin f\u00f6r resor, litet smyckeskrin f\u00f6r ringar, \u00f6rh\u00e4ngen, med spegel p\u00e5 insidan, kr\u00e4mf\u00e4rgat JBC146BE<br \/>\n&#8211; F\u00e4rg: Molnvit<br \/>\n&#8211; Material: MDF (medeldensitetsfiberplatta), PU (polyuretan), sammet<br \/>\n&#8211; Storlek: 11,4 x 11,4 x 5,5 cm (D x B x H)<br \/>\n&#8211; Vikt: 0,3 kg<\/p>\n","protected":false},"excerpt":{"rendered":"<p>SONGMICS smyckeskrin f\u00f6r resor, litet smyckeskrin f\u00f6r ringar, \u00f6rh\u00e4ngen, med spegel p\u00e5 insidan, kr\u00e4mf\u00e4rgat JBC146BE<\/p>\n","protected":false},"featured_media":40699,"comment_status":"open","ping_status":"closed","template":"","meta":[],"product_brand":[],"product_cat":[33],"product_tag":[],"class_list":{"0":"post-12464","1":"product","2":"type-product","3":"status-publish","4":"has-post-thumbnail","6":"product_cat-okategoriserad","8":"first","9":"instock","10":"shipping-taxable","11":"purchasable","12":"product-type-simple"},"_links":{"self":[{"href":"https:\/\/nordicmart.andreevmaster.com\/sv\/wp-json\/wp\/v2\/product\/12464","targetHints":{"allow":["GET"]}}],"collection":[{"href":"https:\/\/nordicmart.andreevmaster.com\/sv\/wp-json\/wp\/v2\/product"}],"about":[{"href":"https:\/\/nordicmart.andreevmaster.com\/sv\/wp-json\/wp\/v2\/types\/product"}],"replies":[{"embeddable":true,"href":"https:\/\/nordicmart.andreevmaster.com\/sv\/wp-json\/wp\/v2\/comments?post=12464"}],"wp:featuredmedia":[{"embeddable":true,"href":"https:\/\/nordicmart.andreevmaster.com\/sv\/wp-json\/wp\/v2\/media\/40699"}],"wp:attachment":[{"href":"https:\/\/nordicmart.andreevmaster.com\/sv\/wp-json\/wp\/v2\/media?parent=12464"}],"wp:term":[{"taxonomy":"product_brand","embeddable":true,"href":"https:\/\/nordicmart.andreevmaster.com\/sv\/wp-json\/wp\/v2\/product_brand?post=12464"},{"taxonomy":"product_cat","embeddable":true,"href":"https:\/\/nordicmart.andreevmaster.com\/sv\/wp-json\/wp\/v2\/product_cat?post=12464"},{"taxonomy":"product_tag","embeddable":true,"href":"https:\/\/nordicmart.andreevmaster.com\/sv\/wp-json\/wp\/v2\/product_tag?post=12464"}],"curies":[{"name":"wp","href":"https:\/\/api.w.org\/{rel}","templated":true}]}}