{"id":12463,"date":"2026-02-27T00:14:09","date_gmt":"2026-02-27T00:14:09","guid":{"rendered":"https:\/\/nordicmart.andreevmaster.com\/product\/songmics-liten-smyckeskrin-kramfargad\/"},"modified":"2026-02-27T08:08:16","modified_gmt":"2026-02-27T08:08:16","slug":"songmics-liten-smyckeskrin-kramfargad","status":"publish","type":"product","link":"https:\/\/nordicmart.andreevmaster.com\/sv\/produkt\/songmics-liten-smyckeskrin-kramfargad\/","title":{"rendered":"SONGMICS Liten smyckeskrin kr\u00e4mf\u00e4rgad"},"content":{"rendered":"<p>Om du har sett fram emot en h\u00e4rlig semester l\u00e4nge finns det inget mer frustrerande \u00e4n att beh\u00f6va reda ut kedjorna n\u00e4r du kommer fram till destinationen, eller att \u00f6rh\u00e4ngen och ringar har trasslat ihop sig. SONGMICS smyckeskrin hj\u00e4lper dig! Denna smyckesl\u00e5da \u00e4r b\u00e5de stilfull och superfunktionell och har allt som en smyckes\u00e4lskare kan \u00f6nska sig i en kompakt, l\u00e4tt l\u00e5da. Med sitt eleganta utseende och funktionella inredning h\u00e5ller smyckesl\u00e5dan ordning p\u00e5 alla dina semestersmycken p\u00e5 ett snyggt och stilfullt s\u00e4tt. Oavsett om du letar efter en idiots\u00e4ker f\u00f6rvaring f\u00f6r resan eller bara vill organisera smyckena p\u00e5 ditt sminkbord, s\u00e5 klarar denna lilla smyckeskrin det! Produktdetaljer: &#8211; F\u00e4rg: kr\u00e4mf\u00e4rgad &#8211; Material: PU, kartong, glas, sammet &#8211; M\u00e5tt: 11 x 6 x 11 cm (B x H x D) &#8211; Nettovikt: 0,23 kg &#8211; Bruttovikt: 0,28 kg Leveransomfattning: &#8211; 1 x smyckeskrin SONGICs anvisningar:- Ytan av PU b\u00f6r skyddas noggrant mot st\u00f6tar och repor. &#8211; Anv\u00e4nd en fuktig trasa f\u00f6r reng\u00f6ring och var f\u00f6rsiktig s\u00e5 att inget vatten tr\u00e4nger in i l\u00e5dan.<\/p>\n","protected":false},"excerpt":{"rendered":"<p>SONGMICS smyckeskrin f\u00f6r resor, litet smyckeskrin f\u00f6r ringar, \u00f6rh\u00e4ngen, med spegel p\u00e5 insidan, kr\u00e4mf\u00e4rgat JBC146BE<\/p>\n","protected":false},"featured_media":40698,"comment_status":"open","ping_status":"closed","template":"","meta":[],"product_brand":[],"product_cat":[33],"product_tag":[],"class_list":{"0":"post-12463","1":"product","2":"type-product","3":"status-publish","4":"has-post-thumbnail","6":"product_cat-okategoriserad","8":"first","9":"instock","10":"shipping-taxable","11":"purchasable","12":"product-type-simple"},"_links":{"self":[{"href":"https:\/\/nordicmart.andreevmaster.com\/sv\/wp-json\/wp\/v2\/product\/12463","targetHints":{"allow":["GET"]}}],"collection":[{"href":"https:\/\/nordicmart.andreevmaster.com\/sv\/wp-json\/wp\/v2\/product"}],"about":[{"href":"https:\/\/nordicmart.andreevmaster.com\/sv\/wp-json\/wp\/v2\/types\/product"}],"replies":[{"embeddable":true,"href":"https:\/\/nordicmart.andreevmaster.com\/sv\/wp-json\/wp\/v2\/comments?post=12463"}],"wp:featuredmedia":[{"embeddable":true,"href":"https:\/\/nordicmart.andreevmaster.com\/sv\/wp-json\/wp\/v2\/media\/40698"}],"wp:attachment":[{"href":"https:\/\/nordicmart.andreevmaster.com\/sv\/wp-json\/wp\/v2\/media?parent=12463"}],"wp:term":[{"taxonomy":"product_brand","embeddable":true,"href":"https:\/\/nordicmart.andreevmaster.com\/sv\/wp-json\/wp\/v2\/product_brand?post=12463"},{"taxonomy":"product_cat","embeddable":true,"href":"https:\/\/nordicmart.andreevmaster.com\/sv\/wp-json\/wp\/v2\/product_cat?post=12463"},{"taxonomy":"product_tag","embeddable":true,"href":"https:\/\/nordicmart.andreevmaster.com\/sv\/wp-json\/wp\/v2\/product_tag?post=12463"}],"curies":[{"name":"wp","href":"https:\/\/api.w.org\/{rel}","templated":true}]}}