{"id":12462,"date":"2026-02-27T00:14:09","date_gmt":"2026-02-27T00:14:09","guid":{"rendered":"https:\/\/nordicmart.andreevmaster.com\/product\/songmics-smyckeskrin-med-6-nivaer\/"},"modified":"2026-02-27T08:08:15","modified_gmt":"2026-02-27T08:08:15","slug":"songmics-smyckeskrin-med-6-nivaer","status":"publish","type":"product","link":"https:\/\/nordicmart.andreevmaster.com\/sv\/produkt\/songmics-smyckeskrin-med-6-nivaer\/","title":{"rendered":"SONGMICS smyckeskrin med 6 niv\u00e5er"},"content":{"rendered":"<p>Hitta r\u00e4tt f\u00f6rvaringsl\u00f6sning Ligger dina smycken utspridda \u00f6ver hela huset och har du inte anv\u00e4nt vissa av dem p\u00e5 l\u00e4nge eftersom du har gl\u00f6mt var de finns? D\u00e5 b\u00f6r du prova denna rymliga smyckesorganiserare! Med den kan du f\u00f6rvara alla dina smycken p\u00e5 ett st\u00e4lle. De 6 hyllplan med olika layouter g\u00f6r att du kan f\u00f6rvara dina v\u00e4rdesaker sorterade, medan det robusta MDF-stativet och det mjuka sammetfodret ger optimalt skydd. Sk\u00e4m bort dina \u00f6gon med denna eleganta l\u00e5da Gr\u00e5 konstl\u00e4dersyta, gl\u00e4nsande metallelement, enkelt utseende utan krusiduller \u2013 denna smyckeskrin utstr\u00e5lar en tidl\u00f6s charm p\u00e5 ditt sminkbord eller i din smyckesbutik. Dessutom \u00e4r denna l\u00e5da perfekt som present till dina n\u00e4ra och k\u00e4ra, som s\u00e4kert kommer att str\u00e5la av gl\u00e4dje n\u00e4r de f\u00e5r denna present. Produktdetaljer:- F\u00e4rg: Gr\u00e5 &#8211; Material: MDF (medeldensitetsfiberplatta), PU-\u00f6verdrag (polyuretan), sammetfoder &#8211; Total storlek: 30,2 x 21 x 31,3 cm (L x B x H) &#8211; Vikt: 4,8 kg Leveransomfattning: &#8211; 1 x smyckeskrin<\/p>\n","protected":false},"excerpt":{"rendered":"<p>SONGMICS Smyckeskrin stort Smyckeskrin 6 niv\u00e5er med 5 l\u00e5dor Spegel Vitt JBC138<\/p>\n","protected":false},"featured_media":40697,"comment_status":"open","ping_status":"closed","template":"","meta":[],"product_brand":[],"product_cat":[33],"product_tag":[],"class_list":{"0":"post-12462","1":"product","2":"type-product","3":"status-publish","4":"has-post-thumbnail","6":"product_cat-okategoriserad","8":"first","9":"instock","10":"shipping-taxable","11":"purchasable","12":"product-type-simple"},"_links":{"self":[{"href":"https:\/\/nordicmart.andreevmaster.com\/sv\/wp-json\/wp\/v2\/product\/12462","targetHints":{"allow":["GET"]}}],"collection":[{"href":"https:\/\/nordicmart.andreevmaster.com\/sv\/wp-json\/wp\/v2\/product"}],"about":[{"href":"https:\/\/nordicmart.andreevmaster.com\/sv\/wp-json\/wp\/v2\/types\/product"}],"replies":[{"embeddable":true,"href":"https:\/\/nordicmart.andreevmaster.com\/sv\/wp-json\/wp\/v2\/comments?post=12462"}],"wp:featuredmedia":[{"embeddable":true,"href":"https:\/\/nordicmart.andreevmaster.com\/sv\/wp-json\/wp\/v2\/media\/40697"}],"wp:attachment":[{"href":"https:\/\/nordicmart.andreevmaster.com\/sv\/wp-json\/wp\/v2\/media?parent=12462"}],"wp:term":[{"taxonomy":"product_brand","embeddable":true,"href":"https:\/\/nordicmart.andreevmaster.com\/sv\/wp-json\/wp\/v2\/product_brand?post=12462"},{"taxonomy":"product_cat","embeddable":true,"href":"https:\/\/nordicmart.andreevmaster.com\/sv\/wp-json\/wp\/v2\/product_cat?post=12462"},{"taxonomy":"product_tag","embeddable":true,"href":"https:\/\/nordicmart.andreevmaster.com\/sv\/wp-json\/wp\/v2\/product_tag?post=12462"}],"curies":[{"name":"wp","href":"https:\/\/api.w.org\/{rel}","templated":true}]}}