{"id":12461,"date":"2026-02-27T00:14:08","date_gmt":"2026-02-27T00:14:08","guid":{"rendered":"https:\/\/nordicmart.andreevmaster.com\/product\/songmics-smyckeskrin-med-5-lador-svart\/"},"modified":"2026-02-27T08:08:15","modified_gmt":"2026-02-27T08:08:15","slug":"songmics-smyckeskrin-med-5-lador-svart","status":"publish","type":"product","link":"https:\/\/nordicmart.andreevmaster.com\/sv\/produkt\/songmics-smyckeskrin-med-5-lador-svart\/","title":{"rendered":"SONGMICS smyckeskrin med 5 l\u00e5dor, svart"},"content":{"rendered":"<p>Svart smyckeskrin med 6 niv\u00e5er SONGMICS smyckeskrin, som \u00e4r kl\u00e4tt med h\u00f6gkvalitativ PU och kl\u00e4tt med sammet p\u00e5 insidan, erbjuder en idealisk f\u00f6rvaring f\u00f6r dina smycken. M\u00e5ngsidig anv\u00e4ndbarhet och elegant utseende \u00d6rh\u00e4ngen, ringar, klockor, kedjor, glas\u00f6gon etc. f\u00f6rvaras snyggt och skyddas mot damm och repor. Produktdetaljer: &#8211; F\u00e4rg: svart &#8211; M\u00e5tt: 30,5 x 31,5 x 21,5 cm (B x H x D) &#8211; M\u00e5tt p\u00e5 l\u00e5da (2:a-4:e v\u00e5ningen): 28,5 x 3,2 x 19,5 cm (B x H x D) &#8211; M\u00e5tt p\u00e5 l\u00e5da (5:e niv\u00e5n): 28,5 x 4,5 x 19,5 cm (B x H x D) &#8211; M\u00e5tt p\u00e5 l\u00e5da (6:e niv\u00e5n): 28,5 x 6,5 x 19,5 cm (B x H x D) &#8211; Fackm\u00e5tt f\u00f6r 6:e niv\u00e5n: 6,5 x 4 x 9,5 cm (B x H x D) &#8211; Material: MDF-skiva + PU + sammet &#8211; Nettovikt: 4,48 kg Leveransomfattning: &#8211; 1 x smyckeskrin<\/p>\n","protected":false},"excerpt":{"rendered":"<p>SONGMICS Smyckeskrin stort Smyckeskrin 6 niv\u00e5er med 5 l\u00e5dor Spegel Vitt JBC138<\/p>\n","protected":false},"featured_media":40696,"comment_status":"open","ping_status":"closed","template":"","meta":[],"product_brand":[],"product_cat":[33],"product_tag":[],"class_list":{"0":"post-12461","1":"product","2":"type-product","3":"status-publish","4":"has-post-thumbnail","6":"product_cat-okategoriserad","8":"first","9":"instock","10":"shipping-taxable","11":"purchasable","12":"product-type-simple"},"_links":{"self":[{"href":"https:\/\/nordicmart.andreevmaster.com\/sv\/wp-json\/wp\/v2\/product\/12461","targetHints":{"allow":["GET"]}}],"collection":[{"href":"https:\/\/nordicmart.andreevmaster.com\/sv\/wp-json\/wp\/v2\/product"}],"about":[{"href":"https:\/\/nordicmart.andreevmaster.com\/sv\/wp-json\/wp\/v2\/types\/product"}],"replies":[{"embeddable":true,"href":"https:\/\/nordicmart.andreevmaster.com\/sv\/wp-json\/wp\/v2\/comments?post=12461"}],"wp:featuredmedia":[{"embeddable":true,"href":"https:\/\/nordicmart.andreevmaster.com\/sv\/wp-json\/wp\/v2\/media\/40696"}],"wp:attachment":[{"href":"https:\/\/nordicmart.andreevmaster.com\/sv\/wp-json\/wp\/v2\/media?parent=12461"}],"wp:term":[{"taxonomy":"product_brand","embeddable":true,"href":"https:\/\/nordicmart.andreevmaster.com\/sv\/wp-json\/wp\/v2\/product_brand?post=12461"},{"taxonomy":"product_cat","embeddable":true,"href":"https:\/\/nordicmart.andreevmaster.com\/sv\/wp-json\/wp\/v2\/product_cat?post=12461"},{"taxonomy":"product_tag","embeddable":true,"href":"https:\/\/nordicmart.andreevmaster.com\/sv\/wp-json\/wp\/v2\/product_tag?post=12461"}],"curies":[{"name":"wp","href":"https:\/\/api.w.org\/{rel}","templated":true}]}}