{"id":12460,"date":"2026-02-27T00:14:08","date_gmt":"2026-02-27T00:14:08","guid":{"rendered":"https:\/\/nordicmart.andreevmaster.com\/product\/songmics-smyckeskrin-5-lador-vitt\/"},"modified":"2026-02-27T08:08:15","modified_gmt":"2026-02-27T08:08:15","slug":"songmics-smyckeskrin-5-lador-vitt","status":"publish","type":"product","link":"https:\/\/nordicmart.andreevmaster.com\/sv\/produkt\/songmics-smyckeskrin-5-lador-vitt\/","title":{"rendered":"SONGMICS smyckeskrin 5 l\u00e5dor vitt"},"content":{"rendered":"<p>En vacker, elegant och tidl\u00f6s smyckeskrin! Denna eleganta smyckeskrin \u00f6vertygar inte bara med sin eleganta design, utan ocks\u00e5 med sitt stora f\u00f6rvaringsutrymme. 6 niv\u00e5er erbjuder olika f\u00f6rvaringsm\u00f6jligheter f\u00f6r dina ringar, armband, kedjor och mycket mer \u2013 \u00e4ven p\u00e5 resan. Denna eleganta smyckeskrin fr\u00e5n Songmics \u00e4r ett m\u00e5ste f\u00f6r alla smyckes\u00e4lskare. F\u00f6rvaring och sk\u00f6tsel: &#8211; Placera smyckeskrinet i ett ventilerat rum och undvik att l\u00e4mna skrinet i solen eller i ett rum med h\u00f6g luftfuktighet under en l\u00e4ngre tid. L\u00e4mplig temperatur: 10-40 \u2103. &#8211; Fl\u00e4ckar p\u00e5 ytan kan torkas bort med en l\u00e4tt fuktad trasa. Undvik att vatten tr\u00e4nger in i smyckeskrinet. &#8211; Anv\u00e4nd regelbundet det speciella sk\u00f6tselmedlet f\u00f6r konstl\u00e4der f\u00f6r att bevara konstl\u00e4drets glans under l\u00e5ng tid. &#8211; Skydda smyckeskrinet fr\u00e5n att bli krossat vid f\u00f6rvaring. &#8211; F\u00f6rvara inte smyckeskrinet tillsammans med kemikalier. Produktdetaljer:  &#8211; F\u00e4rg: vit &#8211; M\u00e5tt: 30,5 x 31,5 x 21,5 cm (B x H x D) &#8211; M\u00e5tt p\u00e5 l\u00e5da (2:a\u20134:e niv\u00e5n): 28,5 x 3,2 x 19,5 cm (B x H x D) &#8211; M\u00e5tt p\u00e5 l\u00e5da (5:e niv\u00e5n): 28,5 x 4,5 x 19,5 cm (B x H x D) &#8211; M\u00e5tt p\u00e5 l\u00e5da (6:e niv\u00e5n): 28,5 x 6,5 x 19,5 cm (B x H x D) &#8211; Fackm\u00e5tt p\u00e5 6:e niv\u00e5n: 6,5 x 4 x 9,5 cm (B x H x D) &#8211; Material: MDF-skiva + PU + sammet &#8211; Nettovikt: 4,48 kg<\/p>\n","protected":false},"excerpt":{"rendered":"<p>SONGMICS Smyckeskrin stort Smyckeskrin 6 niv\u00e5er med 5 l\u00e5dor Spegel Vitt JBC138<\/p>\n","protected":false},"featured_media":40695,"comment_status":"open","ping_status":"closed","template":"","meta":[],"product_brand":[],"product_cat":[33],"product_tag":[],"class_list":{"0":"post-12460","1":"product","2":"type-product","3":"status-publish","4":"has-post-thumbnail","6":"product_cat-okategoriserad","8":"first","9":"instock","10":"shipping-taxable","11":"purchasable","12":"product-type-simple"},"_links":{"self":[{"href":"https:\/\/nordicmart.andreevmaster.com\/sv\/wp-json\/wp\/v2\/product\/12460","targetHints":{"allow":["GET"]}}],"collection":[{"href":"https:\/\/nordicmart.andreevmaster.com\/sv\/wp-json\/wp\/v2\/product"}],"about":[{"href":"https:\/\/nordicmart.andreevmaster.com\/sv\/wp-json\/wp\/v2\/types\/product"}],"replies":[{"embeddable":true,"href":"https:\/\/nordicmart.andreevmaster.com\/sv\/wp-json\/wp\/v2\/comments?post=12460"}],"wp:featuredmedia":[{"embeddable":true,"href":"https:\/\/nordicmart.andreevmaster.com\/sv\/wp-json\/wp\/v2\/media\/40695"}],"wp:attachment":[{"href":"https:\/\/nordicmart.andreevmaster.com\/sv\/wp-json\/wp\/v2\/media?parent=12460"}],"wp:term":[{"taxonomy":"product_brand","embeddable":true,"href":"https:\/\/nordicmart.andreevmaster.com\/sv\/wp-json\/wp\/v2\/product_brand?post=12460"},{"taxonomy":"product_cat","embeddable":true,"href":"https:\/\/nordicmart.andreevmaster.com\/sv\/wp-json\/wp\/v2\/product_cat?post=12460"},{"taxonomy":"product_tag","embeddable":true,"href":"https:\/\/nordicmart.andreevmaster.com\/sv\/wp-json\/wp\/v2\/product_tag?post=12460"}],"curies":[{"name":"wp","href":"https:\/\/api.w.org\/{rel}","templated":true}]}}