{"id":12459,"date":"2026-02-27T00:14:08","date_gmt":"2026-02-27T00:14:08","guid":{"rendered":"https:\/\/nordicmart.andreevmaster.com\/product\/songmics-sot-smyckeskrin-vit\/"},"modified":"2026-02-27T08:08:15","modified_gmt":"2026-02-27T08:08:15","slug":"songmics-sot-smyckeskrin-vit","status":"publish","type":"product","link":"https:\/\/nordicmart.andreevmaster.com\/sv\/produkt\/songmics-sot-smyckeskrin-vit\/","title":{"rendered":"SONGMICS S\u00f6t smyckeskrin Vit"},"content":{"rendered":"<p>Produktdetaljer: &#8211; F\u00e4rg: Vit &#8211; Material: Yta: Konstl\u00e4der; Ram: Medeldensitetspasspartout; Inre: Sammet &#8211; Produktm\u00e5tt: 24,5 x 15,5 x 16 cm (L x B x H) &#8211; M\u00e5tt p\u00e5 f\u00f6rsta\/andra l\u00e5dan: 22 x 12 x 2,5 cm (L x B x H) &#8211; Vikt: 1,8 kg F\u00f6rvaring och sk\u00f6tsel: &#8211; Placera smyckeskrinet i ett ventilerat rum och undvik att l\u00e4mna det i solen eller i ett rum med h\u00f6g luftfuktighet under l\u00e4ngre tid. L\u00e4mplig temperatur: 10-40 \u2103. &#8211; Fl\u00e4ckar p\u00e5 ytan kan torkas bort med en l\u00e4tt fuktad trasa. Undvik att vatten tr\u00e4nger in i smyckeskrinet.- Anv\u00e4nd regelbundet det speciella sk\u00f6tselmedlet f\u00f6r konstl\u00e4der f\u00f6r att bevara konstl\u00e4drets glans under l\u00e5ng tid. &#8211; Skydda smyckeskrinet fr\u00e5n att krossas vid f\u00f6rvaring. &#8211; F\u00f6rvara inte smyckeskrinet tillsammans med kemikalier. Leveransomfattning: &#8211; 1 x smyckeskrin &#8211; 2 x nycklar &#8211; Utan smycken<\/p>\n","protected":false},"excerpt":{"rendered":"<p>SONGMICS smyckeskrin med l\u00e5sbar spegell\u00e5da och minibox, vitt JBC126W<\/p>\n","protected":false},"featured_media":40694,"comment_status":"open","ping_status":"closed","template":"","meta":[],"product_brand":[],"product_cat":[33],"product_tag":[],"class_list":{"0":"post-12459","1":"product","2":"type-product","3":"status-publish","4":"has-post-thumbnail","6":"product_cat-okategoriserad","8":"first","9":"instock","10":"shipping-taxable","11":"purchasable","12":"product-type-simple"},"_links":{"self":[{"href":"https:\/\/nordicmart.andreevmaster.com\/sv\/wp-json\/wp\/v2\/product\/12459","targetHints":{"allow":["GET"]}}],"collection":[{"href":"https:\/\/nordicmart.andreevmaster.com\/sv\/wp-json\/wp\/v2\/product"}],"about":[{"href":"https:\/\/nordicmart.andreevmaster.com\/sv\/wp-json\/wp\/v2\/types\/product"}],"replies":[{"embeddable":true,"href":"https:\/\/nordicmart.andreevmaster.com\/sv\/wp-json\/wp\/v2\/comments?post=12459"}],"wp:featuredmedia":[{"embeddable":true,"href":"https:\/\/nordicmart.andreevmaster.com\/sv\/wp-json\/wp\/v2\/media\/40694"}],"wp:attachment":[{"href":"https:\/\/nordicmart.andreevmaster.com\/sv\/wp-json\/wp\/v2\/media?parent=12459"}],"wp:term":[{"taxonomy":"product_brand","embeddable":true,"href":"https:\/\/nordicmart.andreevmaster.com\/sv\/wp-json\/wp\/v2\/product_brand?post=12459"},{"taxonomy":"product_cat","embeddable":true,"href":"https:\/\/nordicmart.andreevmaster.com\/sv\/wp-json\/wp\/v2\/product_cat?post=12459"},{"taxonomy":"product_tag","embeddable":true,"href":"https:\/\/nordicmart.andreevmaster.com\/sv\/wp-json\/wp\/v2\/product_tag?post=12459"}],"curies":[{"name":"wp","href":"https:\/\/api.w.org\/{rel}","templated":true}]}}