{"id":12457,"date":"2026-02-27T00:14:07","date_gmt":"2026-02-27T00:14:07","guid":{"rendered":"https:\/\/nordicmart.andreevmaster.com\/product\/songmics-smyckeskrin-i-konstlader-vitt\/"},"modified":"2026-02-27T08:08:14","modified_gmt":"2026-02-27T08:08:14","slug":"songmics-smyckeskrin-i-konstlader-vitt","status":"publish","type":"product","link":"https:\/\/nordicmart.andreevmaster.com\/sv\/produkt\/songmics-smyckeskrin-i-konstlader-vitt\/","title":{"rendered":"SONGMICS smyckeskrin i konstl\u00e4der, vitt"},"content":{"rendered":"<p>Irriterar det dig att dina halsband alltid trasslar ihop sig och att dina ringar ligger och skr\u00e4par n\u00e5gonstans i l\u00e4genheten? D\u00e5 \u00e4r det dags att skaffa denna eleganta smyckesorganiserare fr\u00e5n SONGMICS f\u00f6r att f\u00f6rvara dina v\u00e4rdefulla smycken p\u00e5 ett ordnat s\u00e4tt.&nbsp;Skyddar alla dina accessoarerDenna smyckeskrin har m\u00e5nga fack f\u00f6r olika smycken och ser till att dina armband, ringar, \u00f6rh\u00e4ngen, halsband etc. kan f\u00f6rvaras s\u00e4kert. Det mjuka sammetfodret skyddar dina smycken fr\u00e5n repor och andra skador.&nbsp;Om dina v\u00e4ninnor ocks\u00e5 \u00e4r smyckes\u00e4lskare skulle en s\u00e5dan h\u00e4r l\u00e5da vara en perfekt present, eller hur?Produktdetaljer:- F\u00e4rg: Vit- Material: PU, MDF (medeldensitetsfiberplatta), sammet- Produktstorlek: 26 x 18 x 17 cm (L x B x H) &#8211; Storlek p\u00e5 minil\u00e5dan: 14 x 9 x 3,5 cm (L x B x H) &#8211; Vikt: 1,8 kg&nbsp;Leveransomfattning: &#8211; 1 x smyckeskrin &#8211; 2 x nycklar &#8211; Smyckena som visas p\u00e5 bilderna ing\u00e5r inte i leveransen<\/p>\n","protected":false},"excerpt":{"rendered":"<p>SONGMICS smyckeskrin, smyckeskrin med 2 l\u00e5dor, l\u00e5sbart, med spegel, avtagbar resebox, f\u00f6r ringar, armband, \u00f6rh\u00e4ngen, halsband, samtfoder, som present, svart JBC121B<\/p>\n","protected":false},"featured_media":40692,"comment_status":"open","ping_status":"closed","template":"","meta":[],"product_brand":[],"product_cat":[33],"product_tag":[],"class_list":{"0":"post-12457","1":"product","2":"type-product","3":"status-publish","4":"has-post-thumbnail","6":"product_cat-okategoriserad","8":"first","9":"instock","10":"shipping-taxable","11":"purchasable","12":"product-type-simple"},"_links":{"self":[{"href":"https:\/\/nordicmart.andreevmaster.com\/sv\/wp-json\/wp\/v2\/product\/12457","targetHints":{"allow":["GET"]}}],"collection":[{"href":"https:\/\/nordicmart.andreevmaster.com\/sv\/wp-json\/wp\/v2\/product"}],"about":[{"href":"https:\/\/nordicmart.andreevmaster.com\/sv\/wp-json\/wp\/v2\/types\/product"}],"replies":[{"embeddable":true,"href":"https:\/\/nordicmart.andreevmaster.com\/sv\/wp-json\/wp\/v2\/comments?post=12457"}],"wp:featuredmedia":[{"embeddable":true,"href":"https:\/\/nordicmart.andreevmaster.com\/sv\/wp-json\/wp\/v2\/media\/40692"}],"wp:attachment":[{"href":"https:\/\/nordicmart.andreevmaster.com\/sv\/wp-json\/wp\/v2\/media?parent=12457"}],"wp:term":[{"taxonomy":"product_brand","embeddable":true,"href":"https:\/\/nordicmart.andreevmaster.com\/sv\/wp-json\/wp\/v2\/product_brand?post=12457"},{"taxonomy":"product_cat","embeddable":true,"href":"https:\/\/nordicmart.andreevmaster.com\/sv\/wp-json\/wp\/v2\/product_cat?post=12457"},{"taxonomy":"product_tag","embeddable":true,"href":"https:\/\/nordicmart.andreevmaster.com\/sv\/wp-json\/wp\/v2\/product_tag?post=12457"}],"curies":[{"name":"wp","href":"https:\/\/api.w.org\/{rel}","templated":true}]}}